{"id":2601,"date":"2020-03-30T15:07:21","date_gmt":"2020-03-30T15:07:21","guid":{"rendered":"http:\/\/www.zracakoblacak.com\/?page_id=2601"},"modified":"2022-07-20T18:06:18","modified_gmt":"2022-07-20T18:06:18","slug":"shop","status":"publish","type":"page","link":"https:\/\/www.zracakoblacak.com\/sl\/shop\/","title":{"rendered":"SHOP"},"content":{"rendered":"<div data-elementor-type=\"wp-page\" data-elementor-id=\"2601\" class=\"elementor elementor-2601\">\n\t\t\t\t\t\t<section class=\"elementor-section elementor-top-section elementor-element elementor-element-7d23ee2 elementor-section-boxed elementor-section-height-default elementor-section-height-default\" data-id=\"7d23ee2\" data-element_type=\"section\">\n\t\t\t\t\t\t<div class=\"elementor-container elementor-column-gap-default\">\n\t\t\t\t\t<div class=\"elementor-column elementor-col-100 elementor-top-column elementor-element elementor-element-8fe9d21\" data-id=\"8fe9d21\" data-element_type=\"column\">\n\t\t\t<div class=\"elementor-widget-wrap elementor-element-populated\">\n\t\t\t\t\t\t<div class=\"elementor-element elementor-element-ee62b23 elementor-widget elementor-widget-text-editor\" data-id=\"ee62b23\" data-element_type=\"widget\" data-widget_type=\"text-editor.default\">\n\t\t\t\t<div class=\"elementor-widget-container\">\n\t\t\t\t\t\t\t\t\t<h2>Izrada poruka u bo\u010dici po va\u0161oj \u017eelji.<\/h2>\n<h2>Mo\u017eete birati priveske, siluete, poruke, dodatke&#8230;<\/h2>\n<h2>Pi\u0161ite na info@zracakoblacak.com<\/h2>\t\t\t\t\t\t\t\t<\/div>\n\t\t\t\t<\/div>\n\t\t\t\t\t<\/div>\n\t\t<\/div>\n\t\t\t\t\t<\/div>\n\t\t<\/section>\n\t\t\t\t<\/div>","protected":false},"excerpt":{"rendered":"<p>Izrada poruka u bo\u010dici po va\u0161oj \u017eelji. Mo\u017eete birati priveske, siluete, poruke, dodatke&#8230; Pi\u0161ite na info@zracakoblacak.com<\/p>","protected":false},"author":1,"featured_media":3410,"parent":0,"menu_order":0,"comment_status":"closed","ping_status":"closed","template":"elementor_header_footer","meta":{"ngg_post_thumbnail":0,"footnotes":""},"class_list":["post-2601","page","type-page","status-publish","has-post-thumbnail","hentry"],"jetpack_sharing_enabled":true,"_links":{"self":[{"href":"https:\/\/www.zracakoblacak.com\/sl\/wp-json\/wp\/v2\/pages\/2601","targetHints":{"allow":["GET"]}}],"collection":[{"href":"https:\/\/www.zracakoblacak.com\/sl\/wp-json\/wp\/v2\/pages"}],"about":[{"href":"https:\/\/www.zracakoblacak.com\/sl\/wp-json\/wp\/v2\/types\/page"}],"author":[{"embeddable":true,"href":"https:\/\/www.zracakoblacak.com\/sl\/wp-json\/wp\/v2\/users\/1"}],"replies":[{"embeddable":true,"href":"https:\/\/www.zracakoblacak.com\/sl\/wp-json\/wp\/v2\/comments?post=2601"}],"version-history":[{"count":18,"href":"https:\/\/www.zracakoblacak.com\/sl\/wp-json\/wp\/v2\/pages\/2601\/revisions"}],"predecessor-version":[{"id":4903,"href":"https:\/\/www.zracakoblacak.com\/sl\/wp-json\/wp\/v2\/pages\/2601\/revisions\/4903"}],"wp:featuredmedia":[{"embeddable":true,"href":"https:\/\/www.zracakoblacak.com\/sl\/wp-json\/wp\/v2\/media\/3410"}],"wp:attachment":[{"href":"https:\/\/www.zracakoblacak.com\/sl\/wp-json\/wp\/v2\/media?parent=2601"}],"curies":[{"name":"wp","href":"https:\/\/api.w.org\/{rel}","templated":true}]}}