{"id":52,"date":"2019-12-18T22:23:29","date_gmt":"2019-12-18T22:23:29","guid":{"rendered":"http:\/\/zracakoblacak.com\/about-us2\/"},"modified":"2020-08-08T21:41:51","modified_gmt":"2020-08-08T21:41:51","slug":"ko-sam-ja","status":"publish","type":"page","link":"https:\/\/www.zracakoblacak.com\/sl\/ko-sam-ja\/","title":{"rendered":"Kdo sem JAZ?"},"content":{"rendered":"<div data-elementor-type=\"wp-page\" data-elementor-id=\"52\" class=\"elementor elementor-52\">\n\t\t\t\t\t\t<section class=\"elementor-section elementor-top-section elementor-element elementor-element-282e54ff elementor-section-boxed elementor-section-height-default elementor-section-height-default\" data-id=\"282e54ff\" data-element_type=\"section\">\n\t\t\t\t\t\t<div class=\"elementor-container elementor-column-gap-default\">\n\t\t\t\t\t<div class=\"elementor-column elementor-col-100 elementor-top-column elementor-element elementor-element-15b5ea9c\" data-id=\"15b5ea9c\" data-element_type=\"column\">\n\t\t\t<div class=\"elementor-widget-wrap elementor-element-populated\">\n\t\t\t\t\t\t<div class=\"elementor-element elementor-element-5a9ccb2e elementor-widget elementor-widget-text-editor\" data-id=\"5a9ccb2e\" data-element_type=\"widget\" data-widget_type=\"text-editor.default\">\n\t\t\t\t<div class=\"elementor-widget-container\">\n\t\t\t\t\t\t\t\t\t<div class=\"ttr_about-us2_html_row0 row\"><div class=\"post_column col-lg-6 col-md-12 col-sm-12 col-xs-12\"><div class=\"ttr_about-us2_html_column00\"><div style=\"height: 0px; width: 0px; overflow: hidden; -webkit-margin-top-collapse: separate;\">\u00a0<\/div><div class=\"html_content\"><p style=\"line-height: 1.49142857142857;\">\u00a0 Sa ove strane ekrana je savr\u0161eno nesavr\u0161eni realni pesimista. Osoba koja voli obi\u010dno neobi\u010dne stvari.<br \/>O tim stvarima \u0107e vam pisati, deli\u0107e raznovrsne ideje i male projekte sa vama.<\/p><p style=\"line-height: 1.49142857142857;\">Potrudi\u0107e se da vam ponudi obi\u010dno neobi\u010dne drangulije, koje \u0107e, veruje, razveseliti vas ili va\u0161e prijatelje.<\/p><p style=\"line-height: 1.49142857142857;\">Budite ZRA\u010cAK nekom OBLA\u010cKU!<\/p><\/div><\/div><\/div><\/div>\t\t\t\t\t\t\t\t<\/div>\n\t\t\t\t<\/div>\n\t\t\t\t\t<\/div>\n\t\t<\/div>\n\t\t\t\t\t<\/div>\n\t\t<\/section>\n\t\t\t\t<section class=\"elementor-section elementor-top-section elementor-element elementor-element-bd209f8 elementor-section-boxed elementor-section-height-default elementor-section-height-default\" data-id=\"bd209f8\" data-element_type=\"section\">\n\t\t\t\t\t\t<div class=\"elementor-container elementor-column-gap-default\">\n\t\t\t\t\t<div class=\"elementor-column elementor-col-100 elementor-top-column elementor-element elementor-element-a5f18bc\" data-id=\"a5f18bc\" data-element_type=\"column\">\n\t\t\t<div class=\"elementor-widget-wrap elementor-element-populated\">\n\t\t\t\t\t\t<div class=\"elementor-element elementor-element-de688b8 elementor-align-center elementor-widget elementor-widget-button\" data-id=\"de688b8\" data-element_type=\"widget\" data-widget_type=\"button.default\">\n\t\t\t\t<div class=\"elementor-widget-container\">\n\t\t\t\t\t\t\t\t\t<div class=\"elementor-button-wrapper\">\n\t\t\t\t\t<a class=\"elementor-button elementor-button-link elementor-size-sm\" href=\"https:\/\/www.zracakoblacak.com\/sl\/o-meni\/\">\n\t\t\t\t\t\t<span class=\"elementor-button-content-wrapper\">\n\t\t\t\t\t\t\t\t\t<span class=\"elementor-button-text\">Saznaj vi\u0161e<\/span>\n\t\t\t\t\t<\/span>\n\t\t\t\t\t<\/a>\n\t\t\t\t<\/div>\n\t\t\t\t\t\t\t\t<\/div>\n\t\t\t\t<\/div>\n\t\t\t\t\t<\/div>\n\t\t<\/div>\n\t\t\t\t\t<\/div>\n\t\t<\/section>\n\t\t\t\t<\/div>","protected":false},"excerpt":{"rendered":"<p>\u00a0 \u00a0 Sa ove strane ekrana je savr\u0161eno nesavr\u0161eni realni pesimista. Osoba koja voli obi\u010dno neobi\u010dne stvari.O tim stvarima \u0107e vam pisati, deli\u0107e raznovrsne ideje i male projekte sa vama. Potrudi\u0107e se da vam ponudi obi\u010dno neobi\u010dne drangulije, koje \u0107e, veruje, razveseliti vas ili va\u0161e prijatelje. Budite ZRA\u010cAK nekom OBLA\u010cKU! Saznaj vi\u0161e<\/p>","protected":false},"author":1,"featured_media":0,"parent":0,"menu_order":2,"comment_status":"closed","ping_status":"closed","template":"elementor_header_footer","meta":{"ngg_post_thumbnail":0,"footnotes":""},"class_list":["post-52","page","type-page","status-publish","hentry"],"jetpack_sharing_enabled":true,"_links":{"self":[{"href":"https:\/\/www.zracakoblacak.com\/sl\/wp-json\/wp\/v2\/pages\/52","targetHints":{"allow":["GET"]}}],"collection":[{"href":"https:\/\/www.zracakoblacak.com\/sl\/wp-json\/wp\/v2\/pages"}],"about":[{"href":"https:\/\/www.zracakoblacak.com\/sl\/wp-json\/wp\/v2\/types\/page"}],"author":[{"embeddable":true,"href":"https:\/\/www.zracakoblacak.com\/sl\/wp-json\/wp\/v2\/users\/1"}],"replies":[{"embeddable":true,"href":"https:\/\/www.zracakoblacak.com\/sl\/wp-json\/wp\/v2\/comments?post=52"}],"version-history":[{"count":19,"href":"https:\/\/www.zracakoblacak.com\/sl\/wp-json\/wp\/v2\/pages\/52\/revisions"}],"predecessor-version":[{"id":3785,"href":"https:\/\/www.zracakoblacak.com\/sl\/wp-json\/wp\/v2\/pages\/52\/revisions\/3785"}],"wp:attachment":[{"href":"https:\/\/www.zracakoblacak.com\/sl\/wp-json\/wp\/v2\/media?parent=52"}],"curies":[{"name":"wp","href":"https:\/\/api.w.org\/{rel}","templated":true}]}}