{"id":2664,"date":"2020-04-15T20:26:44","date_gmt":"2020-04-15T20:26:44","guid":{"rendered":"http:\/\/www.zracakoblacak.com\/?post_type=product&#038;p=2664"},"modified":"2023-06-05T07:08:16","modified_gmt":"2023-06-05T07:08:16","slug":"you-are-my-anchor","status":"publish","type":"product","link":"https:\/\/www.zracakoblacak.com\/sl\/shop\/bocice\/ljubav\/you-are-my-anchor\/","title":{"rendered":"You are my anchor"},"content":{"rendered":"<h2>Poruka u bo\u010dici &#8211; &#8222;You are my anchor&#8220;<\/h2>\n<h3>Material: steklo<\/h3>\n<h3>Obesek: sidro<\/h3>\n<h3>Dimenzije: 30 mm x 70 mm<\/h3>\n<h4>Sidro je simbol stabilnosti, \u010dvrstine, ja\u010dine, uzemljenosti, sigurnosti i nade.<\/h4>\n<h4>Dragoj osobi poka\u017eite da je ba\u0161 ona va\u0161e sidro, da vas dr\u017ei sigurnim i jakim, da je ona va\u0161 najve\u0107i oslonac.<\/h4>\n<h4>\u010ce \u017eelite prebrati ve\u010d o simbolu sidra, preberite naslednji <a href=\"https:\/\/www.zracakoblacak.com\/sl\/simbol-sidra\/\" target=\"_blank\" rel=\"noopener noreferrer\">\u010dlanek.<\/a><\/h4>","protected":false},"excerpt":{"rendered":"<h3>Razveselite va\u0161e najdra\u017eje na originalni na\u010din \u2013 s sporo\u010dilom v stekleni\u010dki!<\/h3>\n<h1>&#8222;You are my anchor&#8220;<\/h1>\n<h3>Sidro je simbol stabilnosti, \u010dvrstine, ja\u010dine, uzemljenosti, sigurnosti i nade.<\/h3>\n<h3>Dragoj osobi poka\u017eite da je ba\u0161 ona va\u0161e sidro, da vas dr\u017ei sigurnim i jakim, da je ona va\u0161 najve\u0107i oslonac.<\/h3>\n<p>&nbsp;<\/p>","protected":false},"featured_media":4697,"comment_status":"open","ping_status":"closed","template":"","meta":{"ngg_post_thumbnail":0},"product_brand":[],"product_cat":[105,88,89,94],"product_tag":[],"class_list":{"0":"post-2664","1":"product","2":"type-product","3":"status-publish","4":"has-post-thumbnail","6":"product_cat-bocice","7":"product_cat-ljubav","8":"product_cat-prijateljstvo","9":"product_cat-porodica","11":"first","12":"instock","13":"purchasable","14":"product-type-simple"},"jetpack_sharing_enabled":true,"_links":{"self":[{"href":"https:\/\/www.zracakoblacak.com\/sl\/wp-json\/wp\/v2\/product\/2664","targetHints":{"allow":["GET"]}}],"collection":[{"href":"https:\/\/www.zracakoblacak.com\/sl\/wp-json\/wp\/v2\/product"}],"about":[{"href":"https:\/\/www.zracakoblacak.com\/sl\/wp-json\/wp\/v2\/types\/product"}],"replies":[{"embeddable":true,"href":"https:\/\/www.zracakoblacak.com\/sl\/wp-json\/wp\/v2\/comments?post=2664"}],"wp:featuredmedia":[{"embeddable":true,"href":"https:\/\/www.zracakoblacak.com\/sl\/wp-json\/wp\/v2\/media\/4697"}],"wp:attachment":[{"href":"https:\/\/www.zracakoblacak.com\/sl\/wp-json\/wp\/v2\/media?parent=2664"}],"wp:term":[{"taxonomy":"product_brand","embeddable":true,"href":"https:\/\/www.zracakoblacak.com\/sl\/wp-json\/wp\/v2\/product_brand?post=2664"},{"taxonomy":"product_cat","embeddable":true,"href":"https:\/\/www.zracakoblacak.com\/sl\/wp-json\/wp\/v2\/product_cat?post=2664"},{"taxonomy":"product_tag","embeddable":true,"href":"https:\/\/www.zracakoblacak.com\/sl\/wp-json\/wp\/v2\/product_tag?post=2664"}],"curies":[{"name":"wp","href":"https:\/\/api.w.org\/{rel}","templated":true}]}}