{"id":2667,"date":"2020-04-15T20:49:14","date_gmt":"2020-04-15T20:49:14","guid":{"rendered":"http:\/\/www.zracakoblacak.com\/?post_type=product&#038;p=2667"},"modified":"2023-06-05T07:09:08","modified_gmt":"2023-06-05T07:09:08","slug":"live-in-my-heart","status":"publish","type":"product","link":"https:\/\/www.zracakoblacak.com\/sl\/shop\/bocice\/ljubav\/live-in-my-heart\/","title":{"rendered":"Come live in my heart and never leave"},"content":{"rendered":"<h2>Poruka u boci &#8211; &#8222;Come live in my heart and never leave&#8220;<\/h2>\n<h3>Material: steklo<\/h3>\n<h3>Privezak: srce par<\/h3>\n<h3>Dimenzije: 30 mm x 70 mm<\/h3>\n<h4>Ena nenavadna ideja za izjavljanje ljubezni. Simpati\u010dno sporo\u010dilo za vse zaljubljene.<\/h4>\n<p>&nbsp;<\/p>","protected":false},"excerpt":{"rendered":"<h3>Razveselite va\u0161e najdra\u017eje na originalni na\u010din \u2013 s sporo\u010dilom v stekleni\u010dki!<\/h3>\n<h1>&#8222;Come live in my heart and never leave&#8220;<\/h1>\n<h3>Ena nenavadna ideja za izjavljanje ljubezni. Simpati\u010dno sporo\u010dilo za vse zaljubljene.<\/h3>","protected":false},"featured_media":3629,"comment_status":"open","ping_status":"closed","template":"","meta":{"ngg_post_thumbnail":0},"product_brand":[],"product_cat":[105,88],"product_tag":[],"class_list":{"0":"post-2667","1":"product","2":"type-product","3":"status-publish","4":"has-post-thumbnail","6":"product_cat-bocice","7":"product_cat-ljubav","9":"first","10":"instock","11":"shipping-taxable","12":"purchasable","13":"product-type-simple"},"jetpack_sharing_enabled":true,"_links":{"self":[{"href":"https:\/\/www.zracakoblacak.com\/sl\/wp-json\/wp\/v2\/product\/2667","targetHints":{"allow":["GET"]}}],"collection":[{"href":"https:\/\/www.zracakoblacak.com\/sl\/wp-json\/wp\/v2\/product"}],"about":[{"href":"https:\/\/www.zracakoblacak.com\/sl\/wp-json\/wp\/v2\/types\/product"}],"replies":[{"embeddable":true,"href":"https:\/\/www.zracakoblacak.com\/sl\/wp-json\/wp\/v2\/comments?post=2667"}],"wp:featuredmedia":[{"embeddable":true,"href":"https:\/\/www.zracakoblacak.com\/sl\/wp-json\/wp\/v2\/media\/3629"}],"wp:attachment":[{"href":"https:\/\/www.zracakoblacak.com\/sl\/wp-json\/wp\/v2\/media?parent=2667"}],"wp:term":[{"taxonomy":"product_brand","embeddable":true,"href":"https:\/\/www.zracakoblacak.com\/sl\/wp-json\/wp\/v2\/product_brand?post=2667"},{"taxonomy":"product_cat","embeddable":true,"href":"https:\/\/www.zracakoblacak.com\/sl\/wp-json\/wp\/v2\/product_cat?post=2667"},{"taxonomy":"product_tag","embeddable":true,"href":"https:\/\/www.zracakoblacak.com\/sl\/wp-json\/wp\/v2\/product_tag?post=2667"}],"curies":[{"name":"wp","href":"https:\/\/api.w.org\/{rel}","templated":true}]}}