{"id":2668,"date":"2020-04-15T21:02:27","date_gmt":"2020-04-15T21:02:27","guid":{"rendered":"http:\/\/www.zracakoblacak.com\/?post_type=product&#038;p=2668"},"modified":"2023-06-05T07:10:32","modified_gmt":"2023-06-05T07:10:32","slug":"do-you-love-me","status":"publish","type":"product","link":"https:\/\/www.zracakoblacak.com\/sl\/shop\/bocice\/ljubav\/do-you-love-me\/","title":{"rendered":"Do you love me?"},"content":{"rendered":"<h1>Poruka u boci &#8211; &#8222;Do you love me? a) yes b) a c) b&#8220;<\/h1>\n<h3>Material: steklo<\/h3>\n<h3>Dimenzije: 20 mm x 75 mm<\/h3>\n<h4>\u017delite \u010duti odgovor na &#8222;osetljivo&#8220; pitanje, a da sa sigurno\u0161\u0107u znate da \u0107e bilo koji odgovor biti pravi? Ovo je onda poruka za vas!<\/h4>","protected":false},"excerpt":{"rendered":"<h3>Razveselite va\u0161e najdra\u017eje na originalni na\u010din \u2013 s sporo\u010dilom v stekleni\u010dki!<\/h3>\n<h1>&#8222;Do you love me? a) yes b) a c) b&#8220;<\/h1>\n<h3>\u017delite \u010duti odgovor na &#8222;osetljivo&#8220; pitanje, a da sa sigurno\u0161\u0107u znate da \u0107e bilo koji odgovor biti pravi? Ovo je onda poruka za vas!<\/h3>","protected":false},"featured_media":3630,"comment_status":"open","ping_status":"closed","template":"","meta":{"ngg_post_thumbnail":0},"product_brand":[],"product_cat":[105,88,90],"product_tag":[],"class_list":{"0":"post-2668","1":"product","2":"type-product","3":"status-publish","4":"has-post-thumbnail","6":"product_cat-bocice","7":"product_cat-ljubav","8":"product_cat-zabava","10":"first","11":"instock","12":"shipping-taxable","13":"purchasable","14":"product-type-simple"},"jetpack_sharing_enabled":true,"_links":{"self":[{"href":"https:\/\/www.zracakoblacak.com\/sl\/wp-json\/wp\/v2\/product\/2668","targetHints":{"allow":["GET"]}}],"collection":[{"href":"https:\/\/www.zracakoblacak.com\/sl\/wp-json\/wp\/v2\/product"}],"about":[{"href":"https:\/\/www.zracakoblacak.com\/sl\/wp-json\/wp\/v2\/types\/product"}],"replies":[{"embeddable":true,"href":"https:\/\/www.zracakoblacak.com\/sl\/wp-json\/wp\/v2\/comments?post=2668"}],"wp:featuredmedia":[{"embeddable":true,"href":"https:\/\/www.zracakoblacak.com\/sl\/wp-json\/wp\/v2\/media\/3630"}],"wp:attachment":[{"href":"https:\/\/www.zracakoblacak.com\/sl\/wp-json\/wp\/v2\/media?parent=2668"}],"wp:term":[{"taxonomy":"product_brand","embeddable":true,"href":"https:\/\/www.zracakoblacak.com\/sl\/wp-json\/wp\/v2\/product_brand?post=2668"},{"taxonomy":"product_cat","embeddable":true,"href":"https:\/\/www.zracakoblacak.com\/sl\/wp-json\/wp\/v2\/product_cat?post=2668"},{"taxonomy":"product_tag","embeddable":true,"href":"https:\/\/www.zracakoblacak.com\/sl\/wp-json\/wp\/v2\/product_tag?post=2668"}],"curies":[{"name":"wp","href":"https:\/\/api.w.org\/{rel}","templated":true}]}}