{"id":2675,"date":"2020-04-17T21:23:31","date_gmt":"2020-04-17T21:23:31","guid":{"rendered":"http:\/\/www.zracakoblacak.com\/?post_type=product&#038;p=2675"},"modified":"2023-06-05T07:09:48","modified_gmt":"2023-06-05T07:09:48","slug":"i-found-my-penguin","status":"publish","type":"product","link":"https:\/\/www.zracakoblacak.com\/sl\/shop\/bocice\/ljubav\/i-found-my-penguin\/","title":{"rendered":"I found my penguin"},"content":{"rendered":"<h2>Poruka u boci &#8211; &#8222;I found my penguin&#8220;<\/h2>\n<h3>Material: steklo<\/h3>\n<h3>Dimenzije: 20 x 75 mm<\/h3>\n<h4>Pingvini su jako romanti\u010dne \u017eivotinje. U njihovom svetu, \u0161tapi\u0107i i kamenje ne slu\u017ee kao &#8222;borbeno&#8220; oru\u0111e, ve\u0107 su simboli ljubavi. \u0160tapi\u0107i krase gnezda u kojima odgajaju svoje mladunce, a kamen\u010di\u0107e mu\u017ejaci pa\u017eljivo biraju, pretra\u017euju\u0107i nekada celu pla\u017eu da bi ih doneli \u017eenki. Ako je zadovoljna, stavlja kamen u svoje gnezdo. Moglo bi se re\u0107i da je to nekakav \u010din prosidbe. Verni su i odani.<\/h4>\n<h4>Ako ste na\u0161li svog pingvina, \u010destitam! \ud83d\ude42<\/h4>","protected":false},"excerpt":{"rendered":"<h3>Razveselite va\u0161e najdra\u017eje na originalni na\u010din \u2013 s sporo\u010dilom v stekleni\u010dki!<\/h3>\n<h1>&#8222;I found my penguin&#8220;<\/h1>\n<h3>Ako ste na\u0161li svog pingvina, \u010destitam! \ud83d\ude42<\/h3>","protected":false},"featured_media":3767,"comment_status":"open","ping_status":"closed","template":"","meta":{"ngg_post_thumbnail":0},"product_brand":[],"product_cat":[105,88,90],"product_tag":[],"class_list":{"0":"post-2675","1":"product","2":"type-product","3":"status-publish","4":"has-post-thumbnail","6":"product_cat-bocice","7":"product_cat-ljubav","8":"product_cat-zabava","10":"first","11":"instock","12":"purchasable","13":"product-type-simple"},"jetpack_sharing_enabled":true,"_links":{"self":[{"href":"https:\/\/www.zracakoblacak.com\/sl\/wp-json\/wp\/v2\/product\/2675","targetHints":{"allow":["GET"]}}],"collection":[{"href":"https:\/\/www.zracakoblacak.com\/sl\/wp-json\/wp\/v2\/product"}],"about":[{"href":"https:\/\/www.zracakoblacak.com\/sl\/wp-json\/wp\/v2\/types\/product"}],"replies":[{"embeddable":true,"href":"https:\/\/www.zracakoblacak.com\/sl\/wp-json\/wp\/v2\/comments?post=2675"}],"wp:featuredmedia":[{"embeddable":true,"href":"https:\/\/www.zracakoblacak.com\/sl\/wp-json\/wp\/v2\/media\/3767"}],"wp:attachment":[{"href":"https:\/\/www.zracakoblacak.com\/sl\/wp-json\/wp\/v2\/media?parent=2675"}],"wp:term":[{"taxonomy":"product_brand","embeddable":true,"href":"https:\/\/www.zracakoblacak.com\/sl\/wp-json\/wp\/v2\/product_brand?post=2675"},{"taxonomy":"product_cat","embeddable":true,"href":"https:\/\/www.zracakoblacak.com\/sl\/wp-json\/wp\/v2\/product_cat?post=2675"},{"taxonomy":"product_tag","embeddable":true,"href":"https:\/\/www.zracakoblacak.com\/sl\/wp-json\/wp\/v2\/product_tag?post=2675"}],"curies":[{"name":"wp","href":"https:\/\/api.w.org\/{rel}","templated":true}]}}