{"id":2682,"date":"2020-04-18T15:19:16","date_gmt":"2020-04-18T15:19:16","guid":{"rendered":"http:\/\/www.zracakoblacak.com\/?post_type=product&#038;p=2682"},"modified":"2023-06-05T07:10:51","modified_gmt":"2023-06-05T07:10:51","slug":"make-a-wish","status":"publish","type":"product","link":"https:\/\/www.zracakoblacak.com\/sl\/shop\/bocice\/ljubav\/make-a-wish\/","title":{"rendered":"Make a wish"},"content":{"rendered":"<h2>Poruka u boci &#8211; &#8222;Make a wish&#8220;<\/h2>\n<h3>Material: steklo<\/h3>\n<h3>Dimenzije: 20 x 75 mm<\/h3>\n<h4>Ne postoji osoba koja nema nijednu \u017eelju. Neke \u017eelje su &#8222;velike&#8220; i va\u017ene, neke tajne, a neke &#8222;male&#8220;. Svi \u017eelimo da se nama i na\u0161im dragim ljudima ostvari \u0161to vi\u0161e \u017eelja.<\/h4>","protected":false},"excerpt":{"rendered":"<h3>Razveselite sebe ali svoje najdra\u017eje na originalni na\u010din \u2013 s sporo\u010dilom v stekleni\u010dki!<\/h3>\n<h1>&#8222;Make a wish&#8220;<\/h1>\n<h3>Ne postoji osoba koja nema nijednu \u017eelju. Neke \u017eelje su &#8222;velike&#8220; i va\u017ene, neke tajne, a neke &#8222;male&#8220;. Svi \u017eelimo da se nama i na\u0161im dragim ljudima ostvari \u0161to vi\u0161e \u017eelja.<\/h3>","protected":false},"featured_media":4698,"comment_status":"open","ping_status":"closed","template":"","meta":{"ngg_post_thumbnail":0},"product_brand":[],"product_cat":[105,88,89,91,95],"product_tag":[],"class_list":{"0":"post-2682","1":"product","2":"type-product","3":"status-publish","4":"has-post-thumbnail","6":"product_cat-bocice","7":"product_cat-ljubav","8":"product_cat-prijateljstvo","9":"product_cat-cestitke","10":"product_cat-motivacija","12":"first","13":"instock","14":"shipping-taxable","15":"purchasable","16":"product-type-simple"},"jetpack_sharing_enabled":true,"_links":{"self":[{"href":"https:\/\/www.zracakoblacak.com\/sl\/wp-json\/wp\/v2\/product\/2682","targetHints":{"allow":["GET"]}}],"collection":[{"href":"https:\/\/www.zracakoblacak.com\/sl\/wp-json\/wp\/v2\/product"}],"about":[{"href":"https:\/\/www.zracakoblacak.com\/sl\/wp-json\/wp\/v2\/types\/product"}],"replies":[{"embeddable":true,"href":"https:\/\/www.zracakoblacak.com\/sl\/wp-json\/wp\/v2\/comments?post=2682"}],"wp:featuredmedia":[{"embeddable":true,"href":"https:\/\/www.zracakoblacak.com\/sl\/wp-json\/wp\/v2\/media\/4698"}],"wp:attachment":[{"href":"https:\/\/www.zracakoblacak.com\/sl\/wp-json\/wp\/v2\/media?parent=2682"}],"wp:term":[{"taxonomy":"product_brand","embeddable":true,"href":"https:\/\/www.zracakoblacak.com\/sl\/wp-json\/wp\/v2\/product_brand?post=2682"},{"taxonomy":"product_cat","embeddable":true,"href":"https:\/\/www.zracakoblacak.com\/sl\/wp-json\/wp\/v2\/product_cat?post=2682"},{"taxonomy":"product_tag","embeddable":true,"href":"https:\/\/www.zracakoblacak.com\/sl\/wp-json\/wp\/v2\/product_tag?post=2682"}],"curies":[{"name":"wp","href":"https:\/\/api.w.org\/{rel}","templated":true}]}}