{"id":2685,"date":"2020-04-18T16:02:03","date_gmt":"2020-04-18T16:02:03","guid":{"rendered":"http:\/\/www.zracakoblacak.com\/?post_type=product&#038;p=2685"},"modified":"2023-06-05T07:11:30","modified_gmt":"2023-06-05T07:11:30","slug":"black-rose","status":"publish","type":"product","link":"https:\/\/www.zracakoblacak.com\/sl\/shop\/bocice\/ljubav\/black-rose\/","title":{"rendered":"Black rose &#8211; secret message"},"content":{"rendered":"<h2>Poruka u boci &#8211; &#8222;Black rose &#8211; secret message&#8220;<\/h2>\n<h3>Material: steklo<\/h3>\n<h3>Dimenzije: 20 x 75 mm<\/h3>\n<h4>Ru\u017ea za ve\u0107inu ljudi predstavlja najja\u010di i najlep\u0161i simbol ljubavi i romantike. U zavisnosti od boje i mirisa, ovaj cvet poklanjamo kada \u017eelimo da ostavimo najbolji mogu\u0107i utisak.<\/h4>\n<h4>Naj\u010de\u0161\u0107e se crna ru\u017ea povezuje sa tragedijom, smr\u0107u, izgubljenom ljubavlju&#8230; Ali&#8230; Ja vam je predstavljam malo druga\u010dije&#8230; Crna ru\u017ea je elegantna, uzvi\u0161ena i jako retka. Crna ru\u017ea je zapravo crvena ru\u017ea, koja svoju boju menja zahvaljuju\u0107i svojstvima tla koja se nalaze samo u jednom malom turskom selu Halfetiju. &#8222;Karagul&#8220; ima cvet izuzetno tamne bordo nijanse, a tokom leta, zbog posebnih podzemnih voda reke Eufrat i teksture zemlji\u0161ta, postaje u potpunosti crn.<\/h4>\n<h4>Zato, pokloniv\u0161i nekome crnu ru\u017eu, pokazujete mu duboku predanost i ljubav posebnu i retku, ba\u0161 kao \u0161to je i ona sama.<\/h4>","protected":false},"excerpt":{"rendered":"<h3>Razveselite va\u0161e najdra\u017eje na originalni na\u010din \u2013 s sporo\u010dilom v stekleni\u010dki!<\/h3>\n<h2>&#8222;Black rose &#8211; secret message&#8220;<\/h2>\n<h3>Ru\u017ea za ve\u0107inu ljudi predstavlja najja\u010di i najlep\u0161i simbol ljubavi i romantike. U zavisnosti od boje i mirisa, ovaj cvet poklanjamo kada \u017eelimo da ostavimo najbolji mogu\u0107i utisak.<\/h3>\n<h3>Pokloniv\u0161i nekome crnu ru\u017eu, pokazujete mu duboku predanost i ljubav posebnu i retku, ba\u0161 kao \u0161to je i ona sama.<\/h3>","protected":false},"featured_media":3642,"comment_status":"open","ping_status":"closed","template":"","meta":{"ngg_post_thumbnail":0},"product_brand":[],"product_cat":[105,88,91,92],"product_tag":[],"class_list":{"0":"post-2685","1":"product","2":"type-product","3":"status-publish","4":"has-post-thumbnail","6":"product_cat-bocice","7":"product_cat-ljubav","8":"product_cat-cestitke","9":"product_cat-vencanje","11":"first","12":"instock","13":"purchasable","14":"product-type-simple"},"jetpack_sharing_enabled":true,"_links":{"self":[{"href":"https:\/\/www.zracakoblacak.com\/sl\/wp-json\/wp\/v2\/product\/2685","targetHints":{"allow":["GET"]}}],"collection":[{"href":"https:\/\/www.zracakoblacak.com\/sl\/wp-json\/wp\/v2\/product"}],"about":[{"href":"https:\/\/www.zracakoblacak.com\/sl\/wp-json\/wp\/v2\/types\/product"}],"replies":[{"embeddable":true,"href":"https:\/\/www.zracakoblacak.com\/sl\/wp-json\/wp\/v2\/comments?post=2685"}],"wp:featuredmedia":[{"embeddable":true,"href":"https:\/\/www.zracakoblacak.com\/sl\/wp-json\/wp\/v2\/media\/3642"}],"wp:attachment":[{"href":"https:\/\/www.zracakoblacak.com\/sl\/wp-json\/wp\/v2\/media?parent=2685"}],"wp:term":[{"taxonomy":"product_brand","embeddable":true,"href":"https:\/\/www.zracakoblacak.com\/sl\/wp-json\/wp\/v2\/product_brand?post=2685"},{"taxonomy":"product_cat","embeddable":true,"href":"https:\/\/www.zracakoblacak.com\/sl\/wp-json\/wp\/v2\/product_cat?post=2685"},{"taxonomy":"product_tag","embeddable":true,"href":"https:\/\/www.zracakoblacak.com\/sl\/wp-json\/wp\/v2\/product_tag?post=2685"}],"curies":[{"name":"wp","href":"https:\/\/api.w.org\/{rel}","templated":true}]}}