{"id":2686,"date":"2020-04-18T16:25:33","date_gmt":"2020-04-18T16:25:33","guid":{"rendered":"http:\/\/www.zracakoblacak.com\/?post_type=product&#038;p=2686"},"modified":"2023-06-05T07:11:42","modified_gmt":"2023-06-05T07:11:42","slug":"red-rose-secret-message","status":"publish","type":"product","link":"https:\/\/www.zracakoblacak.com\/sl\/shop\/bocice\/ljubav\/red-rose-secret-message\/","title":{"rendered":"Red rose &#8211; secret message"},"content":{"rendered":"<h2>Poruka u boci &#8211; &#8222;Red rose &#8211; secret message&#8220;&nbsp;<\/h2>\n<h3>Material: steklo<\/h3>\n<h3>Dimenzije: 20 x75 mm<\/h3>\n<h4>Ru\u017ea za ve\u0107inu ljudi predstavlja najja\u010di i najlep\u0161i simbol ljubavi i romantike. U zavisnosti od boje i mirisa, ovaj cvet poklanjamo kada \u017eelimo da ostavimo najbolji mogu\u0107i utisak.<\/h4>\n<h4>Ru\u017ee crvene boje su simbol ljubavi i romantike, a ozna\u010davaju lepotu i savr\u0161enstvo. Poklanjaju se u znak po\u0161tovanja i kao \u010destitka za ne\u010diji uspeh.<\/h4>","protected":false},"excerpt":{"rendered":"<h3>Razveselite va\u0161e najdra\u017eje na originalni na\u010din \u2013 s sporo\u010dilom v stekleni\u010dki!<\/h3>\n<h1>&#8222;Red rose &#8211; secret message&#8220;&nbsp;<\/h1>\n<h3>Ru\u017ea za ve\u0107inu ljudi predstavlja najja\u010di i najlep\u0161i simbol ljubavi i romantike. U zavisnosti od boje i mirisa, ovaj cvet poklanjamo kada \u017eelimo da ostavimo najbolji mogu\u0107i utisak.<\/h3>\n<h3>Ru\u017ee crvene boje su simbol ljubavi i romantike, a ozna\u010davaju lepotu i savr\u0161enstvo. Poklanjaju se u znak po\u0161tovanja i kao \u010destitka za ne\u010diji uspeh.<\/h3>","protected":false},"featured_media":3644,"comment_status":"open","ping_status":"closed","template":"","meta":{"ngg_post_thumbnail":0},"product_brand":[],"product_cat":[105,88,89,94,91,92],"product_tag":[],"class_list":{"0":"post-2686","1":"product","2":"type-product","3":"status-publish","4":"has-post-thumbnail","6":"product_cat-bocice","7":"product_cat-ljubav","8":"product_cat-prijateljstvo","9":"product_cat-porodica","10":"product_cat-cestitke","11":"product_cat-vencanje","13":"first","14":"instock","15":"purchasable","16":"product-type-simple"},"jetpack_sharing_enabled":true,"_links":{"self":[{"href":"https:\/\/www.zracakoblacak.com\/sl\/wp-json\/wp\/v2\/product\/2686","targetHints":{"allow":["GET"]}}],"collection":[{"href":"https:\/\/www.zracakoblacak.com\/sl\/wp-json\/wp\/v2\/product"}],"about":[{"href":"https:\/\/www.zracakoblacak.com\/sl\/wp-json\/wp\/v2\/types\/product"}],"replies":[{"embeddable":true,"href":"https:\/\/www.zracakoblacak.com\/sl\/wp-json\/wp\/v2\/comments?post=2686"}],"wp:featuredmedia":[{"embeddable":true,"href":"https:\/\/www.zracakoblacak.com\/sl\/wp-json\/wp\/v2\/media\/3644"}],"wp:attachment":[{"href":"https:\/\/www.zracakoblacak.com\/sl\/wp-json\/wp\/v2\/media?parent=2686"}],"wp:term":[{"taxonomy":"product_brand","embeddable":true,"href":"https:\/\/www.zracakoblacak.com\/sl\/wp-json\/wp\/v2\/product_brand?post=2686"},{"taxonomy":"product_cat","embeddable":true,"href":"https:\/\/www.zracakoblacak.com\/sl\/wp-json\/wp\/v2\/product_cat?post=2686"},{"taxonomy":"product_tag","embeddable":true,"href":"https:\/\/www.zracakoblacak.com\/sl\/wp-json\/wp\/v2\/product_tag?post=2686"}],"curies":[{"name":"wp","href":"https:\/\/api.w.org\/{rel}","templated":true}]}}