{"id":2687,"date":"2020-04-18T16:57:27","date_gmt":"2020-04-18T16:57:27","guid":{"rendered":"http:\/\/www.zracakoblacak.com\/?post_type=product&#038;p=2687"},"modified":"2023-06-05T07:11:55","modified_gmt":"2023-06-05T07:11:55","slug":"little-flower","status":"publish","type":"product","link":"https:\/\/www.zracakoblacak.com\/sl\/shop\/bocice\/ljubav\/little-flower\/","title":{"rendered":"A little flower to brighten your day"},"content":{"rendered":"<h2>Poruka u boci -&#8222;A little flower to brighten your day&#8220;<\/h2>\n<h3>Material: steklo<\/h3>\n<h3>Dimenzije: 20 x 75 mm<\/h3>\n<h4>Majhna pozornost vsakomur pa\u0161e in lahko polep\u0161a \u0161e tako navaden dan.<\/h4>","protected":false},"excerpt":{"rendered":"<h3>Razveselite sebe ali svoje najdra\u017eje na originalni na\u010din \u2013 s sporo\u010dilom v stekleni\u010dki!<\/h3>\n<h1>&#8222;A little flower to brighten your day&#8220;<\/h1>\n<h3>Majhna pozornost vsakomur pa\u0161e in lahko polep\u0161a \u0161e tako navaden dan.<\/h3>","protected":false},"featured_media":3646,"comment_status":"open","ping_status":"closed","template":"","meta":{"ngg_post_thumbnail":0},"product_brand":[],"product_cat":[105,88,89,94,91,92,95],"product_tag":[],"class_list":{"0":"post-2687","1":"product","2":"type-product","3":"status-publish","4":"has-post-thumbnail","6":"product_cat-bocice","7":"product_cat-ljubav","8":"product_cat-prijateljstvo","9":"product_cat-porodica","10":"product_cat-cestitke","11":"product_cat-vencanje","12":"product_cat-motivacija","14":"first","15":"instock","16":"purchasable","17":"product-type-simple"},"jetpack_sharing_enabled":true,"_links":{"self":[{"href":"https:\/\/www.zracakoblacak.com\/sl\/wp-json\/wp\/v2\/product\/2687","targetHints":{"allow":["GET"]}}],"collection":[{"href":"https:\/\/www.zracakoblacak.com\/sl\/wp-json\/wp\/v2\/product"}],"about":[{"href":"https:\/\/www.zracakoblacak.com\/sl\/wp-json\/wp\/v2\/types\/product"}],"replies":[{"embeddable":true,"href":"https:\/\/www.zracakoblacak.com\/sl\/wp-json\/wp\/v2\/comments?post=2687"}],"wp:featuredmedia":[{"embeddable":true,"href":"https:\/\/www.zracakoblacak.com\/sl\/wp-json\/wp\/v2\/media\/3646"}],"wp:attachment":[{"href":"https:\/\/www.zracakoblacak.com\/sl\/wp-json\/wp\/v2\/media?parent=2687"}],"wp:term":[{"taxonomy":"product_brand","embeddable":true,"href":"https:\/\/www.zracakoblacak.com\/sl\/wp-json\/wp\/v2\/product_brand?post=2687"},{"taxonomy":"product_cat","embeddable":true,"href":"https:\/\/www.zracakoblacak.com\/sl\/wp-json\/wp\/v2\/product_cat?post=2687"},{"taxonomy":"product_tag","embeddable":true,"href":"https:\/\/www.zracakoblacak.com\/sl\/wp-json\/wp\/v2\/product_tag?post=2687"}],"curies":[{"name":"wp","href":"https:\/\/api.w.org\/{rel}","templated":true}]}}