{"id":2688,"date":"2020-04-18T17:02:19","date_gmt":"2020-04-18T17:02:19","guid":{"rendered":"http:\/\/www.zracakoblacak.com\/?post_type=product&#038;p=2688"},"modified":"2023-06-05T07:12:07","modified_gmt":"2023-06-05T07:12:07","slug":"forever-my-always","status":"publish","type":"product","link":"https:\/\/www.zracakoblacak.com\/sl\/shop\/bocice\/ljubav\/forever-my-always\/","title":{"rendered":"You will forever be my always"},"content":{"rendered":"<h2>Poruka u boci &#8211; &#8222;You will forever be my always&#8220;<\/h2>\n<h3>Material: steklo<\/h3>\n<h3>Privezak: infinity<\/h3>\n<h3>Dimenzije: 30 x 70 mm<\/h3>\n<h4>Ako \u017eelite nekome da iska\u017eete bezgrani\u010dnu ljubav, &#8222;uvek&#8220; i &#8222;zauvek&#8220; su re\u010di koje vas vode u neki &#8222;novi svet&#8220;.<\/h4>\n<h4>&#8222;Infinity&#8220; je svima dobro poznat simbol beskrajne, ve\u010dne ljubavi.<\/h4>","protected":false},"excerpt":{"rendered":"<h3>Razveselite va\u0161e najdra\u017eje na originalni na\u010din \u2013 s sporo\u010dilom v stekleni\u010dki!<\/h3>\n<h1>&#8222;You will forever be my always&#8220;<\/h1>\n<h3>Ako \u017eelite nekome da iska\u017eete bezgrani\u010dnu ljubav, &#8222;uvek&#8220; i &#8222;zauvek&#8220; su re\u010di koje vas vode u neki &#8222;novi svet&#8220;.<\/h3>\n<h3>&#8222;Infinity&#8220; je svima dobro poznat simbol beskrajne, ve\u010dne ljubavi.<\/h3>","protected":false},"featured_media":3643,"comment_status":"open","ping_status":"closed","template":"","meta":{"ngg_post_thumbnail":0},"product_brand":[],"product_cat":[105,88,92],"product_tag":[],"class_list":{"0":"post-2688","1":"product","2":"type-product","3":"status-publish","4":"has-post-thumbnail","6":"product_cat-bocice","7":"product_cat-ljubav","8":"product_cat-vencanje","10":"first","11":"instock","12":"purchasable","13":"product-type-simple"},"jetpack_sharing_enabled":true,"_links":{"self":[{"href":"https:\/\/www.zracakoblacak.com\/sl\/wp-json\/wp\/v2\/product\/2688","targetHints":{"allow":["GET"]}}],"collection":[{"href":"https:\/\/www.zracakoblacak.com\/sl\/wp-json\/wp\/v2\/product"}],"about":[{"href":"https:\/\/www.zracakoblacak.com\/sl\/wp-json\/wp\/v2\/types\/product"}],"replies":[{"embeddable":true,"href":"https:\/\/www.zracakoblacak.com\/sl\/wp-json\/wp\/v2\/comments?post=2688"}],"wp:featuredmedia":[{"embeddable":true,"href":"https:\/\/www.zracakoblacak.com\/sl\/wp-json\/wp\/v2\/media\/3643"}],"wp:attachment":[{"href":"https:\/\/www.zracakoblacak.com\/sl\/wp-json\/wp\/v2\/media?parent=2688"}],"wp:term":[{"taxonomy":"product_brand","embeddable":true,"href":"https:\/\/www.zracakoblacak.com\/sl\/wp-json\/wp\/v2\/product_brand?post=2688"},{"taxonomy":"product_cat","embeddable":true,"href":"https:\/\/www.zracakoblacak.com\/sl\/wp-json\/wp\/v2\/product_cat?post=2688"},{"taxonomy":"product_tag","embeddable":true,"href":"https:\/\/www.zracakoblacak.com\/sl\/wp-json\/wp\/v2\/product_tag?post=2688"}],"curies":[{"name":"wp","href":"https:\/\/api.w.org\/{rel}","templated":true}]}}