{"id":2689,"date":"2020-04-18T17:05:59","date_gmt":"2020-04-18T17:05:59","guid":{"rendered":"http:\/\/www.zracakoblacak.com\/?post_type=product&#038;p=2689"},"modified":"2023-06-05T07:12:18","modified_gmt":"2023-06-05T07:12:18","slug":"shine-like-a-star","status":"publish","type":"product","link":"https:\/\/www.zracakoblacak.com\/sl\/shop\/bocice\/ljubav\/shine-like-a-star\/","title":{"rendered":"Shine like a star"},"content":{"rendered":"<h2>Poruke u boci &#8211; &#8222;Shine like a star&#8220;<\/h2>\n<h3>Material: steklo<\/h3>\n<h3>Privezak: zvezdica<\/h3>\n<h3>Dimenzije: 20 x 75 mm<\/h3>\n<h4>Po\u017eeleti nekome da sija kao zvezda je jedna od najlep\u0161ih \u017eelja. Samo kada smo potpuno &#8222;svoji&#8220;, iskreni, pozitivni, sijamo posebnim sjajem.&nbsp;<\/h4>\n<h4>Svakome se desi u nekom trenutku da ga &#8222;uhvati&#8220; neka &#8222;mra\u010dna sila&#8220;. Sve \u0161to je tada potrebno je, podsetiti tu osobu da je posebna, jaka i samo svojim &#8222;sjajem&#8220; mo\u017ee osvetliti put i kora\u010dati sigurno dalje.<\/h4>\n<h4>Ovom porukom mo\u017eete na romanti\u010dan na\u010din nekome izjaviti koliko je jedinstven i da volite \u0161to ba\u0161 u va\u0161em prisustvu &#8222;<a href=\"https:\/\/www.youtube.com\/playlist?list=PLml1dq5ygF-YO6O2uiRm84WPo0sSNHFhe\" target=\"_blank\" rel=\"noopener noreferrer\">sija kao zvezda<\/a>&#8222;.<\/h4>","protected":false},"excerpt":{"rendered":"<h3>Razveselite sebe ali svoje najdra\u017eje na originalni na\u010din \u2013 s sporo\u010dilom v stekleni\u010dki!<\/h3>\n<h1>&#8222;Shine like a star&#8220;<\/h1>\n<h3>Po\u017eeleti nekome da sija kao zvezda je jedna od najlep\u0161ih \u017eelja. Samo kada smo potpuno &#8222;svoji&#8220;, iskreni, pozitivni, sijamo posebnim sjajem.&nbsp;<\/h3>","protected":false},"featured_media":3645,"comment_status":"open","ping_status":"closed","template":"","meta":{"ngg_post_thumbnail":0},"product_brand":[],"product_cat":[105,88,89,91,95],"product_tag":[],"class_list":{"0":"post-2689","1":"product","2":"type-product","3":"status-publish","4":"has-post-thumbnail","6":"product_cat-bocice","7":"product_cat-ljubav","8":"product_cat-prijateljstvo","9":"product_cat-cestitke","10":"product_cat-motivacija","12":"first","13":"instock","14":"purchasable","15":"product-type-simple"},"jetpack_sharing_enabled":true,"_links":{"self":[{"href":"https:\/\/www.zracakoblacak.com\/sl\/wp-json\/wp\/v2\/product\/2689","targetHints":{"allow":["GET"]}}],"collection":[{"href":"https:\/\/www.zracakoblacak.com\/sl\/wp-json\/wp\/v2\/product"}],"about":[{"href":"https:\/\/www.zracakoblacak.com\/sl\/wp-json\/wp\/v2\/types\/product"}],"replies":[{"embeddable":true,"href":"https:\/\/www.zracakoblacak.com\/sl\/wp-json\/wp\/v2\/comments?post=2689"}],"wp:featuredmedia":[{"embeddable":true,"href":"https:\/\/www.zracakoblacak.com\/sl\/wp-json\/wp\/v2\/media\/3645"}],"wp:attachment":[{"href":"https:\/\/www.zracakoblacak.com\/sl\/wp-json\/wp\/v2\/media?parent=2689"}],"wp:term":[{"taxonomy":"product_brand","embeddable":true,"href":"https:\/\/www.zracakoblacak.com\/sl\/wp-json\/wp\/v2\/product_brand?post=2689"},{"taxonomy":"product_cat","embeddable":true,"href":"https:\/\/www.zracakoblacak.com\/sl\/wp-json\/wp\/v2\/product_cat?post=2689"},{"taxonomy":"product_tag","embeddable":true,"href":"https:\/\/www.zracakoblacak.com\/sl\/wp-json\/wp\/v2\/product_tag?post=2689"}],"curies":[{"name":"wp","href":"https:\/\/api.w.org\/{rel}","templated":true}]}}