{"id":2690,"date":"2020-04-18T17:10:29","date_gmt":"2020-04-18T17:10:29","guid":{"rendered":"http:\/\/www.zracakoblacak.com\/?post_type=product&#038;p=2690"},"modified":"2023-06-05T07:12:34","modified_gmt":"2023-06-05T07:12:34","slug":"if-youll-be-my-star","status":"publish","type":"product","link":"https:\/\/www.zracakoblacak.com\/sl\/shop\/bocice\/ljubav\/if-youll-be-my-star\/","title":{"rendered":"If you&#8217;ll be my star, I&#8217;ll be your sky"},"content":{"rendered":"<h2>Poruka u boci &#8211; &#8222;If you&#8217;ll be my star, I&#8217;ll be your sky&#8220;<\/h2>\n<h3>Material: steklo<\/h3>\n<h3>Privezak: zvezdica<\/h3>\n<h3>Dimenzije: 20 x 75 mm<\/h3>\n<h4>Zvezda i nebo ne mogu jedno bez drugog. Budite nebo svojoj &#8222;zvezdi&#8220; i u\u010dinite da sija svojim posebnim sjajem <a href=\"https:\/\/www.youtube.com\/watch?v=_6o8Sji6E9Q\" target=\"_blank\" rel=\"noopener noreferrer\"><img decoding=\"async\" class=\"alignnone wp-image-3198\" src=\"https:\/\/www.zracakoblacak.com\/wp-content\/uploads\/2020\/04\/five-pointed-yellow-star-icon-cartoon-style-vector-12345604.jpg\" alt=\"\" width=\"23\" height=\"22\" srcset=\"https:\/\/www.zracakoblacak.com\/wp-content\/uploads\/2020\/04\/five-pointed-yellow-star-icon-cartoon-style-vector-12345604.jpg 910w, https:\/\/www.zracakoblacak.com\/wp-content\/uploads\/2020\/04\/five-pointed-yellow-star-icon-cartoon-style-vector-12345604-150x150.jpg 150w, https:\/\/www.zracakoblacak.com\/wp-content\/uploads\/2020\/04\/five-pointed-yellow-star-icon-cartoon-style-vector-12345604-768x740.jpg 768w, https:\/\/www.zracakoblacak.com\/wp-content\/uploads\/2020\/04\/five-pointed-yellow-star-icon-cartoon-style-vector-12345604-12x12.jpg 12w, https:\/\/www.zracakoblacak.com\/wp-content\/uploads\/2020\/04\/five-pointed-yellow-star-icon-cartoon-style-vector-12345604-300x289.jpg 300w, https:\/\/www.zracakoblacak.com\/wp-content\/uploads\/2020\/04\/five-pointed-yellow-star-icon-cartoon-style-vector-12345604-850x819.jpg 850w, https:\/\/www.zracakoblacak.com\/wp-content\/uploads\/2020\/04\/five-pointed-yellow-star-icon-cartoon-style-vector-12345604-600x578.jpg 600w, https:\/\/www.zracakoblacak.com\/wp-content\/uploads\/2020\/04\/five-pointed-yellow-star-icon-cartoon-style-vector-12345604-100x100.jpg 100w\" sizes=\"(max-width: 23px) 100vw, 23px\" \/><\/a><\/h4>","protected":false},"excerpt":{"rendered":"<h3>Razveselite va\u0161e najdra\u017eje na originalni na\u010din \u2013 s sporo\u010dilom v stekleni\u010dki!<\/h3>\n<h1>&#8222;<a href=\"https:\/\/www.youtube.com\/watch?v=hn4EIv1-uz0\" target=\"_blank\" rel=\"noopener noreferrer\">If you&#8217;ll be my star, I&#8217;ll be your sky<\/a>&#8222;<\/h1>\n<h3>Zvezda i nebo ne mogu jedno bez drugog. Budite nebo svojoj &#8222;zvezdi&#8220; i u\u010dinite da sija svojim posebnim sjajem <a href=\"https:\/\/www.youtube.com\/watch?v=_6o8Sji6E9Q\" target=\"_blank\" rel=\"noopener noreferrer\"><img decoding=\"async\" class=\"alignnone wp-image-3198\" src=\"https:\/\/www.zracakoblacak.com\/wp-content\/uploads\/2020\/04\/five-pointed-yellow-star-icon-cartoon-style-vector-12345604.jpg\" alt=\"\" width=\"23\" height=\"22\" srcset=\"https:\/\/www.zracakoblacak.com\/wp-content\/uploads\/2020\/04\/five-pointed-yellow-star-icon-cartoon-style-vector-12345604.jpg 910w, https:\/\/www.zracakoblacak.com\/wp-content\/uploads\/2020\/04\/five-pointed-yellow-star-icon-cartoon-style-vector-12345604-150x150.jpg 150w, https:\/\/www.zracakoblacak.com\/wp-content\/uploads\/2020\/04\/five-pointed-yellow-star-icon-cartoon-style-vector-12345604-768x740.jpg 768w, https:\/\/www.zracakoblacak.com\/wp-content\/uploads\/2020\/04\/five-pointed-yellow-star-icon-cartoon-style-vector-12345604-12x12.jpg 12w, https:\/\/www.zracakoblacak.com\/wp-content\/uploads\/2020\/04\/five-pointed-yellow-star-icon-cartoon-style-vector-12345604-300x289.jpg 300w, https:\/\/www.zracakoblacak.com\/wp-content\/uploads\/2020\/04\/five-pointed-yellow-star-icon-cartoon-style-vector-12345604-850x819.jpg 850w, https:\/\/www.zracakoblacak.com\/wp-content\/uploads\/2020\/04\/five-pointed-yellow-star-icon-cartoon-style-vector-12345604-600x578.jpg 600w, https:\/\/www.zracakoblacak.com\/wp-content\/uploads\/2020\/04\/five-pointed-yellow-star-icon-cartoon-style-vector-12345604-100x100.jpg 100w\" sizes=\"(max-width: 23px) 100vw, 23px\" \/><\/a><\/h3>","protected":false},"featured_media":3647,"comment_status":"open","ping_status":"closed","template":"","meta":{"ngg_post_thumbnail":0},"product_brand":[],"product_cat":[105,88],"product_tag":[],"class_list":{"0":"post-2690","1":"product","2":"type-product","3":"status-publish","4":"has-post-thumbnail","6":"product_cat-bocice","7":"product_cat-ljubav","9":"first","10":"instock","11":"purchasable","12":"product-type-simple"},"jetpack_sharing_enabled":true,"_links":{"self":[{"href":"https:\/\/www.zracakoblacak.com\/sl\/wp-json\/wp\/v2\/product\/2690","targetHints":{"allow":["GET"]}}],"collection":[{"href":"https:\/\/www.zracakoblacak.com\/sl\/wp-json\/wp\/v2\/product"}],"about":[{"href":"https:\/\/www.zracakoblacak.com\/sl\/wp-json\/wp\/v2\/types\/product"}],"replies":[{"embeddable":true,"href":"https:\/\/www.zracakoblacak.com\/sl\/wp-json\/wp\/v2\/comments?post=2690"}],"wp:featuredmedia":[{"embeddable":true,"href":"https:\/\/www.zracakoblacak.com\/sl\/wp-json\/wp\/v2\/media\/3647"}],"wp:attachment":[{"href":"https:\/\/www.zracakoblacak.com\/sl\/wp-json\/wp\/v2\/media?parent=2690"}],"wp:term":[{"taxonomy":"product_brand","embeddable":true,"href":"https:\/\/www.zracakoblacak.com\/sl\/wp-json\/wp\/v2\/product_brand?post=2690"},{"taxonomy":"product_cat","embeddable":true,"href":"https:\/\/www.zracakoblacak.com\/sl\/wp-json\/wp\/v2\/product_cat?post=2690"},{"taxonomy":"product_tag","embeddable":true,"href":"https:\/\/www.zracakoblacak.com\/sl\/wp-json\/wp\/v2\/product_tag?post=2690"}],"curies":[{"name":"wp","href":"https:\/\/api.w.org\/{rel}","templated":true}]}}