{"id":2696,"date":"2020-04-18T17:37:00","date_gmt":"2020-04-18T17:37:00","guid":{"rendered":"http:\/\/www.zracakoblacak.com\/?post_type=product&#038;p=2696"},"modified":"2022-12-02T20:10:49","modified_gmt":"2022-12-02T20:10:49","slug":"i-see-your-true-colors","status":"publish","type":"product","link":"https:\/\/www.zracakoblacak.com\/sl\/shop\/bocice\/ljubav\/i-see-your-true-colors\/","title":{"rendered":"I see your true colors"},"content":{"rendered":"<h2>Poruka u boci &#8211; &#8222;I see your true colors&#8220;<\/h2>\n<h3>Material: steklo<\/h3>\n<h3>Dimenzije: 30 x 70 mm<\/h3>\n<h4>Ljude treba da volimo zbog onoga \u0161to su, ne da ih menjamo. Svako sija na svoj, jedinstven na\u010din. Kada nekoga stvarno zavolite, vide\u0107ete i vole\u0107ete sve njegove &#8222;boje&#8220;.<\/h4>","protected":false},"excerpt":{"rendered":"<h3>Razveselite va\u0161e najdra\u017eje na originalni na\u010din \u2013 s sporo\u010dilom v stekleni\u010dki!<\/h3>\n<h1>&#8222;<a href=\"https:\/\/www.youtube.com\/watch?v=LPn0KFlbqX8\" target=\"_blank\" rel=\"noopener noreferrer\">I see your true colors<\/a>&#8220; &#8211; Cyndi Lauper<\/h1>\n<h3>Ljude treba da volimo zbog onoga \u0161to su, ne da ih menjamo. Svako sija na svoj, jedinstven na\u010din. Kada nekoga stvarno zavolite, vide\u0107ete i vole\u0107ete sve njegove &#8222;boje&#8220;.<\/h3>","protected":false},"featured_media":3655,"comment_status":"open","ping_status":"closed","template":"","meta":{"ngg_post_thumbnail":0},"product_brand":[],"product_cat":[105,88,89,95],"product_tag":[],"class_list":{"0":"post-2696","1":"product","2":"type-product","3":"status-publish","4":"has-post-thumbnail","6":"product_cat-bocice","7":"product_cat-ljubav","8":"product_cat-prijateljstvo","9":"product_cat-motivacija","11":"first","12":"instock","13":"purchasable","14":"product-type-simple"},"jetpack_sharing_enabled":true,"_links":{"self":[{"href":"https:\/\/www.zracakoblacak.com\/sl\/wp-json\/wp\/v2\/product\/2696","targetHints":{"allow":["GET"]}}],"collection":[{"href":"https:\/\/www.zracakoblacak.com\/sl\/wp-json\/wp\/v2\/product"}],"about":[{"href":"https:\/\/www.zracakoblacak.com\/sl\/wp-json\/wp\/v2\/types\/product"}],"replies":[{"embeddable":true,"href":"https:\/\/www.zracakoblacak.com\/sl\/wp-json\/wp\/v2\/comments?post=2696"}],"wp:featuredmedia":[{"embeddable":true,"href":"https:\/\/www.zracakoblacak.com\/sl\/wp-json\/wp\/v2\/media\/3655"}],"wp:attachment":[{"href":"https:\/\/www.zracakoblacak.com\/sl\/wp-json\/wp\/v2\/media?parent=2696"}],"wp:term":[{"taxonomy":"product_brand","embeddable":true,"href":"https:\/\/www.zracakoblacak.com\/sl\/wp-json\/wp\/v2\/product_brand?post=2696"},{"taxonomy":"product_cat","embeddable":true,"href":"https:\/\/www.zracakoblacak.com\/sl\/wp-json\/wp\/v2\/product_cat?post=2696"},{"taxonomy":"product_tag","embeddable":true,"href":"https:\/\/www.zracakoblacak.com\/sl\/wp-json\/wp\/v2\/product_tag?post=2696"}],"curies":[{"name":"wp","href":"https:\/\/api.w.org\/{rel}","templated":true}]}}