{"id":2699,"date":"2020-04-18T17:46:25","date_gmt":"2020-04-18T17:46:25","guid":{"rendered":"http:\/\/www.zracakoblacak.com\/?post_type=product&#038;p=2699"},"modified":"2023-06-05T07:13:42","modified_gmt":"2023-06-05T07:13:42","slug":"melody-sounds-like-a-memory","status":"publish","type":"product","link":"https:\/\/www.zracakoblacak.com\/sl\/shop\/bocice\/muzika\/melody-sounds-like-a-memory\/","title":{"rendered":"Funny how a melody sounds like a memory"},"content":{"rendered":"<h2>Poruka u boci &#8211; &#8222;Funny how a melody sounds like a memory&#8220;<\/h2>\n<h3>Material: steklo<\/h3>\n<h3>Obesek: nota<\/h3>\n<h3>Dimenzije: 30 x 70 mm<\/h3>\n<h4>Koliko puta vam se dogodilo da, kada \u010dujete prve taktove neke pesme, kao iz katapulta odletite u pro\u0161lost? To je mo\u0107 muzike&#8230; Ona nas vodi na neko posebno mesto, u ne\u010diji zagrljaj, poljubac&#8230;<\/h4>\n<h4>Melodija mo\u017ee da o\u017eivi i neki obi\u010dan dan, koji vremenom postaje lepa uspomena.<\/h4>","protected":false},"excerpt":{"rendered":"<h3>Razveselite sebe ali svoje najdra\u017eje na originalni na\u010din \u2013 s sporo\u010dilom v stekleni\u010dki!<\/h3>\n<h1>&#8222;<a href=\"https:\/\/www.youtube.com\/watch?v=l2gGXlW6wSY\" target=\"_blank\" rel=\"noopener noreferrer\">Funny how a melody sounds like a memory<\/a>.&#8220; &#8211; Eric Church<\/h1>\n<h3>Koliko puta vam se dogodilo da, kada \u010dujete prve taktove neke pesme, kao iz katapulta odletite u pro\u0161lost? To je mo\u0107 muzike&#8230; Ona nas vodi na neko posebno mesto, u ne\u010diji zagrljaj, poljubac&#8230; Melodija mo\u017ee da o\u017eivi i neki obi\u010dan dan, koji vremenom postaje lepa uspomena.<\/h3>","protected":false},"featured_media":3653,"comment_status":"open","ping_status":"closed","template":"","meta":{"ngg_post_thumbnail":0},"product_brand":[],"product_cat":[105,93],"product_tag":[],"class_list":{"0":"post-2699","1":"product","2":"type-product","3":"status-publish","4":"has-post-thumbnail","6":"product_cat-bocice","7":"product_cat-muzika","9":"first","10":"instock","11":"purchasable","12":"product-type-simple"},"jetpack_sharing_enabled":true,"_links":{"self":[{"href":"https:\/\/www.zracakoblacak.com\/sl\/wp-json\/wp\/v2\/product\/2699","targetHints":{"allow":["GET"]}}],"collection":[{"href":"https:\/\/www.zracakoblacak.com\/sl\/wp-json\/wp\/v2\/product"}],"about":[{"href":"https:\/\/www.zracakoblacak.com\/sl\/wp-json\/wp\/v2\/types\/product"}],"replies":[{"embeddable":true,"href":"https:\/\/www.zracakoblacak.com\/sl\/wp-json\/wp\/v2\/comments?post=2699"}],"wp:featuredmedia":[{"embeddable":true,"href":"https:\/\/www.zracakoblacak.com\/sl\/wp-json\/wp\/v2\/media\/3653"}],"wp:attachment":[{"href":"https:\/\/www.zracakoblacak.com\/sl\/wp-json\/wp\/v2\/media?parent=2699"}],"wp:term":[{"taxonomy":"product_brand","embeddable":true,"href":"https:\/\/www.zracakoblacak.com\/sl\/wp-json\/wp\/v2\/product_brand?post=2699"},{"taxonomy":"product_cat","embeddable":true,"href":"https:\/\/www.zracakoblacak.com\/sl\/wp-json\/wp\/v2\/product_cat?post=2699"},{"taxonomy":"product_tag","embeddable":true,"href":"https:\/\/www.zracakoblacak.com\/sl\/wp-json\/wp\/v2\/product_tag?post=2699"}],"curies":[{"name":"wp","href":"https:\/\/api.w.org\/{rel}","templated":true}]}}