{"id":2700,"date":"2020-04-18T17:49:29","date_gmt":"2020-04-18T17:49:29","guid":{"rendered":"http:\/\/www.zracakoblacak.com\/?post_type=product&#038;p=2700"},"modified":"2023-06-05T07:13:55","modified_gmt":"2023-06-05T07:13:55","slug":"friendship-isnt-a-big-thing-its-a-million-little-things","status":"publish","type":"product","link":"https:\/\/www.zracakoblacak.com\/sl\/shop\/bocice\/prijateljstvo\/friendship-isnt-a-big-thing-its-a-million-little-things\/","title":{"rendered":"Friendship isn&#8217;t a big thing&#8230;"},"content":{"rendered":"<h2>Poruka u boci &#8211; &#8222;Friendship isn&#8217;t a big thing. It&#8217;s a million little things.&#8220;<\/h2>\n<h3>Material: steklo<\/h3>\n<h3>Dimenzije: 20 x 75 mm<\/h3>\n<h4>Temelj svakog dobrog prijateljstva je poverenje. Poverenje se gradi. Pravo prijateljstvo je skup malih, nekada naizgled neva\u017enih stvari, uspomena, dugih pri\u010da, te\u0161kih trenutaka, suza, smeha&#8230;<\/h4>\n<h4>Svaki dan je dobar dan da svojim prijateljima poklonite neku malu stvar, kao \u0161to je to recimo, ovakva bo\u010dica.<\/h4>","protected":false},"excerpt":{"rendered":"<h3>Razveselite va\u0161e najdra\u017eje na originalni na\u010din \u2013 s sporo\u010dilom v stekleni\u010dki!<\/h3>\n<h1>&#8222;Friendship isn&#8217;t a big thing. It&#8217;s a million little things.&#8220;<\/h1>\n<h3>Svaki dan je dobar dan da svojim prijateljima poklonite neku malu stvar, kao \u0161to je to recimo, ovakva bo\u010dica.<\/h3>","protected":false},"featured_media":3656,"comment_status":"open","ping_status":"closed","template":"","meta":{"ngg_post_thumbnail":0},"product_brand":[],"product_cat":[105,89],"product_tag":[],"class_list":{"0":"post-2700","1":"product","2":"type-product","3":"status-publish","4":"has-post-thumbnail","6":"product_cat-bocice","7":"product_cat-prijateljstvo","9":"first","10":"instock","11":"purchasable","12":"product-type-simple"},"jetpack_sharing_enabled":true,"_links":{"self":[{"href":"https:\/\/www.zracakoblacak.com\/sl\/wp-json\/wp\/v2\/product\/2700","targetHints":{"allow":["GET"]}}],"collection":[{"href":"https:\/\/www.zracakoblacak.com\/sl\/wp-json\/wp\/v2\/product"}],"about":[{"href":"https:\/\/www.zracakoblacak.com\/sl\/wp-json\/wp\/v2\/types\/product"}],"replies":[{"embeddable":true,"href":"https:\/\/www.zracakoblacak.com\/sl\/wp-json\/wp\/v2\/comments?post=2700"}],"wp:featuredmedia":[{"embeddable":true,"href":"https:\/\/www.zracakoblacak.com\/sl\/wp-json\/wp\/v2\/media\/3656"}],"wp:attachment":[{"href":"https:\/\/www.zracakoblacak.com\/sl\/wp-json\/wp\/v2\/media?parent=2700"}],"wp:term":[{"taxonomy":"product_brand","embeddable":true,"href":"https:\/\/www.zracakoblacak.com\/sl\/wp-json\/wp\/v2\/product_brand?post=2700"},{"taxonomy":"product_cat","embeddable":true,"href":"https:\/\/www.zracakoblacak.com\/sl\/wp-json\/wp\/v2\/product_cat?post=2700"},{"taxonomy":"product_tag","embeddable":true,"href":"https:\/\/www.zracakoblacak.com\/sl\/wp-json\/wp\/v2\/product_tag?post=2700"}],"curies":[{"name":"wp","href":"https:\/\/api.w.org\/{rel}","templated":true}]}}