{"id":2706,"date":"2020-04-18T21:12:44","date_gmt":"2020-04-18T21:12:44","guid":{"rendered":"http:\/\/www.zracakoblacak.com\/?post_type=product&#038;p=2706"},"modified":"2023-06-05T07:14:25","modified_gmt":"2023-06-05T07:14:25","slug":"stars-in-my-sky","status":"publish","type":"product","link":"https:\/\/www.zracakoblacak.com\/sl\/shop\/bocice\/ljubav\/stars-in-my-sky\/","title":{"rendered":"You are the stars in my sky"},"content":{"rendered":"<h2>Poruka u boci &#8211; &#8222;You are the stars in my sky&#8220;<\/h2>\n<h3>Material: steklo<\/h3>\n<h3>Dimenzije: 30 x 70 mm<\/h3>\n<h4>Nebo je prazno platno, ba\u0161 kao i na\u0161a nedotaknuta srca. Da bi izgledalo magi\u010dno, predivno, posebno, potrebne su mu zvezde. Kada je vreme jasno, \u010desto ume da nas ostavi bez daha i neretko pogled na te \u010darobne daljine zadr\u017eavamo dugo.<\/h4>\n<h4>Biti ne\u010dija zvezda u \u017eivotu, na platnu srca, je velika stvar. Kao \u0161to ne mo\u017eete zamisliti nebo bez zvezda, tako ne mo\u017eete zamisliti ni svoj \u017eivot bez va\u0161e voljene osobe.<\/h4>","protected":false},"excerpt":{"rendered":"<h3>Razveselite va\u0161e najdra\u017eje na originalni na\u010din \u2013 s sporo\u010dilom v stekleni\u010dki!<\/h3>\n<h1>&#8222;You are the stars in my sky&#8220;<\/h1>\n<h3>Nebo je prazno platno, ba\u0161 kao i na\u0161a nedotaknuta srca. Da bi izgledalo magi\u010dno, predivno, posebno, potrebne su mu zvezde. Kada je vreme jasno, \u010desto ume da nas ostavi bez daha i neretko pogled na te \u010darobne daljine zadr\u017eavamo dugo.<\/h3>\n<h3>Biti ne\u010dija zvezda u \u017eivotu, na platnu srca, je velika stvar. Kao \u0161to ne mo\u017eete zamisliti nebo bez zvezda, tako ne mo\u017eete zamisliti ni svoj \u017eivot bez va\u0161e voljene osobe.<\/h3>","protected":false},"featured_media":3658,"comment_status":"open","ping_status":"closed","template":"","meta":{"ngg_post_thumbnail":0},"product_brand":[],"product_cat":[105,88,94],"product_tag":[],"class_list":{"0":"post-2706","1":"product","2":"type-product","3":"status-publish","4":"has-post-thumbnail","6":"product_cat-bocice","7":"product_cat-ljubav","8":"product_cat-porodica","10":"first","11":"instock","12":"purchasable","13":"product-type-simple"},"jetpack_sharing_enabled":true,"_links":{"self":[{"href":"https:\/\/www.zracakoblacak.com\/sl\/wp-json\/wp\/v2\/product\/2706","targetHints":{"allow":["GET"]}}],"collection":[{"href":"https:\/\/www.zracakoblacak.com\/sl\/wp-json\/wp\/v2\/product"}],"about":[{"href":"https:\/\/www.zracakoblacak.com\/sl\/wp-json\/wp\/v2\/types\/product"}],"replies":[{"embeddable":true,"href":"https:\/\/www.zracakoblacak.com\/sl\/wp-json\/wp\/v2\/comments?post=2706"}],"wp:featuredmedia":[{"embeddable":true,"href":"https:\/\/www.zracakoblacak.com\/sl\/wp-json\/wp\/v2\/media\/3658"}],"wp:attachment":[{"href":"https:\/\/www.zracakoblacak.com\/sl\/wp-json\/wp\/v2\/media?parent=2706"}],"wp:term":[{"taxonomy":"product_brand","embeddable":true,"href":"https:\/\/www.zracakoblacak.com\/sl\/wp-json\/wp\/v2\/product_brand?post=2706"},{"taxonomy":"product_cat","embeddable":true,"href":"https:\/\/www.zracakoblacak.com\/sl\/wp-json\/wp\/v2\/product_cat?post=2706"},{"taxonomy":"product_tag","embeddable":true,"href":"https:\/\/www.zracakoblacak.com\/sl\/wp-json\/wp\/v2\/product_tag?post=2706"}],"curies":[{"name":"wp","href":"https:\/\/api.w.org\/{rel}","templated":true}]}}