{"id":2707,"date":"2020-04-18T21:14:24","date_gmt":"2020-04-18T21:14:24","guid":{"rendered":"http:\/\/www.zracakoblacak.com\/?post_type=product&#038;p=2707"},"modified":"2023-06-05T07:14:42","modified_gmt":"2023-06-05T07:14:42","slug":"thank-you-for-being-a-friend","status":"publish","type":"product","link":"https:\/\/www.zracakoblacak.com\/sl\/shop\/bocice\/prijateljstvo\/thank-you-for-being-a-friend\/","title":{"rendered":"Thank you for being a friend"},"content":{"rendered":"<h2>Poruka u boci &#8211; &#8222;Thank you for being a friend&#8220;<\/h2>\n<h3>Material: steklo<\/h3>\n<h3>Obesek: sidro<\/h3>\n<h3>Dimenzije: 30 x 70 mm<\/h3>\n<h3>Zahvalite se svojim prijateljima koji su uz vas i na koje u svakom trenutku mo\u017eete da ra\u010dunate. Svaki dan je lep\u0161i, a problem manji, kada ga podelite sa dragim ljudima. Za mali znak pa\u017enje, svaki dan je dobar povod.<\/h3>\n<h3>\u010ce \u017eelite prebrati ve\u010d o simbolu sidra, preberite naslednji&nbsp;<a href=\"https:\/\/www.zracakoblacak.com\/sl\/simbol-sidra\/\" target=\"_blank\" rel=\"noopener noreferrer\">\u010dlanek.<\/a><\/h3>\n<p>&nbsp;<\/p>","protected":false},"excerpt":{"rendered":"<h3>Razveselite va\u0161e najdra\u017eje na originalni na\u010din \u2013 s sporo\u010dilom v stekleni\u010dki!<\/h3>\n<h1>&#8222;Thank you for being a friend&#8220;<\/h1>\n<h3>Zahvalite se svojim prijateljima koji su uz vas i na koje u svakom trenutku mo\u017eete da ra\u010dunate. Svaki dan je lep\u0161i, a problem manji, kada ga podelite sa dragim ljudima. Za mali znak pa\u017enje, svaki dan je dobar povod.<\/h3>","protected":false},"featured_media":3660,"comment_status":"open","ping_status":"closed","template":"","meta":{"ngg_post_thumbnail":0},"product_brand":[],"product_cat":[105,89],"product_tag":[],"class_list":{"0":"post-2707","1":"product","2":"type-product","3":"status-publish","4":"has-post-thumbnail","6":"product_cat-bocice","7":"product_cat-prijateljstvo","9":"first","10":"instock","11":"purchasable","12":"product-type-simple"},"jetpack_sharing_enabled":true,"_links":{"self":[{"href":"https:\/\/www.zracakoblacak.com\/sl\/wp-json\/wp\/v2\/product\/2707","targetHints":{"allow":["GET"]}}],"collection":[{"href":"https:\/\/www.zracakoblacak.com\/sl\/wp-json\/wp\/v2\/product"}],"about":[{"href":"https:\/\/www.zracakoblacak.com\/sl\/wp-json\/wp\/v2\/types\/product"}],"replies":[{"embeddable":true,"href":"https:\/\/www.zracakoblacak.com\/sl\/wp-json\/wp\/v2\/comments?post=2707"}],"wp:featuredmedia":[{"embeddable":true,"href":"https:\/\/www.zracakoblacak.com\/sl\/wp-json\/wp\/v2\/media\/3660"}],"wp:attachment":[{"href":"https:\/\/www.zracakoblacak.com\/sl\/wp-json\/wp\/v2\/media?parent=2707"}],"wp:term":[{"taxonomy":"product_brand","embeddable":true,"href":"https:\/\/www.zracakoblacak.com\/sl\/wp-json\/wp\/v2\/product_brand?post=2707"},{"taxonomy":"product_cat","embeddable":true,"href":"https:\/\/www.zracakoblacak.com\/sl\/wp-json\/wp\/v2\/product_cat?post=2707"},{"taxonomy":"product_tag","embeddable":true,"href":"https:\/\/www.zracakoblacak.com\/sl\/wp-json\/wp\/v2\/product_tag?post=2707"}],"curies":[{"name":"wp","href":"https:\/\/api.w.org\/{rel}","templated":true}]}}