{"id":2708,"date":"2020-04-18T21:16:16","date_gmt":"2020-04-18T21:16:16","guid":{"rendered":"http:\/\/www.zracakoblacak.com\/?post_type=product&#038;p=2708"},"modified":"2023-06-05T07:15:28","modified_gmt":"2023-06-05T07:15:28","slug":"blues-is-hard-to-feel","status":"publish","type":"product","link":"https:\/\/www.zracakoblacak.com\/sl\/shop\/bocice\/muzika\/blues-is-hard-to-feel\/","title":{"rendered":"Blues is easy to play, but hard to feel"},"content":{"rendered":"<h2>Poruka u boci &#8211; &#8222;Blues is easy to play, but hard to feel&#8220;<\/h2>\n<h3>Material: steklo<\/h3>\n<h3>Dimenzije: 20 x 75 mm<\/h3>\n<h4>Ako bismo \u017eeleli da poverujemo da je bluz lako svirati, ne mo\u017eemo da se ne zapitamo koliko je onda ose\u0107anja preto\u010deno u te &#8222;<a href=\"https:\/\/www.youtube.com\/playlist?list=PLml1dq5ygF-bLI5I6_agjr--6ttIOst2J\" target=\"_blank\" rel=\"noopener noreferrer\">plave note<\/a>&#8222;, pa je sviranje lagan deo?<\/h4>","protected":false},"excerpt":{"rendered":"<h3>Razveselite sebe ali svoje najdra\u017eje na originalni na\u010din \u2013 s sporo\u010dilom v stekleni\u010dki!<\/h3>\n<h1>&#8222;Blues is easy to play, but hard to feel.&#8220; &#8211; Jimi Hendrix<\/h1>\n<h3>Ako bismo \u017eeleli da poverujemo da je bluz lako svirati, ne mo\u017eemo da se ne zapitamo koliko je onda ose\u0107anja preto\u010deno u te &#8222;<a href=\"https:\/\/www.youtube.com\/playlist?list=PLml1dq5ygF-bLI5I6_agjr--6ttIOst2J\" target=\"_blank\" rel=\"noopener noreferrer\">plave note<\/a>&#8222;, pa je sviranje lagan deo?<\/h3>","protected":false},"featured_media":4699,"comment_status":"open","ping_status":"closed","template":"","meta":{"ngg_post_thumbnail":0},"product_brand":[],"product_cat":[105,93],"product_tag":[],"class_list":{"0":"post-2708","1":"product","2":"type-product","3":"status-publish","4":"has-post-thumbnail","6":"product_cat-bocice","7":"product_cat-muzika","9":"first","10":"instock","11":"purchasable","12":"product-type-simple"},"jetpack_sharing_enabled":true,"_links":{"self":[{"href":"https:\/\/www.zracakoblacak.com\/sl\/wp-json\/wp\/v2\/product\/2708","targetHints":{"allow":["GET"]}}],"collection":[{"href":"https:\/\/www.zracakoblacak.com\/sl\/wp-json\/wp\/v2\/product"}],"about":[{"href":"https:\/\/www.zracakoblacak.com\/sl\/wp-json\/wp\/v2\/types\/product"}],"replies":[{"embeddable":true,"href":"https:\/\/www.zracakoblacak.com\/sl\/wp-json\/wp\/v2\/comments?post=2708"}],"wp:featuredmedia":[{"embeddable":true,"href":"https:\/\/www.zracakoblacak.com\/sl\/wp-json\/wp\/v2\/media\/4699"}],"wp:attachment":[{"href":"https:\/\/www.zracakoblacak.com\/sl\/wp-json\/wp\/v2\/media?parent=2708"}],"wp:term":[{"taxonomy":"product_brand","embeddable":true,"href":"https:\/\/www.zracakoblacak.com\/sl\/wp-json\/wp\/v2\/product_brand?post=2708"},{"taxonomy":"product_cat","embeddable":true,"href":"https:\/\/www.zracakoblacak.com\/sl\/wp-json\/wp\/v2\/product_cat?post=2708"},{"taxonomy":"product_tag","embeddable":true,"href":"https:\/\/www.zracakoblacak.com\/sl\/wp-json\/wp\/v2\/product_tag?post=2708"}],"curies":[{"name":"wp","href":"https:\/\/api.w.org\/{rel}","templated":true}]}}