{"id":2709,"date":"2020-04-18T21:17:40","date_gmt":"2020-04-18T21:17:40","guid":{"rendered":"http:\/\/www.zracakoblacak.com\/?post_type=product&#038;p=2709"},"modified":"2023-06-05T07:15:08","modified_gmt":"2023-06-05T07:15:08","slug":"miss-you-forever","status":"publish","type":"product","link":"https:\/\/www.zracakoblacak.com\/sl\/shop\/bocice\/ljubav\/miss-you-forever\/","title":{"rendered":"I think I&#8217;ll miss you forever"},"content":{"rendered":"<h2>Poruka u boci &#8211; &#8222;I think I&#8217;ll miss you forever&#8220;<\/h2>\n<h3>Material: steklo<\/h3>\n<h3>Dimenzije: 30 x 70 mm<\/h3>\n<h4>Rastanci, gubici, nemogu\u0107e ljubavi&#8230; Sve je to deo \u017eivota. Ako po\u017eelite da vas neka mala stvar podse\u0107a na nekoga, ili da nekome na rastanku poklonite ne\u0161to posebno, ovo bi mogla da bude prava bo\u010dica za vas.<\/h4>","protected":false},"excerpt":{"rendered":"<h3>Razveselite sebe ali svoje najdra\u017eje na originalni na\u010din \u2013 s sporo\u010dilom v stekleni\u010dki!<\/h3>\n<h1>&#8222;I think I&#8217;ll miss you forever&#8220;<\/h1>\n<h3>Rastanci, gubici, nemogu\u0107e ljubavi&#8230; Sve je to deo \u017eivota. Ako po\u017eelite da vas neka mala stvar podse\u0107a na nekoga, ili da nekome na rastanku poklonite ne\u0161to posebno, ovo bi mogla da bude prava bo\u010dica za vas.<\/h3>","protected":false},"featured_media":3674,"comment_status":"open","ping_status":"closed","template":"","meta":{"ngg_post_thumbnail":0},"product_brand":[],"product_cat":[105,88,89,94],"product_tag":[],"class_list":{"0":"post-2709","1":"product","2":"type-product","3":"status-publish","4":"has-post-thumbnail","6":"product_cat-bocice","7":"product_cat-ljubav","8":"product_cat-prijateljstvo","9":"product_cat-porodica","11":"first","12":"instock","13":"purchasable","14":"product-type-simple"},"jetpack_sharing_enabled":true,"_links":{"self":[{"href":"https:\/\/www.zracakoblacak.com\/sl\/wp-json\/wp\/v2\/product\/2709","targetHints":{"allow":["GET"]}}],"collection":[{"href":"https:\/\/www.zracakoblacak.com\/sl\/wp-json\/wp\/v2\/product"}],"about":[{"href":"https:\/\/www.zracakoblacak.com\/sl\/wp-json\/wp\/v2\/types\/product"}],"replies":[{"embeddable":true,"href":"https:\/\/www.zracakoblacak.com\/sl\/wp-json\/wp\/v2\/comments?post=2709"}],"wp:featuredmedia":[{"embeddable":true,"href":"https:\/\/www.zracakoblacak.com\/sl\/wp-json\/wp\/v2\/media\/3674"}],"wp:attachment":[{"href":"https:\/\/www.zracakoblacak.com\/sl\/wp-json\/wp\/v2\/media?parent=2709"}],"wp:term":[{"taxonomy":"product_brand","embeddable":true,"href":"https:\/\/www.zracakoblacak.com\/sl\/wp-json\/wp\/v2\/product_brand?post=2709"},{"taxonomy":"product_cat","embeddable":true,"href":"https:\/\/www.zracakoblacak.com\/sl\/wp-json\/wp\/v2\/product_cat?post=2709"},{"taxonomy":"product_tag","embeddable":true,"href":"https:\/\/www.zracakoblacak.com\/sl\/wp-json\/wp\/v2\/product_tag?post=2709"}],"curies":[{"name":"wp","href":"https:\/\/api.w.org\/{rel}","templated":true}]}}