{"id":2710,"date":"2020-04-18T21:19:16","date_gmt":"2020-04-18T21:19:16","guid":{"rendered":"http:\/\/www.zracakoblacak.com\/?post_type=product&#038;p=2710"},"modified":"2023-06-05T07:15:48","modified_gmt":"2023-06-05T07:15:48","slug":"heart-print","status":"publish","type":"product","link":"https:\/\/www.zracakoblacak.com\/sl\/shop\/bocice\/prijateljstvo\/heart-print\/","title":{"rendered":"Wherever you go, leave a heart print"},"content":{"rendered":"<h2>Poruka u boci &#8211; &#8222;Wherever you go, leave a heart print&#8220;<\/h2>\n<h3>Material: steklo<\/h3>\n<h3>Dimenzije: 30 x 70 mm<\/h3>\n<h4>Sve \u0161to radite, radite srcem. \u0160irite ljubav, dobrotu, pa\u017enju&#8230;<\/h4>\n<h4>Ostaviti tragove na ne\u010dijem srcu je veliki uspeh. Ti se otisci nikada ne bri\u0161u. Zato, pritisnite sna\u017eno, svom snagom ljubavi i bez straha.<\/h4>\n<h4>\u010ce \u017eelite prebrati ve\u010d o simbolu sidra, preberite naslednji&nbsp;<a href=\"https:\/\/www.zracakoblacak.com\/sl\/simbol-srca\/\" target=\"_blank\" rel=\"noopener noreferrer\">\u010dlanek.<\/a><\/h4>","protected":false},"excerpt":{"rendered":"<h3>Razveselite sebe ali svoje najdra\u017eje na originalni na\u010din \u2013 s sporo\u010dilom v stekleni\u010dki!<\/h3>\n<h1>&#8222;Wherever you go, leave a heart print&#8220;<\/h1>\n<h3>Sve \u0161to radite, radite srcem. \u0160irite ljubav, dobrotu, pa\u017enju&#8230;<\/h3>\n<h3>Ostaviti tragove na ne\u010dijem srcu je veliki uspeh. Ti se otisci nikada ne bri\u0161u. Zato, pritisnite sna\u017eno, svom snagom ljubavi i bez straha.<\/h3>","protected":false},"featured_media":3673,"comment_status":"open","ping_status":"closed","template":"","meta":{"ngg_post_thumbnail":0},"product_brand":[],"product_cat":[105,89,91,95],"product_tag":[],"class_list":{"0":"post-2710","1":"product","2":"type-product","3":"status-publish","4":"has-post-thumbnail","6":"product_cat-bocice","7":"product_cat-prijateljstvo","8":"product_cat-cestitke","9":"product_cat-motivacija","11":"first","12":"instock","13":"purchasable","14":"product-type-simple"},"jetpack_sharing_enabled":true,"_links":{"self":[{"href":"https:\/\/www.zracakoblacak.com\/sl\/wp-json\/wp\/v2\/product\/2710","targetHints":{"allow":["GET"]}}],"collection":[{"href":"https:\/\/www.zracakoblacak.com\/sl\/wp-json\/wp\/v2\/product"}],"about":[{"href":"https:\/\/www.zracakoblacak.com\/sl\/wp-json\/wp\/v2\/types\/product"}],"replies":[{"embeddable":true,"href":"https:\/\/www.zracakoblacak.com\/sl\/wp-json\/wp\/v2\/comments?post=2710"}],"wp:featuredmedia":[{"embeddable":true,"href":"https:\/\/www.zracakoblacak.com\/sl\/wp-json\/wp\/v2\/media\/3673"}],"wp:attachment":[{"href":"https:\/\/www.zracakoblacak.com\/sl\/wp-json\/wp\/v2\/media?parent=2710"}],"wp:term":[{"taxonomy":"product_brand","embeddable":true,"href":"https:\/\/www.zracakoblacak.com\/sl\/wp-json\/wp\/v2\/product_brand?post=2710"},{"taxonomy":"product_cat","embeddable":true,"href":"https:\/\/www.zracakoblacak.com\/sl\/wp-json\/wp\/v2\/product_cat?post=2710"},{"taxonomy":"product_tag","embeddable":true,"href":"https:\/\/www.zracakoblacak.com\/sl\/wp-json\/wp\/v2\/product_tag?post=2710"}],"curies":[{"name":"wp","href":"https:\/\/api.w.org\/{rel}","templated":true}]}}