{"id":2711,"date":"2020-04-18T21:20:44","date_gmt":"2020-04-18T21:20:44","guid":{"rendered":"http:\/\/www.zracakoblacak.com\/?post_type=product&#038;p=2711"},"modified":"2023-06-05T07:16:32","modified_gmt":"2023-06-05T07:16:32","slug":"let-the-music-set-you-free","status":"publish","type":"product","link":"https:\/\/www.zracakoblacak.com\/sl\/shop\/bocice\/muzika\/let-the-music-set-you-free\/","title":{"rendered":"Close your eyes and let the music set you free"},"content":{"rendered":"<h2>Poruka u boci &#8211; &#8222;Close your eyes and let the music set you free&#8220;<\/h2>\n<h3>Material: steklo<\/h3>\n<h3>Obesek: nota<\/h3>\n<h3>Dimenzije: 30 x 70 mm<\/h3>\n<h4>Glasba ima mo\u010d, da nas popelje v najbolj oddaljene, najbolj nenavadne kraje. Dovolj je, da zapremo o\u010di, se ji prepustimo in se brezskrbno sprehodimo v svet domi\u0161ljije, kjer si na\u0161e srce \u017eeli biti.<\/h4>","protected":false},"excerpt":{"rendered":"<h3>Razveselite va\u0161e najdra\u017eje na originalni na\u010din \u2013 s sporo\u010dilom v stekleni\u010dki!<\/h3>\n<h1>&#8222;Close your eyes and let the music set you free&#8220;<i>&nbsp;&#8211; <\/i>&nbsp;<a href=\"https:\/\/www.youtube.com\/watch?v=77umP7IRxD4\" target=\"_blank\" rel=\"noopener noreferrer\">Phantom of the Opera<\/a><\/h1>\n<h3>Glasba ima mo\u010d, da nas popelje v najbolj oddaljene, najbolj nenavadne kraje. Dovolj je, da zapremo o\u010di, se ji prepustimo in se brezskrbno sprehodimo v svet domi\u0161ljije, kjer si na\u0161e srce \u017eeli biti.<\/h3>","protected":false},"featured_media":3671,"comment_status":"open","ping_status":"closed","template":"","meta":{"ngg_post_thumbnail":0},"product_brand":[],"product_cat":[105,95,93],"product_tag":[],"class_list":{"0":"post-2711","1":"product","2":"type-product","3":"status-publish","4":"has-post-thumbnail","6":"product_cat-bocice","7":"product_cat-motivacija","8":"product_cat-muzika","10":"first","11":"instock","12":"purchasable","13":"product-type-simple"},"jetpack_sharing_enabled":true,"_links":{"self":[{"href":"https:\/\/www.zracakoblacak.com\/sl\/wp-json\/wp\/v2\/product\/2711","targetHints":{"allow":["GET"]}}],"collection":[{"href":"https:\/\/www.zracakoblacak.com\/sl\/wp-json\/wp\/v2\/product"}],"about":[{"href":"https:\/\/www.zracakoblacak.com\/sl\/wp-json\/wp\/v2\/types\/product"}],"replies":[{"embeddable":true,"href":"https:\/\/www.zracakoblacak.com\/sl\/wp-json\/wp\/v2\/comments?post=2711"}],"wp:featuredmedia":[{"embeddable":true,"href":"https:\/\/www.zracakoblacak.com\/sl\/wp-json\/wp\/v2\/media\/3671"}],"wp:attachment":[{"href":"https:\/\/www.zracakoblacak.com\/sl\/wp-json\/wp\/v2\/media?parent=2711"}],"wp:term":[{"taxonomy":"product_brand","embeddable":true,"href":"https:\/\/www.zracakoblacak.com\/sl\/wp-json\/wp\/v2\/product_brand?post=2711"},{"taxonomy":"product_cat","embeddable":true,"href":"https:\/\/www.zracakoblacak.com\/sl\/wp-json\/wp\/v2\/product_cat?post=2711"},{"taxonomy":"product_tag","embeddable":true,"href":"https:\/\/www.zracakoblacak.com\/sl\/wp-json\/wp\/v2\/product_tag?post=2711"}],"curies":[{"name":"wp","href":"https:\/\/api.w.org\/{rel}","templated":true}]}}