{"id":2712,"date":"2020-04-18T21:22:12","date_gmt":"2020-04-18T21:22:12","guid":{"rendered":"http:\/\/www.zracakoblacak.com\/?post_type=product&#038;p=2712"},"modified":"2023-06-05T07:16:45","modified_gmt":"2023-06-05T07:16:45","slug":"chosen-family","status":"publish","type":"product","link":"https:\/\/www.zracakoblacak.com\/sl\/shop\/bocice\/prijateljstvo\/chosen-family\/","title":{"rendered":"Friends are chosen family"},"content":{"rendered":"<h2>Poruka u boci &#8211; &#8222;Friends are chosen family&#8220;<\/h2>\n<h3>Material: steklo<\/h3>\n<h3>Obesek: detelja<\/h3>\n<h3>Dimenzije: 30 x 70 mm<\/h3>\n<h3>\u010ce \u017eelite razveseliti prijatelje, ki so vam zelo blizu, tisto je steklenica za vas.<\/h3>\n<h3>Ni ve\u010djega komplimenta in ve\u010dje \u010dasti, kot \u010de bi nekoga smatrali za \u010dlana va\u0161e dru\u017eine. Presenetite svoje izbrane osebe brez posebnega razloga, saj so tak\u0161na darila najbolj posebna, le tako kot so va\u0161i prijatelji.<\/h3>","protected":false},"excerpt":{"rendered":"<h3>Razveselite va\u0161e najdra\u017eje na originalni na\u010din \u2013 s sporo\u010dilom v stekleni\u010dki!<\/h3>\n<h1>&#8222;Friends are chosen family&#8220;<\/h1>\n<h3>\u010ce \u017eelite razveseliti prijatelje, ki so vam zelo blizu, tisto je steklenica za vas.<\/h3>\n<h3>Ni ve\u010djega komplimenta in ve\u010dje \u010dasti, kot \u010de bi nekoga smatrali za \u010dlana va\u0161e dru\u017eine. Presenetite svoje izbrane osebe brez posebnega razloga, saj so tak\u0161na darila najbolj posebna, le tako kot so va\u0161i prijatelji.<\/h3>","protected":false},"featured_media":3670,"comment_status":"open","ping_status":"closed","template":"","meta":{"ngg_post_thumbnail":0},"product_brand":[],"product_cat":[105,89],"product_tag":[],"class_list":{"0":"post-2712","1":"product","2":"type-product","3":"status-publish","4":"has-post-thumbnail","6":"product_cat-bocice","7":"product_cat-prijateljstvo","9":"first","10":"instock","11":"purchasable","12":"product-type-simple"},"jetpack_sharing_enabled":true,"_links":{"self":[{"href":"https:\/\/www.zracakoblacak.com\/sl\/wp-json\/wp\/v2\/product\/2712","targetHints":{"allow":["GET"]}}],"collection":[{"href":"https:\/\/www.zracakoblacak.com\/sl\/wp-json\/wp\/v2\/product"}],"about":[{"href":"https:\/\/www.zracakoblacak.com\/sl\/wp-json\/wp\/v2\/types\/product"}],"replies":[{"embeddable":true,"href":"https:\/\/www.zracakoblacak.com\/sl\/wp-json\/wp\/v2\/comments?post=2712"}],"wp:featuredmedia":[{"embeddable":true,"href":"https:\/\/www.zracakoblacak.com\/sl\/wp-json\/wp\/v2\/media\/3670"}],"wp:attachment":[{"href":"https:\/\/www.zracakoblacak.com\/sl\/wp-json\/wp\/v2\/media?parent=2712"}],"wp:term":[{"taxonomy":"product_brand","embeddable":true,"href":"https:\/\/www.zracakoblacak.com\/sl\/wp-json\/wp\/v2\/product_brand?post=2712"},{"taxonomy":"product_cat","embeddable":true,"href":"https:\/\/www.zracakoblacak.com\/sl\/wp-json\/wp\/v2\/product_cat?post=2712"},{"taxonomy":"product_tag","embeddable":true,"href":"https:\/\/www.zracakoblacak.com\/sl\/wp-json\/wp\/v2\/product_tag?post=2712"}],"curies":[{"name":"wp","href":"https:\/\/api.w.org\/{rel}","templated":true}]}}