{"id":2713,"date":"2020-04-18T21:24:20","date_gmt":"2020-04-18T21:24:20","guid":{"rendered":"http:\/\/www.zracakoblacak.com\/?post_type=product&#038;p=2713"},"modified":"2023-06-05T07:16:59","modified_gmt":"2023-06-05T07:16:59","slug":"love-for-you-is-a-journey","status":"publish","type":"product","link":"https:\/\/www.zracakoblacak.com\/sl\/shop\/bocice\/ljubav\/love-for-you-is-a-journey\/","title":{"rendered":"My love for you is a journey"},"content":{"rendered":"<h2>Poruka u boci &#8211; &#8222;My love for you is a journey. Starting at forever, and ending at never!&#8220;<\/h2>\n<h3>Material: steklo<\/h3>\n<h3>Obesek: sidro in infinity<\/h3>\n<h3>Dimenzije: 30 x 70 mm<\/h3>\n<h4>Kada nekoga zavolite, kre\u0107ete na putovanje. Sve \u0161to vam je potrebno je kofer pun ljubavi. Simbol sidra nagla\u0161ava sigurnost, a &#8222;infinity&#8220; postavlja cilj putovanja, a to je &#8211; beskraj&#8230;<\/h4>\n<h4>\u010ce \u017eelite prebrati ve\u010d o simbolu sidra, preberite naslednji&nbsp;<a href=\"https:\/\/www.zracakoblacak.com\/sl\/simbol-sidra\/\" target=\"_blank\" rel=\"noopener noreferrer\">\u010dlanek.<\/a><\/h4>","protected":false},"excerpt":{"rendered":"<h3>Razveselite va\u0161e najdra\u017eje na originalni na\u010din \u2013 s sporo\u010dilom v stekleni\u010dki!<\/h3>\n<h1>&#8222;My love for you is a journey. Starting at forever, and ending at never!&#8220;<\/h1>\n<h3>Kada nekoga zavolite, kre\u0107ete na putovanje. Sve \u0161to vam je potrebno je kofer pun ljubavi. Simbol sidra nagla\u0161ava sigurnost, a &#8222;infinity&#8220; postavlja cilj putovanja, a to je &#8211; beskraj&#8230;<\/h3>","protected":false},"featured_media":3669,"comment_status":"open","ping_status":"closed","template":"","meta":{"ngg_post_thumbnail":0},"product_brand":[],"product_cat":[105,88,94,92,95],"product_tag":[],"class_list":{"0":"post-2713","1":"product","2":"type-product","3":"status-publish","4":"has-post-thumbnail","6":"product_cat-bocice","7":"product_cat-ljubav","8":"product_cat-porodica","9":"product_cat-vencanje","10":"product_cat-motivacija","12":"first","13":"instock","14":"purchasable","15":"product-type-simple"},"jetpack_sharing_enabled":true,"_links":{"self":[{"href":"https:\/\/www.zracakoblacak.com\/sl\/wp-json\/wp\/v2\/product\/2713","targetHints":{"allow":["GET"]}}],"collection":[{"href":"https:\/\/www.zracakoblacak.com\/sl\/wp-json\/wp\/v2\/product"}],"about":[{"href":"https:\/\/www.zracakoblacak.com\/sl\/wp-json\/wp\/v2\/types\/product"}],"replies":[{"embeddable":true,"href":"https:\/\/www.zracakoblacak.com\/sl\/wp-json\/wp\/v2\/comments?post=2713"}],"wp:featuredmedia":[{"embeddable":true,"href":"https:\/\/www.zracakoblacak.com\/sl\/wp-json\/wp\/v2\/media\/3669"}],"wp:attachment":[{"href":"https:\/\/www.zracakoblacak.com\/sl\/wp-json\/wp\/v2\/media?parent=2713"}],"wp:term":[{"taxonomy":"product_brand","embeddable":true,"href":"https:\/\/www.zracakoblacak.com\/sl\/wp-json\/wp\/v2\/product_brand?post=2713"},{"taxonomy":"product_cat","embeddable":true,"href":"https:\/\/www.zracakoblacak.com\/sl\/wp-json\/wp\/v2\/product_cat?post=2713"},{"taxonomy":"product_tag","embeddable":true,"href":"https:\/\/www.zracakoblacak.com\/sl\/wp-json\/wp\/v2\/product_tag?post=2713"}],"curies":[{"name":"wp","href":"https:\/\/api.w.org\/{rel}","templated":true}]}}