{"id":2715,"date":"2020-04-18T21:27:12","date_gmt":"2020-04-18T21:27:12","guid":{"rendered":"http:\/\/www.zracakoblacak.com\/?post_type=product&#038;p=2715"},"modified":"2023-06-05T07:17:11","modified_gmt":"2023-06-05T07:17:11","slug":"your-smile-c","status":"publish","type":"product","link":"https:\/\/www.zracakoblacak.com\/sl\/shop\/bocice\/ljubav\/your-smile-c\/","title":{"rendered":"Your smile conquers my heart"},"content":{"rendered":"<h2>Poruka u boci &#8211; &#8222;Your smile conquers my heart&#8220;<\/h2>\n<h3>Material: steklo<\/h3>\n<h3>Dimenzije: 20 x 75 mm<\/h3>\n<h4>&#8222;Osmeh je kriva linija koja ispravlja mnoge stvari.&#8220; Izvor koji ne presu\u0161uje, a sasvim je besplatan. Potrebno je samo da je prirodan i iskren.<\/h4>\n<h4>Nasmeh ima zdravilno mo\u010d, krepi imuniteto, vpliva na izlo\u010danje dobrih hormonov, laj\u0161a stres in ne samo da polep\u0161a lastnika, ampak tudi vse v njegovem okolju. Nasmeh privla\u010di nasmeh. Eden je dovolj, da osvoji ne\u010digavo srce. Ko se vas dotakne, nikoli ve\u010d niste imuni nanj.<\/h4>","protected":false},"excerpt":{"rendered":"<h3>Razveselite va\u0161e najdra\u017eje na originalni na\u010din \u2013 s sporo\u010dilom v stekleni\u010dki!<\/h3>\n<h1>&#8222;Your smile conquers my heart&#8220;<\/h1>\n<h3>&#8222;Osmeh je kriva linija koja ispravlja mnoge stvari.&#8220; Izvor koji ne presu\u0161uje, a sasvim je besplatan. Potrebno je samo da je prirodan i iskren.<\/h3>\n<h3>Nasmeh ima zdravilno mo\u010d, krepi imuniteto, vpliva na izlo\u010danje dobrih hormonov, laj\u0161a stres in ne samo da polep\u0161a lastnika, ampak tudi vse v njegovem okolju. Nasmeh privla\u010di nasmeh. Eden je dovolj, da osvoji ne\u010digavo srce. Ko se vas dotakne, nikoli ve\u010d niste imuni nanj.<\/h3>","protected":false},"featured_media":3665,"comment_status":"open","ping_status":"closed","template":"","meta":{"ngg_post_thumbnail":0},"product_brand":[],"product_cat":[105,88,89,95],"product_tag":[],"class_list":{"0":"post-2715","1":"product","2":"type-product","3":"status-publish","4":"has-post-thumbnail","6":"product_cat-bocice","7":"product_cat-ljubav","8":"product_cat-prijateljstvo","9":"product_cat-motivacija","11":"first","12":"instock","13":"purchasable","14":"product-type-simple"},"jetpack_sharing_enabled":true,"_links":{"self":[{"href":"https:\/\/www.zracakoblacak.com\/sl\/wp-json\/wp\/v2\/product\/2715","targetHints":{"allow":["GET"]}}],"collection":[{"href":"https:\/\/www.zracakoblacak.com\/sl\/wp-json\/wp\/v2\/product"}],"about":[{"href":"https:\/\/www.zracakoblacak.com\/sl\/wp-json\/wp\/v2\/types\/product"}],"replies":[{"embeddable":true,"href":"https:\/\/www.zracakoblacak.com\/sl\/wp-json\/wp\/v2\/comments?post=2715"}],"wp:featuredmedia":[{"embeddable":true,"href":"https:\/\/www.zracakoblacak.com\/sl\/wp-json\/wp\/v2\/media\/3665"}],"wp:attachment":[{"href":"https:\/\/www.zracakoblacak.com\/sl\/wp-json\/wp\/v2\/media?parent=2715"}],"wp:term":[{"taxonomy":"product_brand","embeddable":true,"href":"https:\/\/www.zracakoblacak.com\/sl\/wp-json\/wp\/v2\/product_brand?post=2715"},{"taxonomy":"product_cat","embeddable":true,"href":"https:\/\/www.zracakoblacak.com\/sl\/wp-json\/wp\/v2\/product_cat?post=2715"},{"taxonomy":"product_tag","embeddable":true,"href":"https:\/\/www.zracakoblacak.com\/sl\/wp-json\/wp\/v2\/product_tag?post=2715"}],"curies":[{"name":"wp","href":"https:\/\/api.w.org\/{rel}","templated":true}]}}