{"id":2716,"date":"2020-04-18T21:29:02","date_gmt":"2020-04-18T21:29:02","guid":{"rendered":"http:\/\/www.zracakoblacak.com\/?post_type=product&#038;p=2716"},"modified":"2023-06-05T07:17:22","modified_gmt":"2023-06-05T07:17:22","slug":"when-words-fail-music-speaks","status":"publish","type":"product","link":"https:\/\/www.zracakoblacak.com\/sl\/shop\/bocice\/ljubav\/when-words-fail-music-speaks\/","title":{"rendered":"When words fail, music speaks"},"content":{"rendered":"<h2>Poruka u boci &#8211; &#8222;When words fail, music speaks&#8220;<\/h2>\n<h3>Material: steklo<\/h3>\n<h3>Dimenzije: 20 x 75 mm<\/h3>\n<h4>&#8222;Music expresses that which cannot be said and on which it is impossible to be silent.&#8220; \u2015 Victor Hugo<\/h4>\n<h4>Kolikokrat se vam je zgodilo, da ma koliko skrbno ste izbirali besede, niste mogli opisati svojih ob\u010dutkov? Kolikokrat se vam je zgodilo, da nekatera pesem izra\u017ea to\u010dno to kar \u010dutite? Glasba je popoln paket. Prepustite se me\u0161anici not in besedil in samo \u010dutite ...<\/h4>\n<h4>Ne odla\u0161ajte, da nekomu posvetite pesem.<\/h4>\n<h4>Uz simpati\u010dnu poruku u bo\u010dici i taktove &#8222;prave&#8220; pesme, napravite trenutak za pam\u0107enje.<\/h4>\n<h4>&nbsp;<\/h4>","protected":false},"excerpt":{"rendered":"<h3>Razveselite sebe ali svoje najdra\u017eje na originalni na\u010din \u2013 s sporo\u010dilom v stekleni\u010dki!<\/h3>\n<h1>&#8222;Where words fail, music speaks.&#8220; &#8211; H. C. Andersen<\/h1>\n<h3>Kolikokrat se vam je zgodilo, da ma koliko skrbno ste izbirali besede, niste mogli opisati svojih ob\u010dutkov? Kolikokrat se vam je zgodilo, da nekatera pesem izra\u017ea to\u010dno to kar \u010dutite? Glasba je popoln paket. Prepustite se me\u0161anici not in besedil in samo \u010dutite ...&nbsp;<\/h3>\n<p>&nbsp;<\/p>","protected":false},"featured_media":3664,"comment_status":"open","ping_status":"closed","template":"","meta":{"ngg_post_thumbnail":0},"product_brand":[],"product_cat":[105,88,89,93],"product_tag":[],"class_list":{"0":"post-2716","1":"product","2":"type-product","3":"status-publish","4":"has-post-thumbnail","6":"product_cat-bocice","7":"product_cat-ljubav","8":"product_cat-prijateljstvo","9":"product_cat-muzika","11":"first","12":"instock","13":"purchasable","14":"product-type-simple"},"jetpack_sharing_enabled":true,"_links":{"self":[{"href":"https:\/\/www.zracakoblacak.com\/sl\/wp-json\/wp\/v2\/product\/2716","targetHints":{"allow":["GET"]}}],"collection":[{"href":"https:\/\/www.zracakoblacak.com\/sl\/wp-json\/wp\/v2\/product"}],"about":[{"href":"https:\/\/www.zracakoblacak.com\/sl\/wp-json\/wp\/v2\/types\/product"}],"replies":[{"embeddable":true,"href":"https:\/\/www.zracakoblacak.com\/sl\/wp-json\/wp\/v2\/comments?post=2716"}],"wp:featuredmedia":[{"embeddable":true,"href":"https:\/\/www.zracakoblacak.com\/sl\/wp-json\/wp\/v2\/media\/3664"}],"wp:attachment":[{"href":"https:\/\/www.zracakoblacak.com\/sl\/wp-json\/wp\/v2\/media?parent=2716"}],"wp:term":[{"taxonomy":"product_brand","embeddable":true,"href":"https:\/\/www.zracakoblacak.com\/sl\/wp-json\/wp\/v2\/product_brand?post=2716"},{"taxonomy":"product_cat","embeddable":true,"href":"https:\/\/www.zracakoblacak.com\/sl\/wp-json\/wp\/v2\/product_cat?post=2716"},{"taxonomy":"product_tag","embeddable":true,"href":"https:\/\/www.zracakoblacak.com\/sl\/wp-json\/wp\/v2\/product_tag?post=2716"}],"curies":[{"name":"wp","href":"https:\/\/api.w.org\/{rel}","templated":true}]}}