{"id":2982,"date":"2020-04-25T20:53:18","date_gmt":"2020-04-25T20:53:18","guid":{"rendered":"https:\/\/www.zracakoblacak.com\/?post_type=product&#038;p=2982"},"modified":"2023-06-05T07:17:32","modified_gmt":"2023-06-05T07:17:32","slug":"be-your-own-anchor","status":"publish","type":"product","link":"https:\/\/www.zracakoblacak.com\/sl\/shop\/bocice\/prijateljstvo\/be-your-own-anchor\/","title":{"rendered":"Be your own anchor"},"content":{"rendered":"<h2>Poruka u boci &#8211; &#8222;Be your own anchor&#8220;<\/h2>\n<h3>Material: steklo<\/h3>\n<h3>Obesek: sidro<\/h3>\n<h3>Dimenzije: 30 x 70 mm<\/h3>\n<h4>V razli\u010dnih situacijah se zana\u0161amo na drage ljudi, dru\u017eino... V\u010dasih pridejo trenutki, ko se po\u010dutimo osamljeni, izgubljeni, brez mo\u010di. Takrat je pomembno najti pogum, biti mo\u010dan in verjeti vase.<\/h4>\n<h4>V trenutkih, ko vam je te\u017eko, najdite na\u010din da spodbudite sebe in spomnite se koliko ste mo\u010dni. Vi ste kot sidro, ki si soo\u010da z nevihtami, ampak vseeno ostaja stabilno in mo\u010dno.<\/h4>\n<h4>\u010ce \u017eelite prebrati ve\u010d o simbolu sidra, preberite naslednji&nbsp;<a href=\"https:\/\/www.zracakoblacak.com\/sl\/simbol-sidra\/\" target=\"_blank\" rel=\"noopener noreferrer\">\u010dlanek.<\/a><\/h4>","protected":false},"excerpt":{"rendered":"<h3>Razveselite sebe ali svoje najdra\u017eje na originalni na\u010din \u2013 s sporo\u010dilom v stekleni\u010dki!<\/h3>\n<h1>&#8222;Be your own anchor&#8220;<\/h1>\n<h3>V trenutkih, ko vam je te\u017eko, najdite na\u010din da spodbudite sebe in spomnite se koliko ste mo\u010dni. Vi ste kot sidro, ki si soo\u010da z nevihtami, ampak vseeno ostaja stabilno in mo\u010dno.<\/h3>\n<p>&nbsp;<\/p>","protected":false},"featured_media":2984,"comment_status":"open","ping_status":"closed","template":"","meta":{"ngg_post_thumbnail":0},"product_brand":[],"product_cat":[105,89,94,95],"product_tag":[],"class_list":{"0":"post-2982","1":"product","2":"type-product","3":"status-publish","4":"has-post-thumbnail","6":"product_cat-bocice","7":"product_cat-prijateljstvo","8":"product_cat-porodica","9":"product_cat-motivacija","11":"first","12":"instock","13":"shipping-taxable","14":"purchasable","15":"product-type-simple"},"jetpack_sharing_enabled":true,"_links":{"self":[{"href":"https:\/\/www.zracakoblacak.com\/sl\/wp-json\/wp\/v2\/product\/2982","targetHints":{"allow":["GET"]}}],"collection":[{"href":"https:\/\/www.zracakoblacak.com\/sl\/wp-json\/wp\/v2\/product"}],"about":[{"href":"https:\/\/www.zracakoblacak.com\/sl\/wp-json\/wp\/v2\/types\/product"}],"replies":[{"embeddable":true,"href":"https:\/\/www.zracakoblacak.com\/sl\/wp-json\/wp\/v2\/comments?post=2982"}],"wp:featuredmedia":[{"embeddable":true,"href":"https:\/\/www.zracakoblacak.com\/sl\/wp-json\/wp\/v2\/media\/2984"}],"wp:attachment":[{"href":"https:\/\/www.zracakoblacak.com\/sl\/wp-json\/wp\/v2\/media?parent=2982"}],"wp:term":[{"taxonomy":"product_brand","embeddable":true,"href":"https:\/\/www.zracakoblacak.com\/sl\/wp-json\/wp\/v2\/product_brand?post=2982"},{"taxonomy":"product_cat","embeddable":true,"href":"https:\/\/www.zracakoblacak.com\/sl\/wp-json\/wp\/v2\/product_cat?post=2982"},{"taxonomy":"product_tag","embeddable":true,"href":"https:\/\/www.zracakoblacak.com\/sl\/wp-json\/wp\/v2\/product_tag?post=2982"}],"curies":[{"name":"wp","href":"https:\/\/api.w.org\/{rel}","templated":true}]}}