{"id":2989,"date":"2020-04-25T21:07:48","date_gmt":"2020-04-25T21:07:48","guid":{"rendered":"https:\/\/www.zracakoblacak.com\/?post_type=product&#038;p=2989"},"modified":"2023-06-05T07:18:02","modified_gmt":"2023-06-05T07:18:02","slug":"penguin-for-every-penguin","status":"publish","type":"product","link":"https:\/\/www.zracakoblacak.com\/sl\/shop\/bocice\/ljubav\/penguin-for-every-penguin\/","title":{"rendered":"There is a penguin for every penguin"},"content":{"rendered":"<h2>Poruka u boci &#8211; &#8222;There is a penguin for every penguin&#8220;<\/h2>\n<h3>Material: steklo<\/h3>\n<h3>Dimenzije: 20 x 75 mm<\/h3>\n<h4>\u017divot je pun padova i razo\u010daranja. Izmamite osmeh nekom &#8222;povre\u0111enom&#8220; ili usamljenom prijatelju i oraspolo\u017eite ga.<\/h4>\n<h4>Da najdete resni\u010dno ljubezen potrebujete le \u010das. Za vsakogar obstaja nekdo. Nikoli ne obupajte in na\u0161li boste svojega pingvina.<\/h4>\n<p>&nbsp;<\/p>","protected":false},"excerpt":{"rendered":"<h3>Razveselite va\u0161e najdra\u017eje na originalni na\u010din \u2013 s sporo\u010dilom v stekleni\u010dki!<\/h3>\n<h1>&#8222;There is a penguin for every penguin&#8220;<\/h1>\n<h3>Da najdete resni\u010dno ljubezen potrebujete le \u010das. Za vsakogar obstaja nekdo. Nikoli ne obupajte in na\u0161li boste svojega pingvina.<\/h3>\n<p>&nbsp;<\/p>","protected":false},"featured_media":2990,"comment_status":"open","ping_status":"closed","template":"","meta":{"ngg_post_thumbnail":0},"product_brand":[],"product_cat":[105,88,89,90,95],"product_tag":[],"class_list":{"0":"post-2989","1":"product","2":"type-product","3":"status-publish","4":"has-post-thumbnail","6":"product_cat-bocice","7":"product_cat-ljubav","8":"product_cat-prijateljstvo","9":"product_cat-zabava","10":"product_cat-motivacija","12":"first","13":"instock","14":"shipping-taxable","15":"purchasable","16":"product-type-simple"},"jetpack_sharing_enabled":true,"_links":{"self":[{"href":"https:\/\/www.zracakoblacak.com\/sl\/wp-json\/wp\/v2\/product\/2989","targetHints":{"allow":["GET"]}}],"collection":[{"href":"https:\/\/www.zracakoblacak.com\/sl\/wp-json\/wp\/v2\/product"}],"about":[{"href":"https:\/\/www.zracakoblacak.com\/sl\/wp-json\/wp\/v2\/types\/product"}],"replies":[{"embeddable":true,"href":"https:\/\/www.zracakoblacak.com\/sl\/wp-json\/wp\/v2\/comments?post=2989"}],"wp:featuredmedia":[{"embeddable":true,"href":"https:\/\/www.zracakoblacak.com\/sl\/wp-json\/wp\/v2\/media\/2990"}],"wp:attachment":[{"href":"https:\/\/www.zracakoblacak.com\/sl\/wp-json\/wp\/v2\/media?parent=2989"}],"wp:term":[{"taxonomy":"product_brand","embeddable":true,"href":"https:\/\/www.zracakoblacak.com\/sl\/wp-json\/wp\/v2\/product_brand?post=2989"},{"taxonomy":"product_cat","embeddable":true,"href":"https:\/\/www.zracakoblacak.com\/sl\/wp-json\/wp\/v2\/product_cat?post=2989"},{"taxonomy":"product_tag","embeddable":true,"href":"https:\/\/www.zracakoblacak.com\/sl\/wp-json\/wp\/v2\/product_tag?post=2989"}],"curies":[{"name":"wp","href":"https:\/\/api.w.org\/{rel}","templated":true}]}}