{"id":2998,"date":"2020-04-25T21:19:35","date_gmt":"2020-04-25T21:19:35","guid":{"rendered":"https:\/\/www.zracakoblacak.com\/?post_type=product&#038;p=2998"},"modified":"2023-06-05T07:18:45","modified_gmt":"2023-06-05T07:18:45","slug":"staying-by-my-side","status":"publish","type":"product","link":"https:\/\/www.zracakoblacak.com\/sl\/shop\/bocice\/ljubav\/staying-by-my-side\/","title":{"rendered":"Thank you for staying by my side"},"content":{"rendered":"<h2>Poruka u boci &#8211; &#8222;Thank you for staying by my side&#8220;<\/h2>\n<h3>Material: steklo<\/h3>\n<h3>Dimenzije: 30 x 70 mm<\/h3>\n<h4>Prijateljem, ki so vedno ob va\u0161i strani, ne samo tkrat ko je vse v redu, niso potrebna darila. Oni so va\u0161i prijatelji, ker ste vi vi.<\/h4>\n<h4>Ampak, pozornost vsakomu pa\u0161e. Tak\u0161ne prijatelje je potrebno obdr\u017eati. Lepo je podariti jim kak\u0161no malenkost in sporo\u010diti jim, da so posebni in pomembni.<\/h4>","protected":false},"excerpt":{"rendered":"<h3>Razveselite va\u0161e najdra\u017eje na originalni na\u010din \u2013 s sporo\u010dilom v stekleni\u010dki!<\/h3>\n<h1>&#8222;Thank you for staying by my side&#8220;<\/h1>\n<h3>Prijateljem, ki so vedno ob va\u0161i strani, ne samo tkrat ko je vse v redu, niso potrebna darila. Oni so va\u0161i prijatelji, ker ste vi vi.<\/h3>\n<h3>Ampak, pozornost vsakomu pa\u0161e. Tak\u0161ne prijatelje je potrebno obdr\u017eati. Lepo je podariti jim kak\u0161no malenkost in sporo\u010diti jim, da so posebni in pomembni.<\/h3>","protected":false},"featured_media":3677,"comment_status":"open","ping_status":"closed","template":"","meta":{"ngg_post_thumbnail":0},"product_brand":[],"product_cat":[105,88,89,94],"product_tag":[],"class_list":{"0":"post-2998","1":"product","2":"type-product","3":"status-publish","4":"has-post-thumbnail","6":"product_cat-bocice","7":"product_cat-ljubav","8":"product_cat-prijateljstvo","9":"product_cat-porodica","11":"first","12":"instock","13":"shipping-taxable","14":"purchasable","15":"product-type-simple"},"jetpack_sharing_enabled":true,"_links":{"self":[{"href":"https:\/\/www.zracakoblacak.com\/sl\/wp-json\/wp\/v2\/product\/2998","targetHints":{"allow":["GET"]}}],"collection":[{"href":"https:\/\/www.zracakoblacak.com\/sl\/wp-json\/wp\/v2\/product"}],"about":[{"href":"https:\/\/www.zracakoblacak.com\/sl\/wp-json\/wp\/v2\/types\/product"}],"replies":[{"embeddable":true,"href":"https:\/\/www.zracakoblacak.com\/sl\/wp-json\/wp\/v2\/comments?post=2998"}],"wp:featuredmedia":[{"embeddable":true,"href":"https:\/\/www.zracakoblacak.com\/sl\/wp-json\/wp\/v2\/media\/3677"}],"wp:attachment":[{"href":"https:\/\/www.zracakoblacak.com\/sl\/wp-json\/wp\/v2\/media?parent=2998"}],"wp:term":[{"taxonomy":"product_brand","embeddable":true,"href":"https:\/\/www.zracakoblacak.com\/sl\/wp-json\/wp\/v2\/product_brand?post=2998"},{"taxonomy":"product_cat","embeddable":true,"href":"https:\/\/www.zracakoblacak.com\/sl\/wp-json\/wp\/v2\/product_cat?post=2998"},{"taxonomy":"product_tag","embeddable":true,"href":"https:\/\/www.zracakoblacak.com\/sl\/wp-json\/wp\/v2\/product_tag?post=2998"}],"curies":[{"name":"wp","href":"https:\/\/api.w.org\/{rel}","templated":true}]}}