{"id":3000,"date":"2020-04-25T21:21:39","date_gmt":"2020-04-25T21:21:39","guid":{"rendered":"https:\/\/www.zracakoblacak.com\/?post_type=product&#038;p=3000"},"modified":"2023-06-05T07:18:57","modified_gmt":"2023-06-05T07:18:57","slug":"fish-for-love","status":"publish","type":"product","link":"https:\/\/www.zracakoblacak.com\/sl\/shop\/bocice\/ljubav\/fish-for-love\/","title":{"rendered":"When you fish for love&#8230;"},"content":{"rendered":"<h2>Poruka u boci &#8211; &#8222;When you fish for love, bait with your hart not your brain&#8220;<\/h2>\n<h3>Material: steklo<\/h3>\n<h3>Dimenzije: 30 x 70 mm<\/h3>\n<h4>Ljubezen je najlep\u0161i ob\u010dutek.<\/h4>\n<h4>&#8222;Srce ima svoje razloge koje razum ne mo\u017ee razumeti&#8220; (Paskal). Isto tako, razum ima svoje zahteve koje srce \u010desto ne prati. Srce se vodi ose\u0107anjima, ono &#8222;ose\u0107a&#8220;, a razum logikom, &#8222;misli&#8220;.<\/h4>\n<h4>Poslu\u0161ajte svoje srce in z njemu se odlo\u010dajte. Ampak, spoznajte osebu kateru imate radi in dovolite razumu, da \u010dim bolj razume zakaj jo imate radi. Srce in razum se morajo ujemati. Med njimi ni prostora za nestrinjanje. Morajo, da dopolnijo drug drugega, ne da vodijo vojno.  Naj vas srce vodi in ne bojte se ljubiti.<\/h4>","protected":false},"excerpt":{"rendered":"<h3>Razveselite va\u0161e najdra\u017eje na originalni na\u010din \u2013 s sporo\u010dilom v stekleni\u010dki!<\/h3>\n<h1>&#8222;When you fish for love, bait with your hart not your brain&#8220; &#8211; Mark Twain<\/h1>\n<h3>Poslu\u0161ajte svoje srce in z njemu se odlo\u010dajte. Ampak, spoznajte osebu kateru imate radi in dovolite razumu, da \u010dim bolj razume zakaj jo imate radi. Srce in razum se morajo ujemati. Med njimi ni prostora za nestrinjanje. Morajo, da dopolnijo drug drugega, ne da vodijo vojno.  Naj vas srce vodi in ne bojte se ljubiti.<\/h3>","protected":false},"featured_media":3684,"comment_status":"open","ping_status":"closed","template":"","meta":{"ngg_post_thumbnail":0},"product_brand":[],"product_cat":[105,88,89,94,90,95],"product_tag":[],"class_list":{"0":"post-3000","1":"product","2":"type-product","3":"status-publish","4":"has-post-thumbnail","6":"product_cat-bocice","7":"product_cat-ljubav","8":"product_cat-prijateljstvo","9":"product_cat-porodica","10":"product_cat-zabava","11":"product_cat-motivacija","13":"first","14":"instock","15":"shipping-taxable","16":"purchasable","17":"product-type-simple"},"jetpack_sharing_enabled":true,"_links":{"self":[{"href":"https:\/\/www.zracakoblacak.com\/sl\/wp-json\/wp\/v2\/product\/3000","targetHints":{"allow":["GET"]}}],"collection":[{"href":"https:\/\/www.zracakoblacak.com\/sl\/wp-json\/wp\/v2\/product"}],"about":[{"href":"https:\/\/www.zracakoblacak.com\/sl\/wp-json\/wp\/v2\/types\/product"}],"replies":[{"embeddable":true,"href":"https:\/\/www.zracakoblacak.com\/sl\/wp-json\/wp\/v2\/comments?post=3000"}],"wp:featuredmedia":[{"embeddable":true,"href":"https:\/\/www.zracakoblacak.com\/sl\/wp-json\/wp\/v2\/media\/3684"}],"wp:attachment":[{"href":"https:\/\/www.zracakoblacak.com\/sl\/wp-json\/wp\/v2\/media?parent=3000"}],"wp:term":[{"taxonomy":"product_brand","embeddable":true,"href":"https:\/\/www.zracakoblacak.com\/sl\/wp-json\/wp\/v2\/product_brand?post=3000"},{"taxonomy":"product_cat","embeddable":true,"href":"https:\/\/www.zracakoblacak.com\/sl\/wp-json\/wp\/v2\/product_cat?post=3000"},{"taxonomy":"product_tag","embeddable":true,"href":"https:\/\/www.zracakoblacak.com\/sl\/wp-json\/wp\/v2\/product_tag?post=3000"}],"curies":[{"name":"wp","href":"https:\/\/api.w.org\/{rel}","templated":true}]}}