{"id":3204,"date":"2020-05-06T08:01:17","date_gmt":"2020-05-06T08:01:17","guid":{"rendered":"https:\/\/www.zracakoblacak.com\/?post_type=product&#038;p=3204"},"modified":"2023-06-05T07:19:29","modified_gmt":"2023-06-05T07:19:29","slug":"i-love-you-with-all-my-heart","status":"publish","type":"product","link":"https:\/\/www.zracakoblacak.com\/sl\/shop\/bocice\/ljubav\/i-love-you-with-all-my-heart\/","title":{"rendered":"I love you with all my heart"},"content":{"rendered":"<h2>Poruka u boci \u2013 &#8222;I love you with all my heart&#8220;<\/h2>\n<h3>Material: steklo<\/h3>\n<h3>Dimenzije: 20 x 75 mm<\/h3>\n<h4>\u010ce nekoga imate radi, vsak dan je pravi \u010das, da mu to poveste.&nbsp;<\/h4>\n<h4>\u010ce \u017eelite prebrati ve\u010d o simbolu sidra, preberite naslednji&nbsp;<a href=\"https:\/\/www.zracakoblacak.com\/sl\/simbol-srca\/\" target=\"_blank\" rel=\"noopener noreferrer\">\u010dlanek.<\/a><\/h4>","protected":false},"excerpt":{"rendered":"<h3>Razveselite va\u0161e najdra\u017eje na originalni na\u010din \u2013 s sporo\u010dilom v stekleni\u010dki!<\/h3>\n<h1>&#8222;I love you with all my heart&#8220;<\/h1>\n<h3>\u010ce nekoga imate radi, vsak dan je pravi \u010das, da mu to poveste.&nbsp;<\/h3>","protected":false},"featured_media":3688,"comment_status":"open","ping_status":"closed","template":"","meta":{"ngg_post_thumbnail":0},"product_brand":[],"product_cat":[105,88,92],"product_tag":[],"class_list":{"0":"post-3204","1":"product","2":"type-product","3":"status-publish","4":"has-post-thumbnail","6":"product_cat-bocice","7":"product_cat-ljubav","8":"product_cat-vencanje","10":"first","11":"instock","12":"shipping-taxable","13":"purchasable","14":"product-type-simple"},"jetpack_sharing_enabled":true,"_links":{"self":[{"href":"https:\/\/www.zracakoblacak.com\/sl\/wp-json\/wp\/v2\/product\/3204","targetHints":{"allow":["GET"]}}],"collection":[{"href":"https:\/\/www.zracakoblacak.com\/sl\/wp-json\/wp\/v2\/product"}],"about":[{"href":"https:\/\/www.zracakoblacak.com\/sl\/wp-json\/wp\/v2\/types\/product"}],"replies":[{"embeddable":true,"href":"https:\/\/www.zracakoblacak.com\/sl\/wp-json\/wp\/v2\/comments?post=3204"}],"wp:featuredmedia":[{"embeddable":true,"href":"https:\/\/www.zracakoblacak.com\/sl\/wp-json\/wp\/v2\/media\/3688"}],"wp:attachment":[{"href":"https:\/\/www.zracakoblacak.com\/sl\/wp-json\/wp\/v2\/media?parent=3204"}],"wp:term":[{"taxonomy":"product_brand","embeddable":true,"href":"https:\/\/www.zracakoblacak.com\/sl\/wp-json\/wp\/v2\/product_brand?post=3204"},{"taxonomy":"product_cat","embeddable":true,"href":"https:\/\/www.zracakoblacak.com\/sl\/wp-json\/wp\/v2\/product_cat?post=3204"},{"taxonomy":"product_tag","embeddable":true,"href":"https:\/\/www.zracakoblacak.com\/sl\/wp-json\/wp\/v2\/product_tag?post=3204"}],"curies":[{"name":"wp","href":"https:\/\/api.w.org\/{rel}","templated":true}]}}