{"id":3208,"date":"2020-05-06T08:15:10","date_gmt":"2020-05-06T08:15:10","guid":{"rendered":"https:\/\/www.zracakoblacak.com\/?post_type=product&#038;p=3208"},"modified":"2022-12-02T20:10:46","modified_gmt":"2022-12-02T20:10:46","slug":"fly-me-to-the-moon","status":"publish","type":"product","link":"https:\/\/www.zracakoblacak.com\/sl\/shop\/bocice\/ljubav\/fly-me-to-the-moon\/","title":{"rendered":"Fly me to the moon"},"content":{"rendered":"<h2>Poruka u boci \u2013 &#8222;Fly me to the moon&#8220;<\/h2>\n<h3>Material: steklo<\/h3>\n<h3>Obesek: luna z zvezdico<\/h3>\n<h3>Dimenzije: 30 x 70 mm<\/h3>\n<h4>\u017delite va\u0161i ljubljeni osebi, da poka\u017eete, da je posebna? Tisto so verzi za vas...<\/h4>\n<h4>Samo dotik, prisotnost te osebe, pelje vas v neki nebe\u0161ki svet. Mesec je vedno bil povezan z lepoto. \u010darovnijo, sanjam. Va\u0161a resni\u010dnost zraven te osebe je uresni\u010ditev sanj.&nbsp;<\/h4>\n<h4>Jaz vedno predlagam <a href=\"https:\/\/www.youtube.com\/playlist?list=PLml1dq5ygF-Z72JkwhAFBhPnk8X0z1_-4\" target=\"_blank\" rel=\"noopener noreferrer\">pesem<\/a>, ki lahko vsem da kak\u0161no novo dimenzijo.<\/h4>","protected":false},"excerpt":{"rendered":"<h3>Razveselite va\u0161e najdra\u017eje na originalni na\u010din \u2013 s sporo\u010dilom v stekleni\u010dki!<\/h3>\n<h1>&#8222;Fly me to the moon&#8220; &#8211; Bart Howard<\/h1>\n<h3>\u017delite va\u0161i ljubljeni osebi, da poka\u017eete, da je posebna? Tisto so verzi za vas...<\/h3>\n<p>&nbsp;<\/p>","protected":false},"featured_media":3690,"comment_status":"open","ping_status":"closed","template":"","meta":{"ngg_post_thumbnail":0},"product_brand":[],"product_cat":[105,88,92],"product_tag":[],"class_list":{"0":"post-3208","1":"product","2":"type-product","3":"status-publish","4":"has-post-thumbnail","6":"product_cat-bocice","7":"product_cat-ljubav","8":"product_cat-vencanje","10":"first","11":"instock","12":"shipping-taxable","13":"purchasable","14":"product-type-simple"},"jetpack_sharing_enabled":true,"_links":{"self":[{"href":"https:\/\/www.zracakoblacak.com\/sl\/wp-json\/wp\/v2\/product\/3208","targetHints":{"allow":["GET"]}}],"collection":[{"href":"https:\/\/www.zracakoblacak.com\/sl\/wp-json\/wp\/v2\/product"}],"about":[{"href":"https:\/\/www.zracakoblacak.com\/sl\/wp-json\/wp\/v2\/types\/product"}],"replies":[{"embeddable":true,"href":"https:\/\/www.zracakoblacak.com\/sl\/wp-json\/wp\/v2\/comments?post=3208"}],"wp:featuredmedia":[{"embeddable":true,"href":"https:\/\/www.zracakoblacak.com\/sl\/wp-json\/wp\/v2\/media\/3690"}],"wp:attachment":[{"href":"https:\/\/www.zracakoblacak.com\/sl\/wp-json\/wp\/v2\/media?parent=3208"}],"wp:term":[{"taxonomy":"product_brand","embeddable":true,"href":"https:\/\/www.zracakoblacak.com\/sl\/wp-json\/wp\/v2\/product_brand?post=3208"},{"taxonomy":"product_cat","embeddable":true,"href":"https:\/\/www.zracakoblacak.com\/sl\/wp-json\/wp\/v2\/product_cat?post=3208"},{"taxonomy":"product_tag","embeddable":true,"href":"https:\/\/www.zracakoblacak.com\/sl\/wp-json\/wp\/v2\/product_tag?post=3208"}],"curies":[{"name":"wp","href":"https:\/\/api.w.org\/{rel}","templated":true}]}}