{"id":3210,"date":"2020-05-06T08:19:25","date_gmt":"2020-05-06T08:19:25","guid":{"rendered":"https:\/\/www.zracakoblacak.com\/?post_type=product&#038;p=3210"},"modified":"2023-06-05T07:19:55","modified_gmt":"2023-06-05T07:19:55","slug":"grapeful-for-you","status":"publish","type":"product","link":"https:\/\/www.zracakoblacak.com\/sl\/shop\/bocice\/prijateljstvo\/grapeful-for-you\/","title":{"rendered":"I&#8217;m so grapeful for you"},"content":{"rendered":"<h2>Poruka u boci \u2013 &#8222;I&#8217;m so grapeful for you&#8220;<\/h2>\n<h3>Material: steklo<\/h3>\n<h3>Dimenzije: 30 x 70 mm<\/h3>\n<h4>&#8222;Budite zra\u010dak nekom obla\u010dku&#8220; \ud83d\ude42<\/h4>\n<h4>Zabavna sporo\u010dilca, naj va\u0161im dragim ljudem na obraz nari\u0161ejo nasmeh.<\/h4>\n<p>&nbsp;<\/p>","protected":false},"excerpt":{"rendered":"<h3>Razveselite va\u0161e najdra\u017eje na originalni na\u010din \u2013 s sporo\u010dilom v stekleni\u010dki!<\/h3>\n<h1>&#8222;I&#8217;m so grapeful for you&#8220; = &#8222;I&#8217;m so grateful for you.&#8220;<\/h1>\n<h3>&#8222;Budite zra\u010dak nekom obla\u010dku&#8220; \ud83d\ude42<\/h3>\n<h3>Zabavna sporo\u010dilca, naj va\u0161im dragim ljudem na obraz nari\u0161ejo nasmeh.<\/h3>\n<p>&nbsp;<\/p>","protected":false},"featured_media":3691,"comment_status":"open","ping_status":"closed","template":"","meta":{"ngg_post_thumbnail":0},"product_brand":[],"product_cat":[105,89,94,91,90],"product_tag":[],"class_list":{"0":"post-3210","1":"product","2":"type-product","3":"status-publish","4":"has-post-thumbnail","6":"product_cat-bocice","7":"product_cat-prijateljstvo","8":"product_cat-porodica","9":"product_cat-cestitke","10":"product_cat-zabava","12":"first","13":"instock","14":"shipping-taxable","15":"purchasable","16":"product-type-simple"},"jetpack_sharing_enabled":true,"_links":{"self":[{"href":"https:\/\/www.zracakoblacak.com\/sl\/wp-json\/wp\/v2\/product\/3210","targetHints":{"allow":["GET"]}}],"collection":[{"href":"https:\/\/www.zracakoblacak.com\/sl\/wp-json\/wp\/v2\/product"}],"about":[{"href":"https:\/\/www.zracakoblacak.com\/sl\/wp-json\/wp\/v2\/types\/product"}],"replies":[{"embeddable":true,"href":"https:\/\/www.zracakoblacak.com\/sl\/wp-json\/wp\/v2\/comments?post=3210"}],"wp:featuredmedia":[{"embeddable":true,"href":"https:\/\/www.zracakoblacak.com\/sl\/wp-json\/wp\/v2\/media\/3691"}],"wp:attachment":[{"href":"https:\/\/www.zracakoblacak.com\/sl\/wp-json\/wp\/v2\/media?parent=3210"}],"wp:term":[{"taxonomy":"product_brand","embeddable":true,"href":"https:\/\/www.zracakoblacak.com\/sl\/wp-json\/wp\/v2\/product_brand?post=3210"},{"taxonomy":"product_cat","embeddable":true,"href":"https:\/\/www.zracakoblacak.com\/sl\/wp-json\/wp\/v2\/product_cat?post=3210"},{"taxonomy":"product_tag","embeddable":true,"href":"https:\/\/www.zracakoblacak.com\/sl\/wp-json\/wp\/v2\/product_tag?post=3210"}],"curies":[{"name":"wp","href":"https:\/\/api.w.org\/{rel}","templated":true}]}}