{"id":3212,"date":"2020-05-06T08:25:01","date_gmt":"2020-05-06T08:25:01","guid":{"rendered":"https:\/\/www.zracakoblacak.com\/?post_type=product&#038;p=3212"},"modified":"2023-06-05T07:20:07","modified_gmt":"2023-06-05T07:20:07","slug":"skillful-sailor","status":"publish","type":"product","link":"https:\/\/www.zracakoblacak.com\/sl\/shop\/bocice\/prijateljstvo\/skillful-sailor\/","title":{"rendered":"A smooth sea&#8230;"},"content":{"rendered":"<h2>Poruka u boci \u2013 &#8222;A smooth sea never made a skillful sailor&#8220;<\/h2>\n<h3>Material: steklo<\/h3>\n<h3>Obesek: \u010doln, krmilo, sidro<\/h3>\n<h3>Dimenzije: 30 x 70 mm<\/h3>\n<h4>Ne smemo obupati pred problemom ali izzivom. Vsaka ovira, ki jo premagamo nas naredi bolj mo\u010dnim. \u017divljene postane bogatej\u0161e in lep\u0161e.<\/h4>\n<h4>Krmilo trdo dr\u017eite v rokah, jadrajte v daljave in ne pozabite da uporabite sidro.&nbsp;<\/h4>\n<h4>\u010ce \u017eelite prebrati ve\u010d o simbolu sidra, preberite naslednji&nbsp;<a href=\"https:\/\/www.zracakoblacak.com\/sl\/simbol-sidra\/\" target=\"_blank\" rel=\"noopener noreferrer\">\u010dlanek.<\/a><\/h4>","protected":false},"excerpt":{"rendered":"<h3>Razveselite sebe ali svoje najdra\u017eje na originalni na\u010din \u2013 s sporo\u010dilom v stekleni\u010dki!<\/h3>\n<h1>&#8222;A smooth sea never made a skilled sailor.&#8220; &#8211; Franklin D. Roosevelt<\/h1>\n<h3>Ne smemo obupati pred problemom ali izzivom. Vsaka ovira, ki jo premagamo nas naredi bolj mo\u010dnim. \u017divljene postane bogatej\u0161e in lep\u0161e.<\/h3>\n<p>&nbsp;<\/p>","protected":false},"featured_media":3692,"comment_status":"open","ping_status":"closed","template":"","meta":{"ngg_post_thumbnail":0},"product_brand":[],"product_cat":[105,89,94,95],"product_tag":[],"class_list":{"0":"post-3212","1":"product","2":"type-product","3":"status-publish","4":"has-post-thumbnail","6":"product_cat-bocice","7":"product_cat-prijateljstvo","8":"product_cat-porodica","9":"product_cat-motivacija","11":"first","12":"instock","13":"shipping-taxable","14":"purchasable","15":"product-type-simple"},"jetpack_sharing_enabled":true,"_links":{"self":[{"href":"https:\/\/www.zracakoblacak.com\/sl\/wp-json\/wp\/v2\/product\/3212","targetHints":{"allow":["GET"]}}],"collection":[{"href":"https:\/\/www.zracakoblacak.com\/sl\/wp-json\/wp\/v2\/product"}],"about":[{"href":"https:\/\/www.zracakoblacak.com\/sl\/wp-json\/wp\/v2\/types\/product"}],"replies":[{"embeddable":true,"href":"https:\/\/www.zracakoblacak.com\/sl\/wp-json\/wp\/v2\/comments?post=3212"}],"wp:featuredmedia":[{"embeddable":true,"href":"https:\/\/www.zracakoblacak.com\/sl\/wp-json\/wp\/v2\/media\/3692"}],"wp:attachment":[{"href":"https:\/\/www.zracakoblacak.com\/sl\/wp-json\/wp\/v2\/media?parent=3212"}],"wp:term":[{"taxonomy":"product_brand","embeddable":true,"href":"https:\/\/www.zracakoblacak.com\/sl\/wp-json\/wp\/v2\/product_brand?post=3212"},{"taxonomy":"product_cat","embeddable":true,"href":"https:\/\/www.zracakoblacak.com\/sl\/wp-json\/wp\/v2\/product_cat?post=3212"},{"taxonomy":"product_tag","embeddable":true,"href":"https:\/\/www.zracakoblacak.com\/sl\/wp-json\/wp\/v2\/product_tag?post=3212"}],"curies":[{"name":"wp","href":"https:\/\/api.w.org\/{rel}","templated":true}]}}