{"id":3221,"date":"2020-05-11T19:02:40","date_gmt":"2020-05-11T19:02:40","guid":{"rendered":"https:\/\/www.zracakoblacak.com\/?post_type=product&#038;p=3221"},"modified":"2023-06-05T07:21:37","modified_gmt":"2023-06-05T07:21:37","slug":"little-prince","status":"publish","type":"product","link":"https:\/\/www.zracakoblacak.com\/sl\/shop\/bocice\/cestitke\/little-prince\/","title":{"rendered":"Little prince"},"content":{"rendered":"<h2>Poruka u boci \u2013 &#8222;Little prince&#8220;<\/h2>\n<h3>Material: steklo<\/h3>\n<h3>Dimenzije: 30 x 70 mm<\/h3>\n<h4>Za vse mamine in o\u010dkove sin\u010dke. Zanimiv okrasek za otro\u0161ko sobo.<\/h4>","protected":false},"excerpt":{"rendered":"<h3>Razveselite fantke na originalni na\u010din - s sporo\u010dilom v stekleni\u010dki!<\/h3>\n<h1>&#8222;Little prince&#8220;<\/h1>\n<h3>Za vse mamine in o\u010dkove sin\u010dke. Zanimiv okrasek za otro\u0161ko sobo.<\/h3>","protected":false},"featured_media":3696,"comment_status":"open","ping_status":"closed","template":"","meta":{"ngg_post_thumbnail":0},"product_brand":[],"product_cat":[105,94,91],"product_tag":[],"class_list":{"0":"post-3221","1":"product","2":"type-product","3":"status-publish","4":"has-post-thumbnail","6":"product_cat-bocice","7":"product_cat-porodica","8":"product_cat-cestitke","10":"first","11":"instock","12":"shipping-taxable","13":"purchasable","14":"product-type-simple"},"jetpack_sharing_enabled":true,"_links":{"self":[{"href":"https:\/\/www.zracakoblacak.com\/sl\/wp-json\/wp\/v2\/product\/3221","targetHints":{"allow":["GET"]}}],"collection":[{"href":"https:\/\/www.zracakoblacak.com\/sl\/wp-json\/wp\/v2\/product"}],"about":[{"href":"https:\/\/www.zracakoblacak.com\/sl\/wp-json\/wp\/v2\/types\/product"}],"replies":[{"embeddable":true,"href":"https:\/\/www.zracakoblacak.com\/sl\/wp-json\/wp\/v2\/comments?post=3221"}],"wp:featuredmedia":[{"embeddable":true,"href":"https:\/\/www.zracakoblacak.com\/sl\/wp-json\/wp\/v2\/media\/3696"}],"wp:attachment":[{"href":"https:\/\/www.zracakoblacak.com\/sl\/wp-json\/wp\/v2\/media?parent=3221"}],"wp:term":[{"taxonomy":"product_brand","embeddable":true,"href":"https:\/\/www.zracakoblacak.com\/sl\/wp-json\/wp\/v2\/product_brand?post=3221"},{"taxonomy":"product_cat","embeddable":true,"href":"https:\/\/www.zracakoblacak.com\/sl\/wp-json\/wp\/v2\/product_cat?post=3221"},{"taxonomy":"product_tag","embeddable":true,"href":"https:\/\/www.zracakoblacak.com\/sl\/wp-json\/wp\/v2\/product_tag?post=3221"}],"curies":[{"name":"wp","href":"https:\/\/api.w.org\/{rel}","templated":true}]}}