{"id":3226,"date":"2020-05-11T19:16:06","date_gmt":"2020-05-11T19:16:06","guid":{"rendered":"https:\/\/www.zracakoblacak.com\/?post_type=product&#038;p=3226"},"modified":"2023-06-05T07:22:11","modified_gmt":"2023-06-05T07:22:11","slug":"neverland","status":"publish","type":"product","link":"https:\/\/www.zracakoblacak.com\/sl\/shop\/bocice\/ljubav\/neverland\/","title":{"rendered":"Neverland"},"content":{"rendered":"<h2>Poruka u boci \u2013 &#8222;I love you to the Neverland and back&#8220;<\/h2>\n<h3>Material: steklo<\/h3>\n<h3>Dimenzije: 30 x 70 mm<\/h3>\n<h4>Nedo\u0111ija je san. Snovi su bez ograni\u010denja. &#8222;Never&#8220; &#8222;land&#8220; &#8211; na krilima bezgrani\u010dne ljubavi nema sletanja.<\/h4>\n<h4>Lepo darilo za va\u0161eg Peter Pana.&nbsp;<\/h4>","protected":false},"excerpt":{"rendered":"<h3>Razveselite va\u0161e najdra\u017eje na originalni na\u010din \u2013 s sporo\u010dilom v stekleni\u010dki!<\/h3>\n<h1>&#8222;I love you to the Neverland and back&#8220;<\/h1>\n<h3>Nedo\u0111ija je san. Snovi su bez ograni\u010denja. &#8222;Never&#8220; &#8222;land&#8220; &#8211; na krilima bezgrani\u010dne ljubavi nema sletanja.<\/h3>\n<h3>Lepo darilo za va\u0161eg Peter Pana.&nbsp;<\/h3>","protected":false},"featured_media":3227,"comment_status":"open","ping_status":"closed","template":"","meta":{"ngg_post_thumbnail":0},"product_brand":[],"product_cat":[105,88,89,94],"product_tag":[],"class_list":{"0":"post-3226","1":"product","2":"type-product","3":"status-publish","4":"has-post-thumbnail","6":"product_cat-bocice","7":"product_cat-ljubav","8":"product_cat-prijateljstvo","9":"product_cat-porodica","11":"first","12":"instock","13":"shipping-taxable","14":"purchasable","15":"product-type-simple"},"jetpack_sharing_enabled":true,"_links":{"self":[{"href":"https:\/\/www.zracakoblacak.com\/sl\/wp-json\/wp\/v2\/product\/3226","targetHints":{"allow":["GET"]}}],"collection":[{"href":"https:\/\/www.zracakoblacak.com\/sl\/wp-json\/wp\/v2\/product"}],"about":[{"href":"https:\/\/www.zracakoblacak.com\/sl\/wp-json\/wp\/v2\/types\/product"}],"replies":[{"embeddable":true,"href":"https:\/\/www.zracakoblacak.com\/sl\/wp-json\/wp\/v2\/comments?post=3226"}],"wp:featuredmedia":[{"embeddable":true,"href":"https:\/\/www.zracakoblacak.com\/sl\/wp-json\/wp\/v2\/media\/3227"}],"wp:attachment":[{"href":"https:\/\/www.zracakoblacak.com\/sl\/wp-json\/wp\/v2\/media?parent=3226"}],"wp:term":[{"taxonomy":"product_brand","embeddable":true,"href":"https:\/\/www.zracakoblacak.com\/sl\/wp-json\/wp\/v2\/product_brand?post=3226"},{"taxonomy":"product_cat","embeddable":true,"href":"https:\/\/www.zracakoblacak.com\/sl\/wp-json\/wp\/v2\/product_cat?post=3226"},{"taxonomy":"product_tag","embeddable":true,"href":"https:\/\/www.zracakoblacak.com\/sl\/wp-json\/wp\/v2\/product_tag?post=3226"}],"curies":[{"name":"wp","href":"https:\/\/api.w.org\/{rel}","templated":true}]}}