{"id":3252,"date":"2020-05-22T19:47:36","date_gmt":"2020-05-22T19:47:36","guid":{"rendered":"https:\/\/www.zracakoblacak.com\/?post_type=product&#038;p=3252"},"modified":"2023-06-05T07:22:35","modified_gmt":"2023-06-05T07:22:35","slug":"octopus","status":"publish","type":"product","link":"https:\/\/www.zracakoblacak.com\/sl\/shop\/bocice\/ljubav\/octopus\/","title":{"rendered":"I wish I was an octopus&#8230;"},"content":{"rendered":"<h2>Poruka u boci \u2013 &#8222;I wish I was an octopus so I could hug you eight more times as much&#8220;<\/h2>\n<h3>Material: steklo<\/h3>\n<h3>Dimenzije: 20 x 75 mm<\/h3>\n<h4>Da li ste nekada po\u017eeleli da nekoga samo grlite? Ceo dan&#8230; Ceo \u017eivot&#8230;&nbsp; Zagrljaj ima neverovatnu mo\u0107 i mo\u017ee da ostavi dubok i neizbrisiv trag. U samo jedan staje pregr\u0161t ose\u0107anja.<\/h4>\n<h4>Objemi so brezpla\u010dni. \u010ce obstaja fizi\u010dna razdalja, nemogo\u010di so. Zato vedno, ko imate prilo\u017enost objemajte svoje najdra\u017eje.<\/h4>\n<h4>\u010ce vam manjka objem nekatere osebe, bodite sigurni, da je ta oseba ve\u010d kot posebna.<\/h4>","protected":false},"excerpt":{"rendered":"<h3>Razveselite va\u0161e najdra\u017eje na originalni na\u010din \u2013 s sporo\u010dilom v stekleni\u010dki!<\/h3>\n<h1>&#8222;I wish I was an octopus so I could hug you eight more times as much&#8220;<\/h1>\n<h3>Objemi so brezpla\u010dni. \u010ce obstaja fizi\u010dna razdalja, nemogo\u010di so. Zato vedno, ko imate prilo\u017enost objemajte svoje najdra\u017eje.<\/h3>","protected":false},"featured_media":3700,"comment_status":"open","ping_status":"closed","template":"","meta":{"ngg_post_thumbnail":0},"product_brand":[],"product_cat":[105,88,89,90],"product_tag":[],"class_list":{"0":"post-3252","1":"product","2":"type-product","3":"status-publish","4":"has-post-thumbnail","6":"product_cat-bocice","7":"product_cat-ljubav","8":"product_cat-prijateljstvo","9":"product_cat-zabava","11":"first","12":"instock","13":"shipping-taxable","14":"purchasable","15":"product-type-simple"},"jetpack_sharing_enabled":true,"_links":{"self":[{"href":"https:\/\/www.zracakoblacak.com\/sl\/wp-json\/wp\/v2\/product\/3252","targetHints":{"allow":["GET"]}}],"collection":[{"href":"https:\/\/www.zracakoblacak.com\/sl\/wp-json\/wp\/v2\/product"}],"about":[{"href":"https:\/\/www.zracakoblacak.com\/sl\/wp-json\/wp\/v2\/types\/product"}],"replies":[{"embeddable":true,"href":"https:\/\/www.zracakoblacak.com\/sl\/wp-json\/wp\/v2\/comments?post=3252"}],"wp:featuredmedia":[{"embeddable":true,"href":"https:\/\/www.zracakoblacak.com\/sl\/wp-json\/wp\/v2\/media\/3700"}],"wp:attachment":[{"href":"https:\/\/www.zracakoblacak.com\/sl\/wp-json\/wp\/v2\/media?parent=3252"}],"wp:term":[{"taxonomy":"product_brand","embeddable":true,"href":"https:\/\/www.zracakoblacak.com\/sl\/wp-json\/wp\/v2\/product_brand?post=3252"},{"taxonomy":"product_cat","embeddable":true,"href":"https:\/\/www.zracakoblacak.com\/sl\/wp-json\/wp\/v2\/product_cat?post=3252"},{"taxonomy":"product_tag","embeddable":true,"href":"https:\/\/www.zracakoblacak.com\/sl\/wp-json\/wp\/v2\/product_tag?post=3252"}],"curies":[{"name":"wp","href":"https:\/\/api.w.org\/{rel}","templated":true}]}}