{"id":3281,"date":"2020-05-25T06:33:20","date_gmt":"2020-05-25T06:33:20","guid":{"rendered":"https:\/\/www.zracakoblacak.com\/?post_type=product&#038;p=3281"},"modified":"2023-06-05T07:23:58","modified_gmt":"2023-06-05T07:23:58","slug":"you-feel-the-bass","status":"publish","type":"product","link":"https:\/\/www.zracakoblacak.com\/sl\/shop\/bocice\/muzika\/you-feel-the-bass\/","title":{"rendered":"Feel the bass!"},"content":{"rendered":"<h2>Poruka u boci \u2013 &#8222;You can hear the music, but you feel the bass!&#8220;<\/h2>\n<h3>Material: steklo<\/h3>\n<h3>Obesek: nota<\/h3>\n<h3>Dimenzije: 30 x 70 mm<\/h3>\n<h4>\u010ce imate radi zvok bas kitare ali poznate nekoga ko sli\u0161i vse njegove \u010darovnije, tisto sporo\u010dilce je lahko lepa pozornost.&nbsp;<\/h4>\n<h4>Va\u0161im dragim ljudjem na obraz nari\u0161ite nasmeh.<\/h4>","protected":false},"excerpt":{"rendered":"<h3>Razveselite sebe ali svoje najdra\u017eje na originalni na\u010din \u2013 s sporo\u010dilom v stekleni\u010dki!<\/h3>\n<h1>&#8222;You can hear the music, but you feel the bass!&#8220;<\/h1>\n<h3>\u010ce imate radi zvok bas kitare ali poznate nekoga ko sli\u0161i vse njegove \u010darovnije, tisto sporo\u010dilce je lahko lepa pozornost.&nbsp;<\/h3>\n<h3>Va\u0161im dragim ljudjem na obraz nari\u0161ite nasmeh.<\/h3>\n<p>&nbsp;<\/p>","protected":false},"featured_media":3708,"comment_status":"open","ping_status":"closed","template":"","meta":{"ngg_post_thumbnail":0},"product_brand":[],"product_cat":[105,93],"product_tag":[],"class_list":{"0":"post-3281","1":"product","2":"type-product","3":"status-publish","4":"has-post-thumbnail","6":"product_cat-bocice","7":"product_cat-muzika","9":"first","10":"instock","11":"shipping-taxable","12":"purchasable","13":"product-type-simple"},"jetpack_sharing_enabled":true,"_links":{"self":[{"href":"https:\/\/www.zracakoblacak.com\/sl\/wp-json\/wp\/v2\/product\/3281","targetHints":{"allow":["GET"]}}],"collection":[{"href":"https:\/\/www.zracakoblacak.com\/sl\/wp-json\/wp\/v2\/product"}],"about":[{"href":"https:\/\/www.zracakoblacak.com\/sl\/wp-json\/wp\/v2\/types\/product"}],"replies":[{"embeddable":true,"href":"https:\/\/www.zracakoblacak.com\/sl\/wp-json\/wp\/v2\/comments?post=3281"}],"wp:featuredmedia":[{"embeddable":true,"href":"https:\/\/www.zracakoblacak.com\/sl\/wp-json\/wp\/v2\/media\/3708"}],"wp:attachment":[{"href":"https:\/\/www.zracakoblacak.com\/sl\/wp-json\/wp\/v2\/media?parent=3281"}],"wp:term":[{"taxonomy":"product_brand","embeddable":true,"href":"https:\/\/www.zracakoblacak.com\/sl\/wp-json\/wp\/v2\/product_brand?post=3281"},{"taxonomy":"product_cat","embeddable":true,"href":"https:\/\/www.zracakoblacak.com\/sl\/wp-json\/wp\/v2\/product_cat?post=3281"},{"taxonomy":"product_tag","embeddable":true,"href":"https:\/\/www.zracakoblacak.com\/sl\/wp-json\/wp\/v2\/product_tag?post=3281"}],"curies":[{"name":"wp","href":"https:\/\/api.w.org\/{rel}","templated":true}]}}