{"id":3371,"date":"2020-05-31T20:01:29","date_gmt":"2020-05-31T20:01:29","guid":{"rendered":"https:\/\/www.zracakoblacak.com\/?post_type=product&#038;p=3371"},"modified":"2023-06-05T07:24:33","modified_gmt":"2023-06-05T07:24:33","slug":"dance-with-fairies","status":"publish","type":"product","link":"https:\/\/www.zracakoblacak.com\/sl\/shop\/bocice\/prijateljstvo\/dance-with-fairies\/","title":{"rendered":"Dance with fairies&#8230;"},"content":{"rendered":"<h2>Poruka u boci \u2013 &#8222;Dance with fairies. Ride a unicorn. Swim with mermaids. Chase rainbows.&#8220;<\/h2>\n<h3>Material: steklo<\/h3>\n<h3>Dimenzije: 30 x 70 mm<\/h3>\n<h4>Ne pozabite na otroka v sebi. V\u010dasih ple\u0161ite s vilami ali plavajte s sirenami. Najdite \u010das za vo\u017enjo pod mavrico na hrbtu samoroga.<\/h4>","protected":false},"excerpt":{"rendered":"<h3>Razveselite sebe ali svoje najdra\u017eje na originalni na\u010din \u2013 s sporo\u010dilom v stekleni\u010dki!<\/h3>\n<h1>&#8222;Dance with fairies. Ride a unicorn. Swim with mermaids. Chase rainbows.&#8220;<\/h1>\n<h3>Ne pozabite na otroka v sebi. V\u010dasih ple\u0161ite s vilami ali plavajte s sirenami. Najdite \u010das za vo\u017enjo pod mavrico na hrbtu samoroga.<\/h3>","protected":false},"featured_media":3719,"comment_status":"open","ping_status":"closed","template":"","meta":{"ngg_post_thumbnail":0},"product_brand":[],"product_cat":[105,89,91,90,95],"product_tag":[],"class_list":{"0":"post-3371","1":"product","2":"type-product","3":"status-publish","4":"has-post-thumbnail","6":"product_cat-bocice","7":"product_cat-prijateljstvo","8":"product_cat-cestitke","9":"product_cat-zabava","10":"product_cat-motivacija","12":"first","13":"instock","14":"shipping-taxable","15":"purchasable","16":"product-type-simple"},"jetpack_sharing_enabled":true,"_links":{"self":[{"href":"https:\/\/www.zracakoblacak.com\/sl\/wp-json\/wp\/v2\/product\/3371","targetHints":{"allow":["GET"]}}],"collection":[{"href":"https:\/\/www.zracakoblacak.com\/sl\/wp-json\/wp\/v2\/product"}],"about":[{"href":"https:\/\/www.zracakoblacak.com\/sl\/wp-json\/wp\/v2\/types\/product"}],"replies":[{"embeddable":true,"href":"https:\/\/www.zracakoblacak.com\/sl\/wp-json\/wp\/v2\/comments?post=3371"}],"wp:featuredmedia":[{"embeddable":true,"href":"https:\/\/www.zracakoblacak.com\/sl\/wp-json\/wp\/v2\/media\/3719"}],"wp:attachment":[{"href":"https:\/\/www.zracakoblacak.com\/sl\/wp-json\/wp\/v2\/media?parent=3371"}],"wp:term":[{"taxonomy":"product_brand","embeddable":true,"href":"https:\/\/www.zracakoblacak.com\/sl\/wp-json\/wp\/v2\/product_brand?post=3371"},{"taxonomy":"product_cat","embeddable":true,"href":"https:\/\/www.zracakoblacak.com\/sl\/wp-json\/wp\/v2\/product_cat?post=3371"},{"taxonomy":"product_tag","embeddable":true,"href":"https:\/\/www.zracakoblacak.com\/sl\/wp-json\/wp\/v2\/product_tag?post=3371"}],"curies":[{"name":"wp","href":"https:\/\/api.w.org\/{rel}","templated":true}]}}