{"id":3379,"date":"2020-06-01T08:31:39","date_gmt":"2020-06-01T08:31:39","guid":{"rendered":"https:\/\/www.zracakoblacak.com\/?post_type=product&#038;p=3379"},"modified":"2023-06-05T07:25:47","modified_gmt":"2023-06-05T07:25:47","slug":"vitamin-me","status":"publish","type":"product","link":"https:\/\/www.zracakoblacak.com\/sl\/shop\/bocice\/ljubav\/vitamin-me\/","title":{"rendered":"Vitamin ME"},"content":{"rendered":"<h2>Poruka u boci \u2013 &#8222;I think you are suffering from a lack of vitamin ME&#8220;<\/h2>\n<h3>Material: steklo<\/h3>\n<h3>Dimenzije: 30 x 70 mm<\/h3>\n<h4>Da li ste \u010duli za vitamin &#8222;ME&#8220;? Nedostatak ovog vitamina kod drage osobe ispoljava se na razli\u010dite na\u010dine. Dobra stvar je \u0161to samo jedna doza vitamina &#8222;ME&#8220; mo\u017ee dovesti do naglog nestanka simptoma. U kombinaciji sa vitaminom &#8222;U&#8220; dobija se najja\u010di magi\u010dni koktel.<\/h4>\n<h4>&#8222;Budite zra\u010dak nekom obla\u010dku&#8220; ?<\/h4>\n<h4>Zabavna sporo\u010dilca, naj va\u0161im dragim ljudem na obraz nari\u0161ejo nasmeh.<\/h4>\n<div class=\"sfsi_responsive_icons\" data-icon-width-type=\"Fully responsive\" data-icon-width-size=\"240\" data-edge-type=\"Round\" data-edge-radius=\"5\">\n<h3 class=\"sfsi_icons_container sfsi_responsive_without_counter_icons sfsi_small_button_container sfsi_icons_container_box_fully_container\">&nbsp;<\/h3>\n<\/div>","protected":false},"excerpt":{"rendered":"<h3>Razveselite va\u0161e najdra\u017eje na originalni na\u010din \u2013 s sporo\u010dilom v stekleni\u010dki!<\/h3>\n<h1>&#8222;I think you are suffering from a lack of vitamin ME&#8220;<\/h1>\n<h3>Da li ste \u010duli za vitamin &#8222;ME&#8220;? Nedostatak ovog vitamina kod drage osobe ispoljava se na razli\u010dite na\u010dine. Dobra stvar je \u0161to samo jedna doza vitamina &#8222;ME&#8220; mo\u017ee dovesti do naglog nestanka simptoma. U kombinaciji sa vitaminom &#8222;U&#8220; dobija se najja\u010di magi\u010dni koktel.<\/h3>","protected":false},"featured_media":3716,"comment_status":"open","ping_status":"closed","template":"","meta":{"ngg_post_thumbnail":0},"product_brand":[],"product_cat":[105,88,89,90],"product_tag":[],"class_list":{"0":"post-3379","1":"product","2":"type-product","3":"status-publish","4":"has-post-thumbnail","6":"product_cat-bocice","7":"product_cat-ljubav","8":"product_cat-prijateljstvo","9":"product_cat-zabava","11":"first","12":"instock","13":"shipping-taxable","14":"purchasable","15":"product-type-simple"},"jetpack_sharing_enabled":true,"_links":{"self":[{"href":"https:\/\/www.zracakoblacak.com\/sl\/wp-json\/wp\/v2\/product\/3379","targetHints":{"allow":["GET"]}}],"collection":[{"href":"https:\/\/www.zracakoblacak.com\/sl\/wp-json\/wp\/v2\/product"}],"about":[{"href":"https:\/\/www.zracakoblacak.com\/sl\/wp-json\/wp\/v2\/types\/product"}],"replies":[{"embeddable":true,"href":"https:\/\/www.zracakoblacak.com\/sl\/wp-json\/wp\/v2\/comments?post=3379"}],"wp:featuredmedia":[{"embeddable":true,"href":"https:\/\/www.zracakoblacak.com\/sl\/wp-json\/wp\/v2\/media\/3716"}],"wp:attachment":[{"href":"https:\/\/www.zracakoblacak.com\/sl\/wp-json\/wp\/v2\/media?parent=3379"}],"wp:term":[{"taxonomy":"product_brand","embeddable":true,"href":"https:\/\/www.zracakoblacak.com\/sl\/wp-json\/wp\/v2\/product_brand?post=3379"},{"taxonomy":"product_cat","embeddable":true,"href":"https:\/\/www.zracakoblacak.com\/sl\/wp-json\/wp\/v2\/product_cat?post=3379"},{"taxonomy":"product_tag","embeddable":true,"href":"https:\/\/www.zracakoblacak.com\/sl\/wp-json\/wp\/v2\/product_tag?post=3379"}],"curies":[{"name":"wp","href":"https:\/\/api.w.org\/{rel}","templated":true}]}}