{"id":3381,"date":"2020-06-02T09:08:20","date_gmt":"2020-06-02T09:08:20","guid":{"rendered":"https:\/\/www.zracakoblacak.com\/?post_type=product&#038;p=3381"},"modified":"2023-06-05T07:25:30","modified_gmt":"2023-06-05T07:25:30","slug":"congrats","status":"publish","type":"product","link":"https:\/\/www.zracakoblacak.com\/sl\/shop\/bocice\/cestitke\/congrats\/","title":{"rendered":"Congrats"},"content":{"rendered":"<h2>Poruka u boci \u2013 &#8222;Congrats&#8220; ili &#8222;You did it&#8220;<\/h2>\n<h3>Material: steklo<\/h3>\n<h3>Dimenzije: 30 x 70 mm<\/h3>\n<h4>Posebna vo\u0161\u010dilnica za va\u0161e male in velike maturante.&nbsp;<\/h4>\n<h4>Razveselite prijatelje, otroke, vnu\u010dke... Povejte jim, da ste ponosni, vo\u0161\u010dite jim za velik korak v \u017eivljenju in za\u017eelite veliko uspehov \u0161e naprej.&nbsp;<\/h4>\n<div class=\"sfsi_responsive_icons\" data-icon-width-type=\"Fully responsive\" data-icon-width-size=\"240\" data-edge-type=\"Round\" data-edge-radius=\"5\">\n<h3 class=\"sfsi_icons_container sfsi_responsive_without_counter_icons sfsi_small_button_container sfsi_icons_container_box_fully_container\">* Na porukici mo\u017ee pisati \u0161ta god po\u017eelite.&nbsp;<\/h3>\n<h3>** Naglasite koju bo\u010dicu \u017eelite<\/h3>\n<\/div>","protected":false},"excerpt":{"rendered":"<h3>Razveselite va\u0161e najdra\u017eje na originalni na\u010din \u2013 s sporo\u010dilom v stekleni\u010dki!<\/h3>\n<h1>&#8222;Congrats&#8220; ili &#8222;You did it&#8220;<\/h1>\n<h3>Posebna vo\u0161\u010dilnica za va\u0161e male in velike maturante.&nbsp;<\/h3>\n<h3>Razveselite prijatelje, otroke, vnu\u010dke... Povejte jim, da ste ponosni, vo\u0161\u010dite jim za velik korak v \u017eivljenju in za\u017eelite veliko uspehov \u0161e naprej.&nbsp;<\/h3>\n<p>&nbsp;<\/p>\n<p>&nbsp;<\/p>","protected":false},"featured_media":4564,"comment_status":"open","ping_status":"closed","template":"","meta":{"ngg_post_thumbnail":0},"product_brand":[],"product_cat":[105,91],"product_tag":[],"class_list":{"0":"post-3381","1":"product","2":"type-product","3":"status-publish","4":"has-post-thumbnail","6":"product_cat-bocice","7":"product_cat-cestitke","9":"first","10":"instock","11":"shipping-taxable","12":"purchasable","13":"product-type-simple"},"jetpack_sharing_enabled":true,"_links":{"self":[{"href":"https:\/\/www.zracakoblacak.com\/sl\/wp-json\/wp\/v2\/product\/3381","targetHints":{"allow":["GET"]}}],"collection":[{"href":"https:\/\/www.zracakoblacak.com\/sl\/wp-json\/wp\/v2\/product"}],"about":[{"href":"https:\/\/www.zracakoblacak.com\/sl\/wp-json\/wp\/v2\/types\/product"}],"replies":[{"embeddable":true,"href":"https:\/\/www.zracakoblacak.com\/sl\/wp-json\/wp\/v2\/comments?post=3381"}],"wp:featuredmedia":[{"embeddable":true,"href":"https:\/\/www.zracakoblacak.com\/sl\/wp-json\/wp\/v2\/media\/4564"}],"wp:attachment":[{"href":"https:\/\/www.zracakoblacak.com\/sl\/wp-json\/wp\/v2\/media?parent=3381"}],"wp:term":[{"taxonomy":"product_brand","embeddable":true,"href":"https:\/\/www.zracakoblacak.com\/sl\/wp-json\/wp\/v2\/product_brand?post=3381"},{"taxonomy":"product_cat","embeddable":true,"href":"https:\/\/www.zracakoblacak.com\/sl\/wp-json\/wp\/v2\/product_cat?post=3381"},{"taxonomy":"product_tag","embeddable":true,"href":"https:\/\/www.zracakoblacak.com\/sl\/wp-json\/wp\/v2\/product_tag?post=3381"}],"curies":[{"name":"wp","href":"https:\/\/api.w.org\/{rel}","templated":true}]}}