{"id":3407,"date":"2020-06-10T08:10:35","date_gmt":"2020-06-10T08:10:35","guid":{"rendered":"https:\/\/www.zracakoblacak.com\/?post_type=product&#038;p=3407"},"modified":"2023-06-05T07:27:10","modified_gmt":"2023-06-05T07:27:10","slug":"all-of-me-loves-all-of-you","status":"publish","type":"product","link":"https:\/\/www.zracakoblacak.com\/sl\/shop\/bocice\/ljubav\/all-of-me-loves-all-of-you\/","title":{"rendered":"All of me loves all of you"},"content":{"rendered":"<h2>Poruka u boci \u2013 &#8222;All of me loves all of you&#8220;<\/h2>\n<h3>Material: steklo<\/h3>\n<h3>Dimenzije: 30 x 70 mm<\/h3>\n<h4>Dozvolite da budete voljeni i volite bez granica. Svako sija na svoj, jedinstven na\u010din. Kada nekoga stvarno volite, vidite i volite sve njegove &#8222;boje&#8220;.<\/h4>\n<h4>Ena od idej za dekoracijo za poroko, kot nenavadno vabilo, ali darilo za goste.<\/h4>\n<h3>*Izdelava sporo\u010dil po \u017eelji<\/h3>\n<h3>*Od zadaj se lahko napi\u0161e datum, ime...<\/h3>","protected":false},"excerpt":{"rendered":"<h3>Razveselite va\u0161e najdra\u017eje na originalni na\u010din \u2013 s sporo\u010dilom v stekleni\u010dki!<\/h3>\n<h1><a href=\"https:\/\/www.youtube.com\/watch?v=Mk7-GRWq7wA\" target=\"_blank\" rel=\"noopener noreferrer\">&#8222;All of me loves all of you&#8220;<\/a>&nbsp;\u2013 John Legend<\/h1>\n<h3>Dozvolite da budete voljeni i volite bez granica. Svako sija na svoj, jedinstven na\u010din. Kada nekoga stvarno volite, vidite i volite sve njegove &#8222;boje&#8220;.<\/h3>\n<h3>Ena od idej za dekoracijo za poroko, kot nenavadno vabilo, ali darilo za goste.<\/h3>","protected":false},"featured_media":3722,"comment_status":"open","ping_status":"closed","template":"","meta":{"ngg_post_thumbnail":0},"product_brand":[],"product_cat":[105,88,94,91,92],"product_tag":[],"class_list":{"0":"post-3407","1":"product","2":"type-product","3":"status-publish","4":"has-post-thumbnail","6":"product_cat-bocice","7":"product_cat-ljubav","8":"product_cat-porodica","9":"product_cat-cestitke","10":"product_cat-vencanje","12":"first","13":"instock","14":"shipping-taxable","15":"purchasable","16":"product-type-simple"},"jetpack_sharing_enabled":true,"_links":{"self":[{"href":"https:\/\/www.zracakoblacak.com\/sl\/wp-json\/wp\/v2\/product\/3407","targetHints":{"allow":["GET"]}}],"collection":[{"href":"https:\/\/www.zracakoblacak.com\/sl\/wp-json\/wp\/v2\/product"}],"about":[{"href":"https:\/\/www.zracakoblacak.com\/sl\/wp-json\/wp\/v2\/types\/product"}],"replies":[{"embeddable":true,"href":"https:\/\/www.zracakoblacak.com\/sl\/wp-json\/wp\/v2\/comments?post=3407"}],"wp:featuredmedia":[{"embeddable":true,"href":"https:\/\/www.zracakoblacak.com\/sl\/wp-json\/wp\/v2\/media\/3722"}],"wp:attachment":[{"href":"https:\/\/www.zracakoblacak.com\/sl\/wp-json\/wp\/v2\/media?parent=3407"}],"wp:term":[{"taxonomy":"product_brand","embeddable":true,"href":"https:\/\/www.zracakoblacak.com\/sl\/wp-json\/wp\/v2\/product_brand?post=3407"},{"taxonomy":"product_cat","embeddable":true,"href":"https:\/\/www.zracakoblacak.com\/sl\/wp-json\/wp\/v2\/product_cat?post=3407"},{"taxonomy":"product_tag","embeddable":true,"href":"https:\/\/www.zracakoblacak.com\/sl\/wp-json\/wp\/v2\/product_tag?post=3407"}],"curies":[{"name":"wp","href":"https:\/\/api.w.org\/{rel}","templated":true}]}}