{"id":3425,"date":"2020-06-16T11:08:18","date_gmt":"2020-06-16T11:08:18","guid":{"rendered":"https:\/\/www.zracakoblacak.com\/?post_type=product&#038;p=3425"},"modified":"2023-06-05T07:29:03","modified_gmt":"2023-06-05T07:29:03","slug":"i-want-to-be-closer","status":"publish","type":"product","link":"https:\/\/www.zracakoblacak.com\/sl\/shop\/bocice\/ljubav\/i-want-to-be-closer\/","title":{"rendered":"When I am with you&#8230;"},"content":{"rendered":"<h2>Poruka u boci \u2013 &#8222;When I am with you the only place I want to be is closer&#8220;<\/h2>\n<h3>Material: steklo<\/h3>\n<h3>Dimenzije: 30 x 70 mm<\/h3>\n<h4>Vse kar rabite je bli\u017eina, dotik in objem va\u0161e ljubljene osebe. Povejte ji, stisnite se, imejte se radi.&nbsp;<\/h4>\n<h4>\u017divljenje so majhne stvari. Va\u0161i dragi osebi polep\u0161ajte dan i stopite <a href=\"https:\/\/www.youtube.com\/watch?v=VHlVdayWfOw\" target=\"_blank\" rel=\"noopener noreferrer\">malo bli\u017eje<\/a>.<\/h4>","protected":false},"excerpt":{"rendered":"<h3>Razveselite va\u0161e najdra\u017eje na originalni na\u010din \u2013 s sporo\u010dilom v stekleni\u010dki!<\/h3>\n<h1>&#8222;When I am with you the only place I want to be is closer&#8220;<\/h1>\n<h3>Vse kar rabite je bli\u017eina, dotik in objem va\u0161e ljubljene osebe. Povejte ji, stisnite se, imejte se radi.&nbsp;<\/h3>","protected":false},"featured_media":3725,"comment_status":"open","ping_status":"closed","template":"","meta":{"ngg_post_thumbnail":0},"product_brand":[],"product_cat":[105,88],"product_tag":[],"class_list":{"0":"post-3425","1":"product","2":"type-product","3":"status-publish","4":"has-post-thumbnail","6":"product_cat-bocice","7":"product_cat-ljubav","9":"first","10":"instock","11":"shipping-taxable","12":"purchasable","13":"product-type-simple"},"jetpack_sharing_enabled":true,"_links":{"self":[{"href":"https:\/\/www.zracakoblacak.com\/sl\/wp-json\/wp\/v2\/product\/3425","targetHints":{"allow":["GET"]}}],"collection":[{"href":"https:\/\/www.zracakoblacak.com\/sl\/wp-json\/wp\/v2\/product"}],"about":[{"href":"https:\/\/www.zracakoblacak.com\/sl\/wp-json\/wp\/v2\/types\/product"}],"replies":[{"embeddable":true,"href":"https:\/\/www.zracakoblacak.com\/sl\/wp-json\/wp\/v2\/comments?post=3425"}],"wp:featuredmedia":[{"embeddable":true,"href":"https:\/\/www.zracakoblacak.com\/sl\/wp-json\/wp\/v2\/media\/3725"}],"wp:attachment":[{"href":"https:\/\/www.zracakoblacak.com\/sl\/wp-json\/wp\/v2\/media?parent=3425"}],"wp:term":[{"taxonomy":"product_brand","embeddable":true,"href":"https:\/\/www.zracakoblacak.com\/sl\/wp-json\/wp\/v2\/product_brand?post=3425"},{"taxonomy":"product_cat","embeddable":true,"href":"https:\/\/www.zracakoblacak.com\/sl\/wp-json\/wp\/v2\/product_cat?post=3425"},{"taxonomy":"product_tag","embeddable":true,"href":"https:\/\/www.zracakoblacak.com\/sl\/wp-json\/wp\/v2\/product_tag?post=3425"}],"curies":[{"name":"wp","href":"https:\/\/api.w.org\/{rel}","templated":true}]}}