{"id":3443,"date":"2020-06-23T17:13:53","date_gmt":"2020-06-23T17:13:53","guid":{"rendered":"https:\/\/www.zracakoblacak.com\/?post_type=product&#038;p=3443"},"modified":"2023-06-05T07:37:53","modified_gmt":"2023-06-05T07:37:53","slug":"perfectly-imperfect","status":"publish","type":"product","link":"https:\/\/www.zracakoblacak.com\/sl\/shop\/bocice\/ljubav\/perfectly-imperfect\/","title":{"rendered":"Perfectly imperfect"},"content":{"rendered":"<h2>Poruka u boci \u2013 &#8222;Perfectly imperfect&#8220;<\/h2>\n<h3>Material: steklo<\/h3>\n<h3>Dimenzije: 30 x 70 mm<\/h3>\n<h3>Za vse popolno nepopolne osebe.<\/h3>\n<h3>Imejte radi prijatelje zaradi majhnih stvari, ki jih naredijo nepopolne, ker so tak\u0161ni - tak\u0161ni smo mi sami. Ne pozabite, da ni slabo biti druga\u010den, poseben, svoj.<\/h3>","protected":false},"excerpt":{"rendered":"<h3>Razveselite sebe ali svoje najdra\u017eje na originalni na\u010din \u2013 s sporo\u010dilom v stekleni\u010dki!<\/h3>\n<h1><a href=\"https:\/\/www.youtube.com\/watch?v=PZ7rjmJm7d4\" target=\"_blank\" rel=\"noopener noreferrer\">&#8222;Perfectly imperfect&#8220;<\/a><\/h1>\n<h3>Za vse popolno nepopolne osebe.<\/h3>\n<h3>Imejte radi prijatelje zaradi majhnih stvari, ki jih naredijo nepopolne, ker so tak\u0161ni - tak\u0161ni smo mi sami. Ne pozabite, da ni slabo biti druga\u010den, poseben, svoj.<\/h3>\n<p>&nbsp;<\/p>","protected":false},"featured_media":3729,"comment_status":"open","ping_status":"closed","template":"","meta":{"ngg_post_thumbnail":0},"product_brand":[],"product_cat":[105,88,89,94,95],"product_tag":[],"class_list":{"0":"post-3443","1":"product","2":"type-product","3":"status-publish","4":"has-post-thumbnail","6":"product_cat-bocice","7":"product_cat-ljubav","8":"product_cat-prijateljstvo","9":"product_cat-porodica","10":"product_cat-motivacija","12":"first","13":"instock","14":"shipping-taxable","15":"purchasable","16":"product-type-simple"},"jetpack_sharing_enabled":true,"_links":{"self":[{"href":"https:\/\/www.zracakoblacak.com\/sl\/wp-json\/wp\/v2\/product\/3443","targetHints":{"allow":["GET"]}}],"collection":[{"href":"https:\/\/www.zracakoblacak.com\/sl\/wp-json\/wp\/v2\/product"}],"about":[{"href":"https:\/\/www.zracakoblacak.com\/sl\/wp-json\/wp\/v2\/types\/product"}],"replies":[{"embeddable":true,"href":"https:\/\/www.zracakoblacak.com\/sl\/wp-json\/wp\/v2\/comments?post=3443"}],"wp:featuredmedia":[{"embeddable":true,"href":"https:\/\/www.zracakoblacak.com\/sl\/wp-json\/wp\/v2\/media\/3729"}],"wp:attachment":[{"href":"https:\/\/www.zracakoblacak.com\/sl\/wp-json\/wp\/v2\/media?parent=3443"}],"wp:term":[{"taxonomy":"product_brand","embeddable":true,"href":"https:\/\/www.zracakoblacak.com\/sl\/wp-json\/wp\/v2\/product_brand?post=3443"},{"taxonomy":"product_cat","embeddable":true,"href":"https:\/\/www.zracakoblacak.com\/sl\/wp-json\/wp\/v2\/product_cat?post=3443"},{"taxonomy":"product_tag","embeddable":true,"href":"https:\/\/www.zracakoblacak.com\/sl\/wp-json\/wp\/v2\/product_tag?post=3443"}],"curies":[{"name":"wp","href":"https:\/\/api.w.org\/{rel}","templated":true}]}}