{"id":3445,"date":"2020-06-23T17:39:22","date_gmt":"2020-06-23T17:39:22","guid":{"rendered":"https:\/\/www.zracakoblacak.com\/?post_type=product&#038;p=3445"},"modified":"2023-06-05T07:38:06","modified_gmt":"2023-06-05T07:38:06","slug":"wish-you-were-here","status":"publish","type":"product","link":"https:\/\/www.zracakoblacak.com\/sl\/shop\/bocice\/ljubav\/wish-you-were-here\/","title":{"rendered":"Wish you were here&#8230;"},"content":{"rendered":"<h2>Poruka u boci \u2013 &#8222;Wish you were here&#8230;&#8220;<\/h2>\n<h3>Material: steklo<\/h3>\n<h3>Dimenzije: 30 x 70 mm<\/h3>\n<h4>Ako neko nije sa vama kada biste \u017eeleli da je, poka\u017eite mu da je ipak &#8222;tu&#8220;, ili ga \u010duvajte na svom &#8222;sigurnom mestu&#8220;.<\/h4>\n<h4>Deliti z nekom poseben trenutek, dogodek, ali samo mesto kjer ste, tudi \u010de je to samo v mislih, je v\u010dasih bolj mo\u010dno in bolj posebno, kot da bi bili fizi\u010dno skupaj. Misle\u010d na nekoga, obra\u010damo pozornost na detajle, dovolimo \u010dustvom, da nas prevzamejo in enostavno u\u017eivamo.&nbsp;<\/h4>","protected":false},"excerpt":{"rendered":"<h3>Razveselite sebe ali svoje najdra\u017eje na originalni na\u010din \u2013 s sporo\u010dilom v stekleni\u010dki!<\/h3>\n<h1><a href=\"https:\/\/www.youtube.com\/watch?v=IXdNnw99-Ic\" target=\"_blank\" rel=\"noopener noreferrer\">&#8222;Wish you were here&#8230;&#8220;<\/a>&nbsp;&#8211; Pink Floyd<\/h1>\n<h3>Ako neko nije sa vama kada biste \u017eeleli da je, poka\u017eite mu da je ipak &#8222;tu&#8220;, ili ga \u010duvajte na svom &#8222;sigurnom mestu&#8220;.<\/h3>\n<h3>&nbsp;<\/h3>\n<p>&nbsp;<\/p>","protected":false},"featured_media":3730,"comment_status":"open","ping_status":"closed","template":"","meta":{"ngg_post_thumbnail":0},"product_brand":[],"product_cat":[105,88,89,94,93],"product_tag":[],"class_list":{"0":"post-3445","1":"product","2":"type-product","3":"status-publish","4":"has-post-thumbnail","6":"product_cat-bocice","7":"product_cat-ljubav","8":"product_cat-prijateljstvo","9":"product_cat-porodica","10":"product_cat-muzika","12":"first","13":"instock","14":"shipping-taxable","15":"purchasable","16":"product-type-simple"},"jetpack_sharing_enabled":true,"_links":{"self":[{"href":"https:\/\/www.zracakoblacak.com\/sl\/wp-json\/wp\/v2\/product\/3445","targetHints":{"allow":["GET"]}}],"collection":[{"href":"https:\/\/www.zracakoblacak.com\/sl\/wp-json\/wp\/v2\/product"}],"about":[{"href":"https:\/\/www.zracakoblacak.com\/sl\/wp-json\/wp\/v2\/types\/product"}],"replies":[{"embeddable":true,"href":"https:\/\/www.zracakoblacak.com\/sl\/wp-json\/wp\/v2\/comments?post=3445"}],"wp:featuredmedia":[{"embeddable":true,"href":"https:\/\/www.zracakoblacak.com\/sl\/wp-json\/wp\/v2\/media\/3730"}],"wp:attachment":[{"href":"https:\/\/www.zracakoblacak.com\/sl\/wp-json\/wp\/v2\/media?parent=3445"}],"wp:term":[{"taxonomy":"product_brand","embeddable":true,"href":"https:\/\/www.zracakoblacak.com\/sl\/wp-json\/wp\/v2\/product_brand?post=3445"},{"taxonomy":"product_cat","embeddable":true,"href":"https:\/\/www.zracakoblacak.com\/sl\/wp-json\/wp\/v2\/product_cat?post=3445"},{"taxonomy":"product_tag","embeddable":true,"href":"https:\/\/www.zracakoblacak.com\/sl\/wp-json\/wp\/v2\/product_tag?post=3445"}],"curies":[{"name":"wp","href":"https:\/\/api.w.org\/{rel}","templated":true}]}}