{"id":3454,"date":"2020-06-23T18:42:59","date_gmt":"2020-06-23T18:42:59","guid":{"rendered":"https:\/\/www.zracakoblacak.com\/?post_type=product&#038;p=3454"},"modified":"2023-06-05T07:38:39","modified_gmt":"2023-06-05T07:38:39","slug":"you-are-my-magic","status":"publish","type":"product","link":"https:\/\/www.zracakoblacak.com\/sl\/shop\/bocice\/ljubav\/you-are-my-magic\/","title":{"rendered":"You are my magic"},"content":{"rendered":"<h2>Poruka u boci \u2013 &#8222;You are my magic&#8220;<\/h2>\n<h3>Material: steklo<\/h3>\n<h3>Dimenzije: 30 x 70 mm<\/h3>\n<h4>\u017delite va\u0161i ljubljeni osebi povedati, da je posebna? To bi lahko bilo sporo\u010dilo za vas....<\/h4>\n<h4>Ali obstaja kaj lep\u0161ega od tega, da najdete svoje \u010darobno bitje? Mogo\u010de obstaja... Da ste vi nekomu magija...<\/h4>\n<h4>Posebna <a href=\"https:\/\/www.youtube.com\/watch?v=DnkHf069fvA\" target=\"_blank\" rel=\"noopener noreferrer\">pesem<\/a>, vedno lahko da kak\u0161no novo dimenzijo.<\/h4>","protected":false},"excerpt":{"rendered":"<h3>Razveselite va\u0161e najdra\u017eje na originalni na\u010din \u2013 s sporo\u010dilom v stekleni\u010dki!<\/h3>\n<h1>&#8222;You are my magic&#8220;&nbsp;<\/h1>\n<h3>\u017delite va\u0161i ljubljeni osebi povedati, da je posebna? To bi lahko bilo sporo\u010dilo za vas....<\/h3>","protected":false},"featured_media":3731,"comment_status":"open","ping_status":"closed","template":"","meta":{"ngg_post_thumbnail":0},"product_brand":[],"product_cat":[105,88,94,91,92],"product_tag":[],"class_list":{"0":"post-3454","1":"product","2":"type-product","3":"status-publish","4":"has-post-thumbnail","6":"product_cat-bocice","7":"product_cat-ljubav","8":"product_cat-porodica","9":"product_cat-cestitke","10":"product_cat-vencanje","12":"first","13":"instock","14":"shipping-taxable","15":"purchasable","16":"product-type-simple"},"jetpack_sharing_enabled":true,"_links":{"self":[{"href":"https:\/\/www.zracakoblacak.com\/sl\/wp-json\/wp\/v2\/product\/3454","targetHints":{"allow":["GET"]}}],"collection":[{"href":"https:\/\/www.zracakoblacak.com\/sl\/wp-json\/wp\/v2\/product"}],"about":[{"href":"https:\/\/www.zracakoblacak.com\/sl\/wp-json\/wp\/v2\/types\/product"}],"replies":[{"embeddable":true,"href":"https:\/\/www.zracakoblacak.com\/sl\/wp-json\/wp\/v2\/comments?post=3454"}],"wp:featuredmedia":[{"embeddable":true,"href":"https:\/\/www.zracakoblacak.com\/sl\/wp-json\/wp\/v2\/media\/3731"}],"wp:attachment":[{"href":"https:\/\/www.zracakoblacak.com\/sl\/wp-json\/wp\/v2\/media?parent=3454"}],"wp:term":[{"taxonomy":"product_brand","embeddable":true,"href":"https:\/\/www.zracakoblacak.com\/sl\/wp-json\/wp\/v2\/product_brand?post=3454"},{"taxonomy":"product_cat","embeddable":true,"href":"https:\/\/www.zracakoblacak.com\/sl\/wp-json\/wp\/v2\/product_cat?post=3454"},{"taxonomy":"product_tag","embeddable":true,"href":"https:\/\/www.zracakoblacak.com\/sl\/wp-json\/wp\/v2\/product_tag?post=3454"}],"curies":[{"name":"wp","href":"https:\/\/api.w.org\/{rel}","templated":true}]}}