{"id":3517,"date":"2020-07-05T20:01:51","date_gmt":"2020-07-05T20:01:51","guid":{"rendered":"https:\/\/www.zracakoblacak.com\/?post_type=product&#038;p=3517"},"modified":"2022-12-02T20:10:40","modified_gmt":"2022-12-02T20:10:40","slug":"cold-one-for-old-one","status":"publish","type":"product","link":"https:\/\/www.zracakoblacak.com\/sl\/shop\/bocice\/prijateljstvo\/cold-one-for-old-one\/","title":{"rendered":"A cold one for the old one"},"content":{"rendered":"<h2>Poruka u boci \u2013 &#8222;A cold one for the old one&#8220;<\/h2>\n<h3>Material: steklo<\/h3>\n<h3>Dimenzije: 30 x 70 mm<\/h3>\n<h4>\u010ce \u017eelite, da je va\u0161a rojstnodnevna vo\u0161\u010dilnica druga\u010dna in da ne ostane neopa\u017eena v morju klasi\u010dnih vo\u0161\u010dilnic, je sporo\u010dilo v stekleni\u010dki prava izbira za vas.<\/h4>","protected":false},"excerpt":{"rendered":"<h3>Razveselite va\u0161e najdra\u017eje na originalni na\u010din \u2013 s sporo\u010dilom v stekleni\u010dki!<\/h3>\n<h1>&#8222;A cold one for the old one&#8220;<\/h1>\n<h3>\u010ce \u017eelite, da je va\u0161a rojstnodnevna vo\u0161\u010dilnica druga\u010dna in da ne ostane neopa\u017eena v morju klasi\u010dnih vo\u0161\u010dilnic, je sporo\u010dilo v stekleni\u010dki prava izbira za vas.<\/h3>","protected":false},"featured_media":3737,"comment_status":"open","ping_status":"closed","template":"","meta":{"ngg_post_thumbnail":0},"product_brand":[],"product_cat":[105,89,91,90],"product_tag":[],"class_list":{"0":"post-3517","1":"product","2":"type-product","3":"status-publish","4":"has-post-thumbnail","6":"product_cat-bocice","7":"product_cat-prijateljstvo","8":"product_cat-cestitke","9":"product_cat-zabava","11":"first","12":"instock","13":"shipping-taxable","14":"purchasable","15":"product-type-simple"},"jetpack_sharing_enabled":true,"_links":{"self":[{"href":"https:\/\/www.zracakoblacak.com\/sl\/wp-json\/wp\/v2\/product\/3517","targetHints":{"allow":["GET"]}}],"collection":[{"href":"https:\/\/www.zracakoblacak.com\/sl\/wp-json\/wp\/v2\/product"}],"about":[{"href":"https:\/\/www.zracakoblacak.com\/sl\/wp-json\/wp\/v2\/types\/product"}],"replies":[{"embeddable":true,"href":"https:\/\/www.zracakoblacak.com\/sl\/wp-json\/wp\/v2\/comments?post=3517"}],"wp:featuredmedia":[{"embeddable":true,"href":"https:\/\/www.zracakoblacak.com\/sl\/wp-json\/wp\/v2\/media\/3737"}],"wp:attachment":[{"href":"https:\/\/www.zracakoblacak.com\/sl\/wp-json\/wp\/v2\/media?parent=3517"}],"wp:term":[{"taxonomy":"product_brand","embeddable":true,"href":"https:\/\/www.zracakoblacak.com\/sl\/wp-json\/wp\/v2\/product_brand?post=3517"},{"taxonomy":"product_cat","embeddable":true,"href":"https:\/\/www.zracakoblacak.com\/sl\/wp-json\/wp\/v2\/product_cat?post=3517"},{"taxonomy":"product_tag","embeddable":true,"href":"https:\/\/www.zracakoblacak.com\/sl\/wp-json\/wp\/v2\/product_tag?post=3517"}],"curies":[{"name":"wp","href":"https:\/\/api.w.org\/{rel}","templated":true}]}}