{"id":3521,"date":"2020-07-05T21:00:59","date_gmt":"2020-07-05T21:00:59","guid":{"rendered":"https:\/\/www.zracakoblacak.com\/?post_type=product&#038;p=3521"},"modified":"2023-06-05T07:40:18","modified_gmt":"2023-06-05T07:40:18","slug":"wish","status":"publish","type":"product","link":"https:\/\/www.zracakoblacak.com\/sl\/shop\/bocice\/ljubav\/wish\/","title":{"rendered":"Wish"},"content":{"rendered":"<h2>Poruka u boci \u2013 &#8222;Wish&#8220;<\/h2>\n<h3>Material: steklo<\/h3>\n<h3>Dimenzije: 20 x 75 mm<\/h3>\n<h4>Ne postoji osoba koja nema nijednu \u017eelju. Neke \u017eelje su &#8222;velike&#8220; i va\u017ene, neke tajne, a neke &#8222;male&#8220;. Svi \u017eelimo da se nama i na\u0161im dragim ljudima ostvari \u0161to vi\u0161e \u017eelja.<\/h4>\n<h4>\u010ce \u017eelite ustvariti posebno vzdu\u0161je, vam zra\u010dakobla\u010dak ponuja <a href=\"https:\/\/www.youtube.com\/playlist?list=PLml1dq5ygF-Y4aPns3xY5Y0bltMZvJEr0\" target=\"_blank\" rel=\"noopener noreferrer\">izbor pesmi<\/a>.<\/h4>","protected":false},"excerpt":{"rendered":"<h3>Razveselite sebe ali svoje najdra\u017eje na originalni na\u010din \u2013 s sporo\u010dilom v stekleni\u010dki!<\/h3>\n<h1>&#8222;Wish&#8220;<\/h1>\n<h3>Ne postoji osoba koja nema nijednu \u017eelju. Neke \u017eelje su &#8222;velike&#8220; i va\u017ene, neke tajne, a neke &#8222;male&#8220;. Svi \u017eelimo da se nama i na\u0161im dragim ljudima ostvari \u0161to vi\u0161e \u017eelja.<\/h3>\n<h3>\u010ce \u017eelite ustvariti posebno vzdu\u0161je, vam zra\u010dakobla\u010dak ponuja <a href=\"https:\/\/www.youtube.com\/playlist?list=PLml1dq5ygF-Y4aPns3xY5Y0bltMZvJEr0\" target=\"_blank\" rel=\"noopener noreferrer\">izbor pesmi<\/a>.<\/h3>","protected":false},"featured_media":3739,"comment_status":"open","ping_status":"closed","template":"","meta":{"ngg_post_thumbnail":0},"product_brand":[],"product_cat":[105,88,89,94,91,95],"product_tag":[],"class_list":{"0":"post-3521","1":"product","2":"type-product","3":"status-publish","4":"has-post-thumbnail","6":"product_cat-bocice","7":"product_cat-ljubav","8":"product_cat-prijateljstvo","9":"product_cat-porodica","10":"product_cat-cestitke","11":"product_cat-motivacija","13":"first","14":"instock","15":"shipping-taxable","16":"purchasable","17":"product-type-simple"},"jetpack_sharing_enabled":true,"_links":{"self":[{"href":"https:\/\/www.zracakoblacak.com\/sl\/wp-json\/wp\/v2\/product\/3521","targetHints":{"allow":["GET"]}}],"collection":[{"href":"https:\/\/www.zracakoblacak.com\/sl\/wp-json\/wp\/v2\/product"}],"about":[{"href":"https:\/\/www.zracakoblacak.com\/sl\/wp-json\/wp\/v2\/types\/product"}],"replies":[{"embeddable":true,"href":"https:\/\/www.zracakoblacak.com\/sl\/wp-json\/wp\/v2\/comments?post=3521"}],"wp:featuredmedia":[{"embeddable":true,"href":"https:\/\/www.zracakoblacak.com\/sl\/wp-json\/wp\/v2\/media\/3739"}],"wp:attachment":[{"href":"https:\/\/www.zracakoblacak.com\/sl\/wp-json\/wp\/v2\/media?parent=3521"}],"wp:term":[{"taxonomy":"product_brand","embeddable":true,"href":"https:\/\/www.zracakoblacak.com\/sl\/wp-json\/wp\/v2\/product_brand?post=3521"},{"taxonomy":"product_cat","embeddable":true,"href":"https:\/\/www.zracakoblacak.com\/sl\/wp-json\/wp\/v2\/product_cat?post=3521"},{"taxonomy":"product_tag","embeddable":true,"href":"https:\/\/www.zracakoblacak.com\/sl\/wp-json\/wp\/v2\/product_tag?post=3521"}],"curies":[{"name":"wp","href":"https:\/\/api.w.org\/{rel}","templated":true}]}}