{"id":3532,"date":"2020-07-15T12:33:03","date_gmt":"2020-07-15T12:33:03","guid":{"rendered":"https:\/\/www.zracakoblacak.com\/?post_type=product&#038;p=3532"},"modified":"2023-06-05T07:40:26","modified_gmt":"2023-06-05T07:40:26","slug":"mad-but-magic","status":"publish","type":"product","link":"https:\/\/www.zracakoblacak.com\/sl\/shop\/bocice\/ljubav\/mad-but-magic\/","title":{"rendered":"She&#8217;s mad, but she&#8217;s magic"},"content":{"rendered":"<h2>Poruka u boci \u2013 &#8222;She&#8217;s mad, but she&#8217;s magic. There&#8217;s no lie in her fire.&#8220;<\/h2>\n<h3>Material: steklo<\/h3>\n<h3>Dimenzije: 30 x 70 mm<\/h3>\n<h4>Tudi \u010de je \u017eenska nora, svoja, je nekomu magi\u010dna, \u010dudovita. V njeni ljubezni in strasti ni la\u017ei. Vse dela s srcem.<\/h4>\n<h4>&#8222;Zaljubi\u0107e\u0161 se u lice, o\u010di, telo. Nije to toliko opasno, koliko je kada se zaljubi\u0161 u osmeh, pokret, hod. Onda to postaje magija, a magija se voli.&#8220; &#8211; \u010c. B.&nbsp;<\/h4>","protected":false},"excerpt":{"rendered":"<h3>Razveselite sebe ali svoje najdra\u017eje na originalni na\u010din \u2013 s sporo\u010dilom v stekleni\u010dki!<\/h3>\n<h1>&#8222;She&#8217;s mad, but she&#8217;s magic. There&#8217;s no lie in her fire.&#8220; &#8211; Charles Bukowski<\/h1>\n<h3>Tudi \u010de je \u017eenska nora, svoja, je nekomu magi\u010dna, \u010dudovita. V njeni ljubezni in strasti ni la\u017ei. Vse dela s srcem.<\/h3>","protected":false},"featured_media":3740,"comment_status":"open","ping_status":"closed","template":"","meta":{"ngg_post_thumbnail":0},"product_brand":[],"product_cat":[105,88,89,91],"product_tag":[],"class_list":{"0":"post-3532","1":"product","2":"type-product","3":"status-publish","4":"has-post-thumbnail","6":"product_cat-bocice","7":"product_cat-ljubav","8":"product_cat-prijateljstvo","9":"product_cat-cestitke","11":"first","12":"instock","13":"shipping-taxable","14":"purchasable","15":"product-type-simple"},"jetpack_sharing_enabled":true,"_links":{"self":[{"href":"https:\/\/www.zracakoblacak.com\/sl\/wp-json\/wp\/v2\/product\/3532","targetHints":{"allow":["GET"]}}],"collection":[{"href":"https:\/\/www.zracakoblacak.com\/sl\/wp-json\/wp\/v2\/product"}],"about":[{"href":"https:\/\/www.zracakoblacak.com\/sl\/wp-json\/wp\/v2\/types\/product"}],"replies":[{"embeddable":true,"href":"https:\/\/www.zracakoblacak.com\/sl\/wp-json\/wp\/v2\/comments?post=3532"}],"wp:featuredmedia":[{"embeddable":true,"href":"https:\/\/www.zracakoblacak.com\/sl\/wp-json\/wp\/v2\/media\/3740"}],"wp:attachment":[{"href":"https:\/\/www.zracakoblacak.com\/sl\/wp-json\/wp\/v2\/media?parent=3532"}],"wp:term":[{"taxonomy":"product_brand","embeddable":true,"href":"https:\/\/www.zracakoblacak.com\/sl\/wp-json\/wp\/v2\/product_brand?post=3532"},{"taxonomy":"product_cat","embeddable":true,"href":"https:\/\/www.zracakoblacak.com\/sl\/wp-json\/wp\/v2\/product_cat?post=3532"},{"taxonomy":"product_tag","embeddable":true,"href":"https:\/\/www.zracakoblacak.com\/sl\/wp-json\/wp\/v2\/product_tag?post=3532"}],"curies":[{"name":"wp","href":"https:\/\/api.w.org\/{rel}","templated":true}]}}