{"id":3542,"date":"2020-07-15T17:54:45","date_gmt":"2020-07-15T17:54:45","guid":{"rendered":"https:\/\/www.zracakoblacak.com\/?post_type=product&#038;p=3542"},"modified":"2023-06-05T07:41:22","modified_gmt":"2023-06-05T07:41:22","slug":"bee-mine","status":"publish","type":"product","link":"https:\/\/www.zracakoblacak.com\/sl\/shop\/bocice\/ljubav\/bee-mine\/","title":{"rendered":"Bee mine"},"content":{"rendered":"<h2>Poruka u boci \u2013 &#8222;Bee mine&#8220;<\/h2>\n<h3>Material: steklo<\/h3>\n<h3>Dimenzije: 30 x 70 mm<\/h3>\n<h4>Ena nenavadna ideja za izjavljanje ljubezni. Simpati\u010dno sporo\u010dilo za vse zaljubljene.<\/h4>","protected":false},"excerpt":{"rendered":"<h3>Razveselite va\u0161e najdra\u017eje na originalni na\u010din \u2013 s sporo\u010dilom v stekleni\u010dki!<\/h3>\n<h1>&#8222;Bee mine&#8220;<\/h1>\n<h3>Ena nenavadna ideja za izjavljanje ljubezni. Simpati\u010dno sporo\u010dilo za vse zaljubljene.<\/h3>","protected":false},"featured_media":3745,"comment_status":"open","ping_status":"closed","template":"","meta":{"ngg_post_thumbnail":0},"product_brand":[],"product_cat":[105,88,91,90],"product_tag":[],"class_list":{"0":"post-3542","1":"product","2":"type-product","3":"status-publish","4":"has-post-thumbnail","6":"product_cat-bocice","7":"product_cat-ljubav","8":"product_cat-cestitke","9":"product_cat-zabava","11":"first","12":"instock","13":"shipping-taxable","14":"purchasable","15":"product-type-simple"},"jetpack_sharing_enabled":true,"_links":{"self":[{"href":"https:\/\/www.zracakoblacak.com\/sl\/wp-json\/wp\/v2\/product\/3542","targetHints":{"allow":["GET"]}}],"collection":[{"href":"https:\/\/www.zracakoblacak.com\/sl\/wp-json\/wp\/v2\/product"}],"about":[{"href":"https:\/\/www.zracakoblacak.com\/sl\/wp-json\/wp\/v2\/types\/product"}],"replies":[{"embeddable":true,"href":"https:\/\/www.zracakoblacak.com\/sl\/wp-json\/wp\/v2\/comments?post=3542"}],"wp:featuredmedia":[{"embeddable":true,"href":"https:\/\/www.zracakoblacak.com\/sl\/wp-json\/wp\/v2\/media\/3745"}],"wp:attachment":[{"href":"https:\/\/www.zracakoblacak.com\/sl\/wp-json\/wp\/v2\/media?parent=3542"}],"wp:term":[{"taxonomy":"product_brand","embeddable":true,"href":"https:\/\/www.zracakoblacak.com\/sl\/wp-json\/wp\/v2\/product_brand?post=3542"},{"taxonomy":"product_cat","embeddable":true,"href":"https:\/\/www.zracakoblacak.com\/sl\/wp-json\/wp\/v2\/product_cat?post=3542"},{"taxonomy":"product_tag","embeddable":true,"href":"https:\/\/www.zracakoblacak.com\/sl\/wp-json\/wp\/v2\/product_tag?post=3542"}],"curies":[{"name":"wp","href":"https:\/\/api.w.org\/{rel}","templated":true}]}}